{"id":21081,"date":"2024-11-12T11:05:47","date_gmt":"2024-11-12T10:05:47","guid":{"rendered":"https:\/\/vitalstoffversand.com\/produkt\/gen-tribulus-max-180-kapsulek\/"},"modified":"2026-03-11T14:06:45","modified_gmt":"2026-03-11T13:06:45","slug":"gen-tribulus-max-180-kapsulek","status":"publish","type":"product","link":"https:\/\/vitalstoffversand.com\/pl\/produkt-pl\/gen-tribulus-max-180-kapsulek\/","title":{"rendered":"GEN <br>Tribulus Max &#8211; 180 kapsu\u0142ek"},"content":{"rendered":"<p>Tribulus Terrestris charakteryzuje si\u0119 wysok\u0105 zawarto\u015bci\u0105 saponin, kt\u00f3re obejmuj\u0105 glikolizowane steroidy, alkaloidy steroidowe i triterpeny.<\/p>\n<p>Produkt dostarcza maksymalnie 95% saponin, kt\u00f3re mog\u0105 wspiera\u0107 zar\u00f3wno sportowc\u00f3w, jak i og\u00f3lnie aktywnych m\u0119\u017cczyzn.<\/p>\n<ul>\n<li>Wegan<\/li>\n<li>Bez glutenu<\/li>\n<li>Bez laktozy<\/li>\n<li>Bez GMO<\/li>\n<li>Wyprodukowane zgodnie z surowymi normami jako\u015bci UE<\/li>\n<\/ul>\n","protected":false},"excerpt":{"rendered":"<p>Tribulus Terrestris charakteryzuje si\u0119 wysok\u0105 zawarto\u015bci\u0105 saponin, kt\u00f3re obejmuj\u0105 glikolizowane steroidy, alkaloidy steroidowe i triterpeny. Produkt dostarcza maksymalnie 95% saponin, kt\u00f3re mog\u0105 wspiera\u0107 zar\u00f3wno sportowc\u00f3w, jak i og\u00f3lnie aktywnych m\u0119\u017cczyzn. Wegan Bez glutenu Bez laktozy Bez GMO Wyprodukowane zgodnie z surowymi normami jako\u015bci UE<\/p>\n","protected":false},"featured_media":44068,"template":"","meta":{"_acf_changed":false},"product_brand":[10199],"product_cat":[561,569],"product_tag":[],"class_list":{"0":"post-21081","1":"product","2":"type-product","3":"status-publish","4":"has-post-thumbnail","6":"product_brand-gen-german-elite-nutrition-pl","7":"product_cat-suplementy-sportowe","8":"product_cat-produkty-od-a-z","10":"first","11":"instock","12":"taxable","13":"shipping-taxable","14":"purchasable","15":"product-type-simple"},"acf":[],"_links":{"self":[{"href":"https:\/\/vitalstoffversand.com\/pl\/wp-json\/wp\/v2\/product\/21081","targetHints":{"allow":["GET"]}}],"collection":[{"href":"https:\/\/vitalstoffversand.com\/pl\/wp-json\/wp\/v2\/product"}],"about":[{"href":"https:\/\/vitalstoffversand.com\/pl\/wp-json\/wp\/v2\/types\/product"}],"wp:featuredmedia":[{"embeddable":true,"href":"https:\/\/vitalstoffversand.com\/pl\/wp-json\/wp\/v2\/media\/44068"}],"wp:attachment":[{"href":"https:\/\/vitalstoffversand.com\/pl\/wp-json\/wp\/v2\/media?parent=21081"}],"wp:term":[{"taxonomy":"product_brand","embeddable":true,"href":"https:\/\/vitalstoffversand.com\/pl\/wp-json\/wp\/v2\/product_brand?post=21081"},{"taxonomy":"product_cat","embeddable":true,"href":"https:\/\/vitalstoffversand.com\/pl\/wp-json\/wp\/v2\/product_cat?post=21081"},{"taxonomy":"product_tag","embeddable":true,"href":"https:\/\/vitalstoffversand.com\/pl\/wp-json\/wp\/v2\/product_tag?post=21081"}],"curies":[{"name":"wp","href":"https:\/\/api.w.org\/{rel}","templated":true}]}}