{"id":21035,"date":"2024-11-12T11:04:15","date_gmt":"2024-11-12T10:04:15","guid":{"rendered":"https:\/\/vitalstoffversand.com\/produkt\/gen-joint-essentials-180-tabletek\/"},"modified":"2026-03-11T14:05:27","modified_gmt":"2026-03-11T13:05:27","slug":"gen-joint-essentials-180-tabletek","status":"publish","type":"product","link":"https:\/\/vitalstoffversand.com\/pl\/produkt-pl\/gen-joint-essentials-180-tabletek\/","title":{"rendered":"GEN <br>Joint Essentials &#8211; 180 tabletek"},"content":{"rendered":"<p>Joint Essentials to preparat zawieraj\u0105cy 8 naturalnych sk\u0142adnik\u00f3w w wysokich dawkach, kt\u00f3re wspomagaj\u0105 stawy.<\/p>\n<p>Kapsu\u0142ki zawieraj\u0105 glukozamin\u0119, chondroityn\u0119, MSM, Cissus Quadrangularis, kadzid\u0142o, kwas hialuronowy, kolagen i witamin\u0119 C.<\/p>\n<ul>\n<li>Bez glutenu<\/li>\n<li>Bez laktozy<\/li>\n<li>Bez GMO<\/li>\n<li>Wyprodukowane zgodnie z surowymi normami jako\u015bci UE<\/li>\n<\/ul>\n","protected":false},"excerpt":{"rendered":"<p>Joint Essentials to preparat zawieraj\u0105cy 8 naturalnych sk\u0142adnik\u00f3w w wysokich dawkach, kt\u00f3re wspomagaj\u0105 stawy. Kapsu\u0142ki zawieraj\u0105 glukozamin\u0119, chondroityn\u0119, MSM, Cissus Quadrangularis, kadzid\u0142o, kwas hialuronowy, kolagen i witamin\u0119 C. Bez glutenu Bez laktozy Bez GMO Wyprodukowane zgodnie z surowymi normami jako\u015bci UE<\/p>\n","protected":false},"featured_media":49206,"template":"","meta":{"_acf_changed":false},"product_brand":[10199],"product_cat":[560,569],"product_tag":[],"class_list":{"0":"post-21035","1":"product","2":"type-product","3":"status-publish","4":"has-post-thumbnail","6":"product_brand-gen-german-elite-nutrition-pl","7":"product_cat-skladniki-odzywcze","8":"product_cat-produkty-od-a-z","10":"first","11":"instock","12":"taxable","13":"shipping-taxable","14":"purchasable","15":"product-type-simple"},"acf":[],"_links":{"self":[{"href":"https:\/\/vitalstoffversand.com\/pl\/wp-json\/wp\/v2\/product\/21035","targetHints":{"allow":["GET"]}}],"collection":[{"href":"https:\/\/vitalstoffversand.com\/pl\/wp-json\/wp\/v2\/product"}],"about":[{"href":"https:\/\/vitalstoffversand.com\/pl\/wp-json\/wp\/v2\/types\/product"}],"wp:featuredmedia":[{"embeddable":true,"href":"https:\/\/vitalstoffversand.com\/pl\/wp-json\/wp\/v2\/media\/49206"}],"wp:attachment":[{"href":"https:\/\/vitalstoffversand.com\/pl\/wp-json\/wp\/v2\/media?parent=21035"}],"wp:term":[{"taxonomy":"product_brand","embeddable":true,"href":"https:\/\/vitalstoffversand.com\/pl\/wp-json\/wp\/v2\/product_brand?post=21035"},{"taxonomy":"product_cat","embeddable":true,"href":"https:\/\/vitalstoffversand.com\/pl\/wp-json\/wp\/v2\/product_cat?post=21035"},{"taxonomy":"product_tag","embeddable":true,"href":"https:\/\/vitalstoffversand.com\/pl\/wp-json\/wp\/v2\/product_tag?post=21035"}],"curies":[{"name":"wp","href":"https:\/\/api.w.org\/{rel}","templated":true}]}}