{"id":21013,"date":"2024-11-11T19:29:09","date_gmt":"2024-11-11T18:29:09","guid":{"rendered":"https:\/\/vitalstoffversand.com\/produkt\/gen-acetyl-l-karnityna-250-kapsulek\/"},"modified":"2026-03-11T14:01:21","modified_gmt":"2026-03-11T13:01:21","slug":"gen-acetyl-l-karnityna-250-kapsulek","status":"publish","type":"product","link":"https:\/\/vitalstoffversand.com\/pl\/produkt-pl\/gen-acetyl-l-karnityna-250-kapsulek\/","title":{"rendered":"GEN <br>Acetyl L-karnityna &#8211; 250 kapsu\u0142ek"},"content":{"rendered":"<p>Acetylo L-karnityna jest podobna do aminokwasu L-karnityny.<\/p>\n<p>W\u0142a\u015bciwo\u015bci acetylo-L-karnityny obejmuj\u0105 metabolizowanie \u017cywno\u015bci i przekszta\u0142canie jej w energi\u0119. W por\u00f3wnaniu z L-karnityn\u0105, acetylo-L-karnityna mo\u017ce by\u0107 szybciej i skuteczniej wch\u0142aniana przez kom\u00f3rki, a tym samym efektywniej wykorzystywana przez organizm.<\/p>\n<ul>\n<li>Wegan<\/li>\n<li>Bez glutenu<\/li>\n<li>Bez laktozy<\/li>\n<li>Bez GMO<\/li>\n<li>Wyprodukowane zgodnie z surowymi normami jako\u015bci UE<\/li>\n<\/ul>\n","protected":false},"excerpt":{"rendered":"<p>Acetylo L-karnityna jest podobna do aminokwasu L-karnityny. W\u0142a\u015bciwo\u015bci acetylo-L-karnityny obejmuj\u0105 metabolizowanie \u017cywno\u015bci i przekszta\u0142canie jej w energi\u0119. W por\u00f3wnaniu z L-karnityn\u0105, acetylo-L-karnityna mo\u017ce by\u0107 szybciej i skuteczniej wch\u0142aniana przez kom\u00f3rki, a tym samym efektywniej wykorzystywana przez organizm. Wegan Bez glutenu Bez laktozy Bez GMO Wyprodukowane zgodnie z surowymi normami jako\u015bci UE<\/p>\n","protected":false},"featured_media":43900,"template":"","meta":{"_acf_changed":false},"product_brand":[10199],"product_cat":[560,569],"product_tag":[],"class_list":{"0":"post-21013","1":"product","2":"type-product","3":"status-publish","4":"has-post-thumbnail","6":"product_brand-gen-german-elite-nutrition-pl","7":"product_cat-skladniki-odzywcze","8":"product_cat-produkty-od-a-z","10":"first","11":"instock","12":"taxable","13":"shipping-taxable","14":"purchasable","15":"product-type-simple"},"acf":[],"_links":{"self":[{"href":"https:\/\/vitalstoffversand.com\/pl\/wp-json\/wp\/v2\/product\/21013","targetHints":{"allow":["GET"]}}],"collection":[{"href":"https:\/\/vitalstoffversand.com\/pl\/wp-json\/wp\/v2\/product"}],"about":[{"href":"https:\/\/vitalstoffversand.com\/pl\/wp-json\/wp\/v2\/types\/product"}],"wp:featuredmedia":[{"embeddable":true,"href":"https:\/\/vitalstoffversand.com\/pl\/wp-json\/wp\/v2\/media\/43900"}],"wp:attachment":[{"href":"https:\/\/vitalstoffversand.com\/pl\/wp-json\/wp\/v2\/media?parent=21013"}],"wp:term":[{"taxonomy":"product_brand","embeddable":true,"href":"https:\/\/vitalstoffversand.com\/pl\/wp-json\/wp\/v2\/product_brand?post=21013"},{"taxonomy":"product_cat","embeddable":true,"href":"https:\/\/vitalstoffversand.com\/pl\/wp-json\/wp\/v2\/product_cat?post=21013"},{"taxonomy":"product_tag","embeddable":true,"href":"https:\/\/vitalstoffversand.com\/pl\/wp-json\/wp\/v2\/product_tag?post=21013"}],"curies":[{"name":"wp","href":"https:\/\/api.w.org\/{rel}","templated":true}]}}