{"id":20990,"date":"2025-02-22T16:23:31","date_gmt":"2025-02-22T15:23:31","guid":{"rendered":"https:\/\/vitalstoffversand.com\/?post_type=product&#038;p=20990"},"modified":"2026-03-11T13:34:43","modified_gmt":"2026-03-11T12:34:43","slug":"premium-zeolit-w-proszku-1000-g","status":"publish","type":"product","link":"https:\/\/vitalstoffversand.com\/pl\/produkt-pl\/premium-zeolit-w-proszku-1000-g\/","title":{"rendered":"Bonemis <br>Premium zeolit w proszku &#8211; 1000 g"},"content":{"rendered":"<p>Najwy\u017csza jako\u015b\u0107 z <strong>obszar\u00f3w wydobycia w Niemczech<\/strong>.<\/p>\n<p>Mikrodrobny zeolit klinoptylolitowy o wielko\u015bci cz\u0105stek 10-50 \u00b5m, z czego 50 procent w zakresie 10-20 \u00b5m.<\/p>\n<p>Zeolit klinoptylolitowy sk\u0142ada si\u0119 z naturalnych minera\u0142\u00f3w wulkanicznych i ma bardzo dobre w\u0142a\u015bciwo\u015bci z zawarto\u015bci\u0105 klinoptylolitu wynosz\u0105c\u0105 93%, zawarto\u015bci\u0105 krzemu 72% i tylko 11,9% tlenku glinu.<\/p>\n<p>Proszek jest r\u00f3wnie\u017c wolny od potencjalnie krytycznych nanocz\u0105stek.<\/p>\n<ul>\n<li><strong><span style=\"color: #ff0000;\">Zeolit klinoptylolitowy nie jest zatwierdzony jako suplement diety w UE.<\/span><\/strong><\/li>\n<li><strong><span style=\"color: #ff0000;\">Dopuszczony jako dodatek technologiczny w paszach zgodnie z rozporz\u0105dzeniem wykonawczym (UE) nr 651\/2013.<\/span><\/strong><\/li>\n<\/ul>\n","protected":false},"excerpt":{"rendered":"<p>Najwy\u017csza jako\u015b\u0107 z obszar\u00f3w wydobycia w Niemczech. Mikrodrobny zeolit klinoptylolitowy o wielko\u015bci cz\u0105stek 10-50 \u00b5m, z czego 50 procent w zakresie 10-20 \u00b5m. Zeolit klinoptylolitowy sk\u0142ada si\u0119 z naturalnych minera\u0142\u00f3w wulkanicznych i ma bardzo dobre w\u0142a\u015bciwo\u015bci z zawarto\u015bci\u0105 klinoptylolitu wynosz\u0105c\u0105 93%, zawarto\u015bci\u0105 krzemu 72% i tylko 11,9% tlenku glinu. Proszek jest r\u00f3wnie\u017c wolny od potencjalnie [&hellip;]<\/p>\n","protected":false},"featured_media":62728,"template":"","meta":{"_acf_changed":false},"product_brand":[10234],"product_cat":[569],"product_tag":[],"class_list":{"0":"post-20990","1":"product","2":"type-product","3":"status-publish","4":"has-post-thumbnail","6":"product_brand-bonemis-pl","7":"product_cat-produkty-od-a-z","9":"first","10":"instock","11":"taxable","12":"shipping-taxable","13":"purchasable","14":"product-type-simple"},"acf":[],"_links":{"self":[{"href":"https:\/\/vitalstoffversand.com\/pl\/wp-json\/wp\/v2\/product\/20990","targetHints":{"allow":["GET"]}}],"collection":[{"href":"https:\/\/vitalstoffversand.com\/pl\/wp-json\/wp\/v2\/product"}],"about":[{"href":"https:\/\/vitalstoffversand.com\/pl\/wp-json\/wp\/v2\/types\/product"}],"wp:featuredmedia":[{"embeddable":true,"href":"https:\/\/vitalstoffversand.com\/pl\/wp-json\/wp\/v2\/media\/62728"}],"wp:attachment":[{"href":"https:\/\/vitalstoffversand.com\/pl\/wp-json\/wp\/v2\/media?parent=20990"}],"wp:term":[{"taxonomy":"product_brand","embeddable":true,"href":"https:\/\/vitalstoffversand.com\/pl\/wp-json\/wp\/v2\/product_brand?post=20990"},{"taxonomy":"product_cat","embeddable":true,"href":"https:\/\/vitalstoffversand.com\/pl\/wp-json\/wp\/v2\/product_cat?post=20990"},{"taxonomy":"product_tag","embeddable":true,"href":"https:\/\/vitalstoffversand.com\/pl\/wp-json\/wp\/v2\/product_tag?post=20990"}],"curies":[{"name":"wp","href":"https:\/\/api.w.org\/{rel}","templated":true}]}}