{"id":20499,"date":"2024-10-30T16:23:34","date_gmt":"2024-10-30T15:23:34","guid":{"rendered":"https:\/\/vitalstoffversand.com\/produkt\/vit4ever-ekstrakt-z-palmy-sabalowej-saw-palmetto-180-kapsulek\/"},"modified":"2026-03-12T15:26:26","modified_gmt":"2026-03-12T14:26:26","slug":"vit4ever-ekstrakt-z-palmy-sabalowej-saw-palmetto-180-kapsulek","status":"publish","type":"product","link":"https:\/\/vitalstoffversand.com\/pl\/produkt-pl\/vit4ever-ekstrakt-z-palmy-sabalowej-saw-palmetto-180-kapsulek\/","title":{"rendered":"Vit4ever <br>Ekstrakt z palmy saba\u0142owej &#8211; 180 kapsu\u0142ek"},"content":{"rendered":"<p>Owoce palmy saba\u0142owej (Serenoa repens) s\u0105 bogate w fitosterole i kwasy t\u0142uszczowe i s\u0105 stosowane w medycynie do leczenia \u0142agodnego przerostu gruczo\u0142u krokowego u m\u0119\u017cczyzn.<\/p>\n<p>Cz\u0119sto propagowane efekty, np. przeciwko rakowi prostaty, wypadaniu w\u0142os\u00f3w itp. s\u0105 ca\u0142kiem mo\u017cliwe, ale nie s\u0105 wystarczaj\u0105co udowodnione.<\/p>\n<ul>\n<li>Wegan<\/li>\n<li>Bez glutenu<\/li>\n<li>Bez laktozy<\/li>\n<li>Bez GMO<\/li>\n<li>Wyprodukowane zgodnie z surowymi normami jako\u015bci UE<\/li>\n<\/ul>\n","protected":false},"excerpt":{"rendered":"<p>Owoce palmy saba\u0142owej (Serenoa repens) s\u0105 bogate w fitosterole i kwasy t\u0142uszczowe i s\u0105 stosowane w medycynie do leczenia \u0142agodnego przerostu gruczo\u0142u krokowego u m\u0119\u017cczyzn. Cz\u0119sto propagowane efekty, np. przeciwko rakowi prostaty, wypadaniu w\u0142os\u00f3w itp. s\u0105 ca\u0142kiem mo\u017cliwe, ale nie s\u0105 wystarczaj\u0105co udowodnione. Wegan Bez glutenu Bez laktozy Bez GMO Wyprodukowane zgodnie z surowymi normami [&hellip;]<\/p>\n","protected":false},"featured_media":49542,"template":"","meta":{"_acf_changed":false},"product_brand":[10220],"product_cat":[560,569],"product_tag":[],"class_list":{"0":"post-20499","1":"product","2":"type-product","3":"status-publish","4":"has-post-thumbnail","6":"product_brand-vit4ever-pl","7":"product_cat-skladniki-odzywcze","8":"product_cat-produkty-od-a-z","10":"first","11":"instock","12":"taxable","13":"shipping-taxable","14":"purchasable","15":"product-type-simple"},"acf":[],"_links":{"self":[{"href":"https:\/\/vitalstoffversand.com\/pl\/wp-json\/wp\/v2\/product\/20499","targetHints":{"allow":["GET"]}}],"collection":[{"href":"https:\/\/vitalstoffversand.com\/pl\/wp-json\/wp\/v2\/product"}],"about":[{"href":"https:\/\/vitalstoffversand.com\/pl\/wp-json\/wp\/v2\/types\/product"}],"wp:featuredmedia":[{"embeddable":true,"href":"https:\/\/vitalstoffversand.com\/pl\/wp-json\/wp\/v2\/media\/49542"}],"wp:attachment":[{"href":"https:\/\/vitalstoffversand.com\/pl\/wp-json\/wp\/v2\/media?parent=20499"}],"wp:term":[{"taxonomy":"product_brand","embeddable":true,"href":"https:\/\/vitalstoffversand.com\/pl\/wp-json\/wp\/v2\/product_brand?post=20499"},{"taxonomy":"product_cat","embeddable":true,"href":"https:\/\/vitalstoffversand.com\/pl\/wp-json\/wp\/v2\/product_cat?post=20499"},{"taxonomy":"product_tag","embeddable":true,"href":"https:\/\/vitalstoffversand.com\/pl\/wp-json\/wp\/v2\/product_tag?post=20499"}],"curies":[{"name":"wp","href":"https:\/\/api.w.org\/{rel}","templated":true}]}}