{"id":20494,"date":"2024-10-30T15:19:50","date_gmt":"2024-10-30T14:19:50","guid":{"rendered":"https:\/\/vitalstoffversand.com\/produkt\/vit4ever-witamina-c-1000-mg-365-tabletek\/"},"modified":"2026-03-12T15:22:37","modified_gmt":"2026-03-12T14:22:37","slug":"vit4ever-witamina-c-1000-mg-365-tabletek","status":"publish","type":"product","link":"https:\/\/vitalstoffversand.com\/pl\/produkt-pl\/vit4ever-witamina-c-1000-mg-365-tabletek\/","title":{"rendered":"Vit4ever <br>Witamina C 1000 mg &#8211; 365 tabletek"},"content":{"rendered":"<p>Witamina C to bardzo wszechstronna i niezwykle wa\u017cna witamina, znana r\u00f3wnie\u017c jako kwas askorbinowy.<\/p>\n<p>Poniewa\u017c <a href=\"https:\/\/vitalstoffversand.com\/knowledge-base\/vitamin-c\/\" target=\"_blank\" rel=\"noopener\"><strong><span style=\"color: #0000ff;\">\u2192 witamina C<\/span><\/strong><\/a> jest rozpuszczalna w wodzie i nie mo\u017ce by\u0107 wytwarzana przez sam organizm, musi by\u0107 stale dostarczana do organizmu.<\/p>\n<p>Ze wzgl\u0119du na specjaln\u0105 kompozycj\u0119 sk\u0142adnik\u00f3w, witamina C w tym produkcie jest uwalniana z op\u00f3\u017anieniem, dzi\u0119ki czemu organizm jest zaopatrywany w ni\u0105 przez kilka godzin.<\/p>\n<ul>\n<li>Wegan<\/li>\n<li>Bez glutenu<\/li>\n<li>Bez laktozy<\/li>\n<li>Bez GMO<\/li>\n<li>Wyprodukowane zgodnie z surowymi normami jako\u015bci UE<\/li>\n<\/ul>\n","protected":false},"excerpt":{"rendered":"<p>Witamina C to bardzo wszechstronna i niezwykle wa\u017cna witamina, znana r\u00f3wnie\u017c jako kwas askorbinowy. Poniewa\u017c \u2192 witamina C jest rozpuszczalna w wodzie i nie mo\u017ce by\u0107 wytwarzana przez sam organizm, musi by\u0107 stale dostarczana do organizmu. Ze wzgl\u0119du na specjaln\u0105 kompozycj\u0119 sk\u0142adnik\u00f3w, witamina C w tym produkcie jest uwalniana z op\u00f3\u017anieniem, dzi\u0119ki czemu organizm jest [&hellip;]<\/p>\n","protected":false},"featured_media":49502,"template":"","meta":{"_acf_changed":false},"product_brand":[10220],"product_cat":[564,569],"product_tag":[],"class_list":{"0":"post-20494","1":"product","2":"type-product","3":"status-publish","4":"has-post-thumbnail","6":"product_brand-vit4ever-pl","7":"product_cat-witaminy","8":"product_cat-produkty-od-a-z","10":"first","11":"instock","12":"taxable","13":"shipping-taxable","14":"purchasable","15":"product-type-simple"},"acf":[],"_links":{"self":[{"href":"https:\/\/vitalstoffversand.com\/pl\/wp-json\/wp\/v2\/product\/20494","targetHints":{"allow":["GET"]}}],"collection":[{"href":"https:\/\/vitalstoffversand.com\/pl\/wp-json\/wp\/v2\/product"}],"about":[{"href":"https:\/\/vitalstoffversand.com\/pl\/wp-json\/wp\/v2\/types\/product"}],"wp:featuredmedia":[{"embeddable":true,"href":"https:\/\/vitalstoffversand.com\/pl\/wp-json\/wp\/v2\/media\/49502"}],"wp:attachment":[{"href":"https:\/\/vitalstoffversand.com\/pl\/wp-json\/wp\/v2\/media?parent=20494"}],"wp:term":[{"taxonomy":"product_brand","embeddable":true,"href":"https:\/\/vitalstoffversand.com\/pl\/wp-json\/wp\/v2\/product_brand?post=20494"},{"taxonomy":"product_cat","embeddable":true,"href":"https:\/\/vitalstoffversand.com\/pl\/wp-json\/wp\/v2\/product_cat?post=20494"},{"taxonomy":"product_tag","embeddable":true,"href":"https:\/\/vitalstoffversand.com\/pl\/wp-json\/wp\/v2\/product_tag?post=20494"}],"curies":[{"name":"wp","href":"https:\/\/api.w.org\/{rel}","templated":true}]}}