{"id":20479,"date":"2025-01-08T15:55:59","date_gmt":"2025-01-08T14:55:59","guid":{"rendered":"https:\/\/vitalstoffversand.com\/produkt\/vit4ever-betaina-w-proszku-150-g\/"},"modified":"2026-03-16T15:56:36","modified_gmt":"2026-03-16T14:56:36","slug":"vit4ever-betaina-w-proszku-150-g","status":"publish","type":"product","link":"https:\/\/vitalstoffversand.com\/pl\/produkt-pl\/vit4ever-betaina-w-proszku-150-g\/","title":{"rendered":"Vit4ever <br>Betaina TMG w proszku \u2013 150 g"},"content":{"rendered":"<div id=\"tab-description\" class=\"woocommerce-Tabs-panel woocommerce-Tabs-panel--description panel entry-content wc-tab\" role=\"tabpanel\" aria-labelledby=\"tab-title-description\">Betaina jest osmolitem, kt\u00f3ry mo\u017ce regulowa\u0107 r\u00f3wnowag\u0119 p\u0142yn\u00f3w w kom\u00f3rkach.<\/div>\n<div role=\"tabpanel\" aria-labelledby=\"tab-title-description\"><\/div>\n<div role=\"tabpanel\" aria-labelledby=\"tab-title-description\">Produkt w postaci proszku mo\u017cna \u0142atwo wymiesza\u0107 z p\u0142ynem i jest dobr\u0105 alternatyw\u0105 dla os\u00f3b, kt\u00f3re nie mog\u0105 lub nie chc\u0105 przyjmowa\u0107 kapsu\u0142ek.<\/div>\n<div role=\"tabpanel\" aria-labelledby=\"tab-title-description\"><\/div>\n<div class=\"woocommerce-Tabs-panel woocommerce-Tabs-panel--description panel entry-content wc-tab\" role=\"tabpanel\" aria-labelledby=\"tab-title-description\">\n<ul>\n<li>Wegan<\/li>\n<li>Bez glutenu<\/li>\n<li>Bez laktozy<\/li>\n<li>Bez GMO<\/li>\n<li>Wyprodukowane zgodnie z surowymi normami jako\u015bci UE<\/li>\n<\/ul>\n<\/div>\n","protected":false},"excerpt":{"rendered":"<p>Betaina jest osmolitem, kt\u00f3ry mo\u017ce regulowa\u0107 r\u00f3wnowag\u0119 p\u0142yn\u00f3w w kom\u00f3rkach. Produkt w postaci proszku mo\u017cna \u0142atwo wymiesza\u0107 z p\u0142ynem i jest dobr\u0105 alternatyw\u0105 dla os\u00f3b, kt\u00f3re nie mog\u0105 lub nie chc\u0105 przyjmowa\u0107 kapsu\u0142ek. Wegan Bez glutenu Bez laktozy Bez GMO Wyprodukowane zgodnie z surowymi normami jako\u015bci UE<\/p>\n","protected":false},"featured_media":56601,"template":"","meta":{"_acf_changed":false},"product_brand":[10220],"product_cat":[560,569],"product_tag":[],"class_list":{"0":"post-20479","1":"product","2":"type-product","3":"status-publish","4":"has-post-thumbnail","6":"product_brand-vit4ever-pl","7":"product_cat-skladniki-odzywcze","8":"product_cat-produkty-od-a-z","10":"first","11":"instock","12":"taxable","13":"shipping-taxable","14":"purchasable","15":"product-type-simple"},"acf":[],"_links":{"self":[{"href":"https:\/\/vitalstoffversand.com\/pl\/wp-json\/wp\/v2\/product\/20479","targetHints":{"allow":["GET"]}}],"collection":[{"href":"https:\/\/vitalstoffversand.com\/pl\/wp-json\/wp\/v2\/product"}],"about":[{"href":"https:\/\/vitalstoffversand.com\/pl\/wp-json\/wp\/v2\/types\/product"}],"wp:featuredmedia":[{"embeddable":true,"href":"https:\/\/vitalstoffversand.com\/pl\/wp-json\/wp\/v2\/media\/56601"}],"wp:attachment":[{"href":"https:\/\/vitalstoffversand.com\/pl\/wp-json\/wp\/v2\/media?parent=20479"}],"wp:term":[{"taxonomy":"product_brand","embeddable":true,"href":"https:\/\/vitalstoffversand.com\/pl\/wp-json\/wp\/v2\/product_brand?post=20479"},{"taxonomy":"product_cat","embeddable":true,"href":"https:\/\/vitalstoffversand.com\/pl\/wp-json\/wp\/v2\/product_cat?post=20479"},{"taxonomy":"product_tag","embeddable":true,"href":"https:\/\/vitalstoffversand.com\/pl\/wp-json\/wp\/v2\/product_tag?post=20479"}],"curies":[{"name":"wp","href":"https:\/\/api.w.org\/{rel}","templated":true}]}}