{"id":20464,"date":"2024-11-12T14:52:35","date_gmt":"2024-11-12T13:52:35","guid":{"rendered":"https:\/\/vitalstoffversand.com\/produkt\/gen-premium-shaker-700-ml\/"},"modified":"2026-03-12T12:22:54","modified_gmt":"2026-03-12T11:22:54","slug":"gen-premium-shaker-700-ml","status":"publish","type":"product","link":"https:\/\/vitalstoffversand.com\/pl\/produkt-pl\/gen-premium-shaker-700-ml\/","title":{"rendered":"GEN <br>Premium Shaker &#8211; 700 ml"},"content":{"rendered":"<p>GEN Circle Technology Protein ShakerX\u00ae o pojemno\u015bci 700 ml.<\/p>\n<p>Ch\u0142odny, stylowy i \u0142atwy do czyszczenia.<\/p>\n<p>Cechy produktu:<\/p>\n<ul>\n<li>Pojemno\u015b\u0107: 700 ml<\/li>\n<li>\u0141atwy do czyszczenia i nadaje si\u0119 do zmywarek.<\/li>\n<li>Specjalne, szczelne zamkni\u0119cie.<\/li>\n<li>Dzi\u0119ki unikalnej technologii Circle Technology sito lub kulka nie s\u0105 ju\u017c potrzebne.<\/li>\n<li>Wykonany z certyfikowanego tworzywa sztucznego (polipropylenu), naturalnie wolnego od BPA.<\/li>\n<\/ul>\n","protected":false},"excerpt":{"rendered":"<p>GEN Circle Technology Protein ShakerX\u00ae o pojemno\u015bci 700 ml. Ch\u0142odny, stylowy i \u0142atwy do czyszczenia. Cechy produktu: Pojemno\u015b\u0107: 700 ml \u0141atwy do czyszczenia i nadaje si\u0119 do zmywarek. Specjalne, szczelne zamkni\u0119cie. Dzi\u0119ki unikalnej technologii Circle Technology sito lub kulka nie s\u0105 ju\u017c potrzebne. Wykonany z certyfikowanego tworzywa sztucznego (polipropylenu), naturalnie wolnego od BPA.<\/p>\n","protected":false},"featured_media":49142,"template":"","meta":{"_acf_changed":false},"product_brand":[10199],"product_cat":[571,569],"product_tag":[],"class_list":{"0":"post-20464","1":"product","2":"type-product","3":"status-publish","4":"has-post-thumbnail","6":"product_brand-gen-german-elite-nutrition-pl","7":"product_cat-akcesoria-i-rozne","8":"product_cat-produkty-od-a-z","10":"first","11":"instock","12":"taxable","13":"shipping-taxable","14":"purchasable","15":"product-type-simple"},"acf":[],"_links":{"self":[{"href":"https:\/\/vitalstoffversand.com\/pl\/wp-json\/wp\/v2\/product\/20464","targetHints":{"allow":["GET"]}}],"collection":[{"href":"https:\/\/vitalstoffversand.com\/pl\/wp-json\/wp\/v2\/product"}],"about":[{"href":"https:\/\/vitalstoffversand.com\/pl\/wp-json\/wp\/v2\/types\/product"}],"wp:featuredmedia":[{"embeddable":true,"href":"https:\/\/vitalstoffversand.com\/pl\/wp-json\/wp\/v2\/media\/49142"}],"wp:attachment":[{"href":"https:\/\/vitalstoffversand.com\/pl\/wp-json\/wp\/v2\/media?parent=20464"}],"wp:term":[{"taxonomy":"product_brand","embeddable":true,"href":"https:\/\/vitalstoffversand.com\/pl\/wp-json\/wp\/v2\/product_brand?post=20464"},{"taxonomy":"product_cat","embeddable":true,"href":"https:\/\/vitalstoffversand.com\/pl\/wp-json\/wp\/v2\/product_cat?post=20464"},{"taxonomy":"product_tag","embeddable":true,"href":"https:\/\/vitalstoffversand.com\/pl\/wp-json\/wp\/v2\/product_tag?post=20464"}],"curies":[{"name":"wp","href":"https:\/\/api.w.org\/{rel}","templated":true}]}}