{"id":20406,"date":"2024-11-10T12:55:01","date_gmt":"2024-11-10T11:55:01","guid":{"rendered":"https:\/\/vitalstoffversand.com\/produkt\/vit4ever-l-karnityna-180-kapsulek\/"},"modified":"2026-03-12T15:01:37","modified_gmt":"2026-03-12T14:01:37","slug":"vit4ever-l-karnityna-180-kapsulek","status":"publish","type":"product","link":"https:\/\/vitalstoffversand.com\/pl\/produkt-pl\/vit4ever-l-karnityna-180-kapsulek\/","title":{"rendered":"Vit4ever <br>L-karnityna &#8211; 180 kapsu\u0142ek"},"content":{"rendered":"<p>L-karnityna bierze udzia\u0142 w metabolizmie energetycznym i odgrywa rol\u0119 w metabolizmie kwas\u00f3w t\u0142uszczowych w celu wytworzenia energii.<\/p>\n<p>Winian L-karnityny jest L-karnityn\u0105 zwi\u0105zan\u0105 z kwasem winowym i jest bardzo szybko wch\u0142aniany.<\/p>\n<ul>\n<li>Wegan<\/li>\n<li>Bez glutenu<\/li>\n<li>Bez laktozy<\/li>\n<li>Bez GMO<\/li>\n<li>Wyprodukowane zgodnie z surowymi normami jako\u015bci UE<\/li>\n<\/ul>\n","protected":false},"excerpt":{"rendered":"<p>L-karnityna bierze udzia\u0142 w metabolizmie energetycznym i odgrywa rol\u0119 w metabolizmie kwas\u00f3w t\u0142uszczowych w celu wytworzenia energii. Winian L-karnityny jest L-karnityn\u0105 zwi\u0105zan\u0105 z kwasem winowym i jest bardzo szybko wch\u0142aniany. Wegan Bez glutenu Bez laktozy Bez GMO Wyprodukowane zgodnie z surowymi normami jako\u015bci UE<\/p>\n","protected":false},"featured_media":49406,"template":"","meta":{"_acf_changed":false},"product_brand":[10220],"product_cat":[560,569],"product_tag":[],"class_list":{"0":"post-20406","1":"product","2":"type-product","3":"status-publish","4":"has-post-thumbnail","6":"product_brand-vit4ever-pl","7":"product_cat-skladniki-odzywcze","8":"product_cat-produkty-od-a-z","10":"first","11":"instock","12":"taxable","13":"shipping-taxable","14":"purchasable","15":"product-type-simple"},"acf":[],"_links":{"self":[{"href":"https:\/\/vitalstoffversand.com\/pl\/wp-json\/wp\/v2\/product\/20406","targetHints":{"allow":["GET"]}}],"collection":[{"href":"https:\/\/vitalstoffversand.com\/pl\/wp-json\/wp\/v2\/product"}],"about":[{"href":"https:\/\/vitalstoffversand.com\/pl\/wp-json\/wp\/v2\/types\/product"}],"wp:featuredmedia":[{"embeddable":true,"href":"https:\/\/vitalstoffversand.com\/pl\/wp-json\/wp\/v2\/media\/49406"}],"wp:attachment":[{"href":"https:\/\/vitalstoffversand.com\/pl\/wp-json\/wp\/v2\/media?parent=20406"}],"wp:term":[{"taxonomy":"product_brand","embeddable":true,"href":"https:\/\/vitalstoffversand.com\/pl\/wp-json\/wp\/v2\/product_brand?post=20406"},{"taxonomy":"product_cat","embeddable":true,"href":"https:\/\/vitalstoffversand.com\/pl\/wp-json\/wp\/v2\/product_cat?post=20406"},{"taxonomy":"product_tag","embeddable":true,"href":"https:\/\/vitalstoffversand.com\/pl\/wp-json\/wp\/v2\/product_tag?post=20406"}],"curies":[{"name":"wp","href":"https:\/\/api.w.org\/{rel}","templated":true}]}}