{"id":20395,"date":"2024-11-11T15:55:46","date_gmt":"2024-11-11T14:55:46","guid":{"rendered":"https:\/\/vitalstoffversand.com\/produkt\/pudelko-na-tabletki-5-przegrodek\/"},"modified":"2026-03-12T14:09:09","modified_gmt":"2026-03-12T13:09:09","slug":"pudelko-na-tabletki-5-przegrodek","status":"publish","type":"product","link":"https:\/\/vitalstoffversand.com\/pl\/produkt-pl\/pudelko-na-tabletki-5-przegrodek\/","title":{"rendered":"Pude\u0142ko na tabletki &#8211; 5 przegr\u00f3dek"},"content":{"rendered":"<p>Praktyczne i nowoczesne bia\u0142e pude\u0142ko na tabletki z 5 przegr\u00f3dkami.<\/p>\n<p>Dostarczany bez zawarto\u015bci.<\/p>\n","protected":false},"excerpt":{"rendered":"<p>Praktyczne i nowoczesne bia\u0142e pude\u0142ko na tabletki z 5 przegr\u00f3dkami. Dostarczany bez zawarto\u015bci.<\/p>\n","protected":false},"featured_media":39546,"template":"","meta":{"_acf_changed":false},"product_brand":[],"product_cat":[571,569],"product_tag":[],"class_list":{"0":"post-20395","1":"product","2":"type-product","3":"status-publish","4":"has-post-thumbnail","6":"product_cat-akcesoria-i-rozne","7":"product_cat-produkty-od-a-z","9":"first","10":"instock","11":"taxable","12":"shipping-taxable","13":"purchasable","14":"product-type-simple"},"acf":[],"_links":{"self":[{"href":"https:\/\/vitalstoffversand.com\/pl\/wp-json\/wp\/v2\/product\/20395","targetHints":{"allow":["GET"]}}],"collection":[{"href":"https:\/\/vitalstoffversand.com\/pl\/wp-json\/wp\/v2\/product"}],"about":[{"href":"https:\/\/vitalstoffversand.com\/pl\/wp-json\/wp\/v2\/types\/product"}],"wp:featuredmedia":[{"embeddable":true,"href":"https:\/\/vitalstoffversand.com\/pl\/wp-json\/wp\/v2\/media\/39546"}],"wp:attachment":[{"href":"https:\/\/vitalstoffversand.com\/pl\/wp-json\/wp\/v2\/media?parent=20395"}],"wp:term":[{"taxonomy":"product_brand","embeddable":true,"href":"https:\/\/vitalstoffversand.com\/pl\/wp-json\/wp\/v2\/product_brand?post=20395"},{"taxonomy":"product_cat","embeddable":true,"href":"https:\/\/vitalstoffversand.com\/pl\/wp-json\/wp\/v2\/product_cat?post=20395"},{"taxonomy":"product_tag","embeddable":true,"href":"https:\/\/vitalstoffversand.com\/pl\/wp-json\/wp\/v2\/product_tag?post=20395"}],"curies":[{"name":"wp","href":"https:\/\/api.w.org\/{rel}","templated":true}]}}