{"id":1035,"date":"2024-10-15T17:15:07","date_gmt":"2024-10-15T15:15:07","guid":{"rendered":"https:\/\/dev.vitalstoffversand.com\/?post_type=product&#038;p=1035"},"modified":"2026-03-11T13:19:45","modified_gmt":"2026-03-11T12:19:45","slug":"natura-med-organiczny-proszek-z-agaricus-kopie","status":"publish","type":"product","link":"https:\/\/vitalstoffversand.com\/pl\/produkt-pl\/natura-med-organiczny-proszek-z-agaricus-kopie\/","title":{"rendered":"Natura Med <br>Organiczny proszek z dzikiej r\u00f3\u017cy \u2013 500 g"},"content":{"rendered":"<p>Organiczny proszek z dzikiej r\u00f3\u017cy naturalnie zawiera mn\u00f3stwo <strong><a href=\"https:\/\/vitalstoffversand.com\/knowledge-base\/vitamin-c\/\" target=\"_blank\" rel=\"noopener\">\u2192 witamin\u0119 C<\/a><\/strong>minera\u0142y, prowitamin\u0119 A, <a href=\"https:\/\/vitalstoffversand.com\/knowledge-base\/vitamin-e\/\" target=\"_blank\" rel=\"noopener\"><strong>\u2192 witamin\u0119 E<\/strong><\/a>, <a href=\"https:\/\/vitalstoffversand.com\/knowledge-base\/vitamin-k\/\" target=\"_blank\" rel=\"noopener\"><strong>\u2192 witamin\u0119 K<\/strong><\/a>, kwasy owocowe, b\u0142onnik i garbniki.<\/p>\n<p>Nasza ekologiczna mielona dzika r\u00f3\u017ca jest pozyskiwana w delikatny spos\u00f3b z owoc\u00f3w Rosa canina i idealnie nadaje si\u0119 jako codzienny dodatek do zbilansowanej diety \u2013 doskonale sprawdza si\u0119 r\u00f3wnie\u017c w smoothie, musli lub herbatach.<\/p>\n<ul>\n<li>W 100% naturalny \u2013 bez dodatk\u00f3w<\/li>\n<li>Wegan<\/li>\n<li>Bez glutenu<\/li>\n<li>Bez laktozy<\/li>\n<li>Bez GMO<\/li>\n<li>Wyprodukowane zgodnie z surowymi normami jako\u015bci UE<\/li>\n<\/ul>\n<p>&nbsp;<\/p>\n","protected":false},"excerpt":{"rendered":"<p>Organiczny proszek z dzikiej r\u00f3\u017cy naturalnie zawiera mn\u00f3stwo \u2192 witamin\u0119 Cminera\u0142y, prowitamin\u0119 A, \u2192 witamin\u0119 E, \u2192 witamin\u0119 K, kwasy owocowe, b\u0142onnik i garbniki. Nasza ekologiczna mielona dzika r\u00f3\u017ca jest pozyskiwana w delikatny spos\u00f3b z owoc\u00f3w Rosa canina i idealnie nadaje si\u0119 jako codzienny dodatek do zbilansowanej diety \u2013 doskonale sprawdza si\u0119 r\u00f3wnie\u017c w smoothie, [&hellip;]<\/p>\n","protected":false},"featured_media":40509,"template":"","meta":{"_acf_changed":false},"product_brand":[10207],"product_cat":[560,540,569],"product_tag":[],"class_list":{"0":"post-1035","1":"product","2":"type-product","3":"status-publish","4":"has-post-thumbnail","6":"product_brand-natura-med-pl","7":"product_cat-skladniki-odzywcze","8":"product_cat-organiczny","9":"product_cat-produkty-od-a-z","11":"first","12":"instock","13":"taxable","14":"shipping-taxable","15":"purchasable","16":"product-type-simple"},"acf":[],"_links":{"self":[{"href":"https:\/\/vitalstoffversand.com\/pl\/wp-json\/wp\/v2\/product\/1035","targetHints":{"allow":["GET"]}}],"collection":[{"href":"https:\/\/vitalstoffversand.com\/pl\/wp-json\/wp\/v2\/product"}],"about":[{"href":"https:\/\/vitalstoffversand.com\/pl\/wp-json\/wp\/v2\/types\/product"}],"wp:featuredmedia":[{"embeddable":true,"href":"https:\/\/vitalstoffversand.com\/pl\/wp-json\/wp\/v2\/media\/40509"}],"wp:attachment":[{"href":"https:\/\/vitalstoffversand.com\/pl\/wp-json\/wp\/v2\/media?parent=1035"}],"wp:term":[{"taxonomy":"product_brand","embeddable":true,"href":"https:\/\/vitalstoffversand.com\/pl\/wp-json\/wp\/v2\/product_brand?post=1035"},{"taxonomy":"product_cat","embeddable":true,"href":"https:\/\/vitalstoffversand.com\/pl\/wp-json\/wp\/v2\/product_cat?post=1035"},{"taxonomy":"product_tag","embeddable":true,"href":"https:\/\/vitalstoffversand.com\/pl\/wp-json\/wp\/v2\/product_tag?post=1035"}],"curies":[{"name":"wp","href":"https:\/\/api.w.org\/{rel}","templated":true}]}}