{"id":2539,"date":"2024-08-20T15:52:40","date_gmt":"2024-08-20T13:52:40","guid":{"rendered":"https:\/\/dev.vitalstoffversand.com\/koszty-wysylki-i-dostawa\/"},"modified":"2025-10-17T16:02:18","modified_gmt":"2025-10-17T14:02:18","slug":"koszty-wysylki-i-dostawa","status":"publish","type":"page","link":"https:\/\/vitalstoffversand.com\/pl\/koszty-wysylki-i-dostawa\/","title":{"rendered":"Koszty wysy\u0142ki i dostawa"},"content":{"rendered":"\n<h2 class=\"wp-block-heading\">Czas dostawy<\/h2>\n\n<p><br\/>Niemcy: 1-5 dni<br\/>Inne kraje: 2 &#8211; 8 dni<\/p>\n<div class=\"wp-block-image\">\n<figure class=\"alignleft size-full\"><img decoding=\"async\" width=\"241\" height=\"149\" src=\"https:\/\/vitalstoffversand.com\/wp-content\/uploads\/2024\/10\/DHL-Gogreen.png\" alt=\"\" class=\"wp-image-2522\" srcset=\"https:\/\/vitalstoffversand.com\/wp-content\/uploads\/2024\/10\/DHL-Gogreen.png 241w, https:\/\/vitalstoffversand.com\/wp-content\/uploads\/2024\/10\/DHL-Gogreen-64x40.png 64w\" sizes=\"(max-width: 241px) 100vw, 241px\" \/><\/figure>\n<\/div>\n<p><\/p>\n\n<p><\/p>\n\n<p><\/p>\n\n<p><\/p>\n\n<h2 class=\"wp-block-heading\">Koszty wysy\u0142ki<\/h2>\n\n<p>Opr\u00f3cz podanych cen produkt\u00f3w pobieramy zrycza\u0142towan\u0105 op\u0142at\u0119 za dostaw\u0119, o kt\u00f3rej u\u017cytkownik zostanie szczeg\u00f3\u0142owo poinformowany w systemie koszyka zakup\u00f3w i na stronie zam\u00f3wienia.<\/p>\n\n<p><strong>Niemcy:<\/strong><br\/><br\/>5,00 EUR (plus VAT zale\u017cny od koszyka zakup\u00f3w)<br\/>Darmowa wysy\u0142ka od 75 EUR.<\/p>\n\n<p><strong>Unia Europejska (UE):<\/strong><br\/><br\/>15,00 EUR (plus VAT zale\u017cny od koszyka zakup\u00f3w)<br\/>Darmowa wysy\u0142ka od 200 EUR.<\/p>\n\n<p><strong>Islandia, Liechtenstein, Norwegia, Szwajcaria i Zjednoczone Kr\u00f3lestwo (UK):<\/strong><br\/><br\/>22,00 EUR<sup> *)<\/sup><br\/>Darmowa wysy\u0142ka od 300 EUR. <sup>*)<\/sup><br\/><br\/><sup>*)<\/sup> Wszelkie podatki, c\u0142a i inne op\u0142aty musz\u0105 zosta\u0107 uiszczone przez odbiorc\u0119 w kraju przeznaczenia.<\/p>\n\n<hr class=\"wp-block-separator has-alpha-channel-opacity is-style-wide\"\/>\n\n<p><strong>Sprzedawcy (wszystkie kraje):<\/strong><\/p>\n\n<p> Koszty wysy\u0142ki wed\u0142ug wagi<\/p>\n\n<p><\/p>\n","protected":false},"excerpt":{"rendered":"<p>Czas dostawy Niemcy: 1-5 dniInne kraje: 2 &#8211; 8 dni Koszty wysy\u0142ki Opr\u00f3cz podanych cen produkt\u00f3w pobieramy zrycza\u0142towan\u0105 op\u0142at\u0119 za dostaw\u0119, o kt\u00f3rej u\u017cytkownik zostanie szczeg\u00f3\u0142owo poinformowany w systemie koszyka zakup\u00f3w i na stronie zam\u00f3wienia. Niemcy: 5,00 EUR (plus VAT zale\u017cny od koszyka zakup\u00f3w)Darmowa wysy\u0142ka od 75 EUR. Unia Europejska (UE): 15,00 EUR (plus VAT [&hellip;]<\/p>\n","protected":false},"author":1,"featured_media":0,"parent":0,"menu_order":0,"comment_status":"closed","ping_status":"closed","template":"","meta":{"_acf_changed":false,"footnotes":""},"class_list":["post-2539","page","type-page","status-publish","hentry"],"acf":[],"_links":{"self":[{"href":"https:\/\/vitalstoffversand.com\/pl\/wp-json\/wp\/v2\/pages\/2539","targetHints":{"allow":["GET"]}}],"collection":[{"href":"https:\/\/vitalstoffversand.com\/pl\/wp-json\/wp\/v2\/pages"}],"about":[{"href":"https:\/\/vitalstoffversand.com\/pl\/wp-json\/wp\/v2\/types\/page"}],"author":[{"embeddable":true,"href":"https:\/\/vitalstoffversand.com\/pl\/wp-json\/wp\/v2\/users\/1"}],"replies":[{"embeddable":true,"href":"https:\/\/vitalstoffversand.com\/pl\/wp-json\/wp\/v2\/comments?post=2539"}],"version-history":[{"count":0,"href":"https:\/\/vitalstoffversand.com\/pl\/wp-json\/wp\/v2\/pages\/2539\/revisions"}],"wp:attachment":[{"href":"https:\/\/vitalstoffversand.com\/pl\/wp-json\/wp\/v2\/media?parent=2539"}],"curies":[{"name":"wp","href":"https:\/\/api.w.org\/{rel}","templated":true}]}}