{"id":19839,"date":"2025-01-07T15:17:32","date_gmt":"2025-01-07T14:17:32","guid":{"rendered":"https:\/\/vitalstoffversand.com\/b2b\/"},"modified":"2025-01-16T17:48:35","modified_gmt":"2025-01-16T16:48:35","slug":"b2b","status":"publish","type":"page","link":"https:\/\/vitalstoffversand.com\/pl\/b2b\/","title":{"rendered":"B2B"},"content":{"rendered":"\n<div style=\"height:40px\" aria-hidden=\"true\" class=\"wp-block-spacer\"><\/div>\n\n<p>Szukasz kompleksowego rozwi\u0105zania dla szerokiego, wysokiej jako\u015bci, ale niedrogiego asortymentu i chcesz unikn\u0105\u0107 koszt\u00f3w pracy, koszt\u00f3w wysy\u0142ki i ewentualnie minimalnych warto\u015bci zam\u00f3wie\u0144 od wielu r\u00f3\u017cnych partner\u00f3w lub dostawc\u00f3w?<\/p>\n\n<p>W takim razie trafi\u0142e\u015b we w\u0142a\u015bciwe miejsce.<\/p>\n\n<div style=\"height:30px\" aria-hidden=\"true\" class=\"wp-block-spacer\"><\/div>\n\n<p class=\"has-medium-font-size\"><strong>Lekarze, lekarze medycyny alternatywnej, terapeuci i przedstawiciele innych zawod\u00f3w zwi\u0105zanych z opiek\u0105 zdrowotn\u0105<\/strong><\/p>\n\n<ul class=\"wp-block-list\">\n<li>Atrakcyjne rabaty<\/li>\n\n\n\n<li>Dost\u0119p do rozszerzonej gamy produkt\u00f3w<\/li>\n\n\n\n<li>Brak minimalnej warto\u015bci zam\u00f3wienia<\/li>\n<\/ul>\n\n<div style=\"height:30px\" aria-hidden=\"true\" class=\"wp-block-spacer\"><\/div>\n\n<p class=\"has-medium-font-size\"><strong>Odsprzedawca<\/strong><\/p>\n\n<ul class=\"wp-block-list\">\n<li>Atrakcyjne warunki zakupu<\/li>\n\n\n\n<li>Dost\u0119p do rozszerzonej gamy produkt\u00f3w<\/li>\n\n\n\n<li>Minimalna warto\u015b\u0107 zam\u00f3wienia tylko 150,00 EUR plus VAT <\/li>\n<\/ul>\n\n<div style=\"height:35px\" aria-hidden=\"true\" class=\"wp-block-spacer\"><\/div>\n\n<p>Zarejestruj si\u0119 jako <strong>specjalista<\/strong> lub<strong> sprzedawca<\/strong>.<\/p>\n\n<p>Do aktywacji jako klient B2B wymagana jest licencja handlowa lub dow\u00f3d dzia\u0142alno\u015bci.<\/p>\n\n<p>Prosimy o przes\u0142anie odpowiednich dokument\u00f3w podczas procesu rejestracji lub przes\u0142anie ich po rejestracji za po\u015brednictwem<br\/>e-mail na adres <a href=\"mailto:admin@vitalstoffversand.com\">mail@vitalstoffversand.com<\/a> lub <a href=\"mailto:mail@phoenix-dransfeld.de\">mail@phoenix-drogerie.de.<\/a><\/p>\n\n<p>Twoje konto klienta B2B zostanie nast\u0119pnie r\u0119cznie sprawdzone przez nas i aktywowane po pomy\u015blnej weryfikacji.<\/p>\n\n<p>Do momentu aktywacji masz normalny dost\u0119p klienta i widzisz standardowe ceny.<\/p>\n\n<p>Liczymy na dobr\u0105 wsp\u00f3\u0142prac\u0119.<\/p>\n\n<p><\/p>\n","protected":false},"excerpt":{"rendered":"<p>Szukasz kompleksowego rozwi\u0105zania dla szerokiego, wysokiej jako\u015bci, ale niedrogiego asortymentu i chcesz unikn\u0105\u0107 koszt\u00f3w pracy, koszt\u00f3w wysy\u0142ki i ewentualnie minimalnych warto\u015bci zam\u00f3wie\u0144 od wielu r\u00f3\u017cnych partner\u00f3w lub dostawc\u00f3w? W takim razie trafi\u0142e\u015b we w\u0142a\u015bciwe miejsce. Lekarze, lekarze medycyny alternatywnej, terapeuci i przedstawiciele innych zawod\u00f3w zwi\u0105zanych z opiek\u0105 zdrowotn\u0105 Odsprzedawca Zarejestruj si\u0119 jako specjalista lub sprzedawca. [&hellip;]<\/p>\n","protected":false},"author":1,"featured_media":0,"parent":0,"menu_order":0,"comment_status":"closed","ping_status":"closed","template":"","meta":{"_acf_changed":false,"footnotes":""},"class_list":["post-19839","page","type-page","status-publish","hentry"],"acf":[],"_links":{"self":[{"href":"https:\/\/vitalstoffversand.com\/pl\/wp-json\/wp\/v2\/pages\/19839","targetHints":{"allow":["GET"]}}],"collection":[{"href":"https:\/\/vitalstoffversand.com\/pl\/wp-json\/wp\/v2\/pages"}],"about":[{"href":"https:\/\/vitalstoffversand.com\/pl\/wp-json\/wp\/v2\/types\/page"}],"author":[{"embeddable":true,"href":"https:\/\/vitalstoffversand.com\/pl\/wp-json\/wp\/v2\/users\/1"}],"replies":[{"embeddable":true,"href":"https:\/\/vitalstoffversand.com\/pl\/wp-json\/wp\/v2\/comments?post=19839"}],"version-history":[{"count":0,"href":"https:\/\/vitalstoffversand.com\/pl\/wp-json\/wp\/v2\/pages\/19839\/revisions"}],"wp:attachment":[{"href":"https:\/\/vitalstoffversand.com\/pl\/wp-json\/wp\/v2\/media?parent=19839"}],"curies":[{"name":"wp","href":"https:\/\/api.w.org\/{rel}","templated":true}]}}