{"id":64394,"date":"2025-07-07T17:24:45","date_gmt":"2025-07-07T15:24:45","guid":{"rendered":"https:\/\/vitalstoffversand.com\/produkt\/vit4ever-biologische-oregano-olie-olijfolie-90-capsules\/"},"modified":"2026-03-18T14:00:07","modified_gmt":"2026-03-18T13:00:07","slug":"vit4ever-biologische-oregano-olie-olijfolie-90-capsules","status":"publish","type":"product","link":"https:\/\/vitalstoffversand.com\/nl\/product-nl\/vit4ever-biologische-oregano-olie-olijfolie-90-capsules\/","title":{"rendered":"Vit4ever <br>Biologische oregano-olie &amp; olijfolie &#8211; 90 capsules"},"content":{"rendered":"<p>De combinatie van biologische extra vierge olijfolie en biologische oregano-olie biedt je de voordelen van beide oli\u00ebn in \u00e9\u00e9n capsule.<\/p>\n<p>De oregano-olie bevat 80 procent carvacrol en de herkomst uit gecontroleerde biologische teelt garandeert de hoogste kwaliteit van de oli\u00ebn.<\/p>\n<ul>\n<li>Vegan<\/li>\n<li>Glutenvrij<\/li>\n<li>Lactosevrij<\/li>\n<li>Zonder GMO<\/li>\n<li>Geproduceerd volgens strenge kwaliteitsnormen in de EU<\/li>\n<\/ul>\n","protected":false},"excerpt":{"rendered":"<p>De combinatie van biologische extra vierge olijfolie en biologische oregano-olie biedt je de voordelen van beide oli\u00ebn in \u00e9\u00e9n capsule. De oregano-olie bevat 80 procent carvacrol en de herkomst uit gecontroleerde biologische teelt garandeert de hoogste kwaliteit van de oli\u00ebn. Vegan Glutenvrij Lactosevrij Zonder GMO Geproduceerd volgens strenge kwaliteitsnormen in de EU<\/p>\n","protected":false},"featured_media":58437,"template":"","meta":{"_acf_changed":false},"product_brand":[10222],"product_cat":[709,708,707],"product_tag":[],"class_list":{"0":"post-64394","1":"product","2":"type-product","3":"status-publish","4":"has-post-thumbnail","6":"product_brand-vit4ever-nl","7":"product_cat-voedingsstoffen","8":"product_cat-biologisch","9":"product_cat-producten-van-a-z","11":"first","12":"instock","13":"taxable","14":"shipping-taxable","15":"purchasable","16":"product-type-simple"},"acf":[],"_links":{"self":[{"href":"https:\/\/vitalstoffversand.com\/nl\/wp-json\/wp\/v2\/product\/64394","targetHints":{"allow":["GET"]}}],"collection":[{"href":"https:\/\/vitalstoffversand.com\/nl\/wp-json\/wp\/v2\/product"}],"about":[{"href":"https:\/\/vitalstoffversand.com\/nl\/wp-json\/wp\/v2\/types\/product"}],"wp:featuredmedia":[{"embeddable":true,"href":"https:\/\/vitalstoffversand.com\/nl\/wp-json\/wp\/v2\/media\/58437"}],"wp:attachment":[{"href":"https:\/\/vitalstoffversand.com\/nl\/wp-json\/wp\/v2\/media?parent=64394"}],"wp:term":[{"taxonomy":"product_brand","embeddable":true,"href":"https:\/\/vitalstoffversand.com\/nl\/wp-json\/wp\/v2\/product_brand?post=64394"},{"taxonomy":"product_cat","embeddable":true,"href":"https:\/\/vitalstoffversand.com\/nl\/wp-json\/wp\/v2\/product_cat?post=64394"},{"taxonomy":"product_tag","embeddable":true,"href":"https:\/\/vitalstoffversand.com\/nl\/wp-json\/wp\/v2\/product_tag?post=64394"}],"curies":[{"name":"wp","href":"https:\/\/api.w.org\/{rel}","templated":true}]}}