{"id":43196,"date":"2025-09-01T18:52:48","date_gmt":"2025-09-01T16:52:48","guid":{"rendered":"https:\/\/vitalstoffversand.com\/produkt\/vit4ever-nac-800-n-acetyl-l-cysteine-240-capsules\/"},"modified":"2026-03-21T15:54:26","modified_gmt":"2026-03-21T14:54:26","slug":"vit4ever-nac-800-n-acetyl-l-cysteine-240-capsules","status":"publish","type":"product","link":"https:\/\/vitalstoffversand.com\/nl\/product-nl\/vit4ever-nac-800-n-acetyl-l-cysteine-240-capsules\/","title":{"rendered":"Vit4ever <br>NAC 600 &#8211; N-Acetyl L-Cyste\u00efne &#8211; 240 capsules"},"content":{"rendered":"<p>N-acetyl-L-cyste\u00efne (ook bekend als NAC) is de N-geacetyleerde, zeer effectieve vorm van L-cyste\u00efne en is zeer biologisch beschikbaar.<\/p>\n<p>NAC is stabieler dan gewone L-cyste\u00efne en verlengt de werking van het aminozuur bij de productie van glutathion, dat betrokken is bij talrijke belangrijke processen in het lichaam en ook een antioxiderende werking heeft.<\/p>\n<ul>\n<li>Vegan<\/li>\n<li>Glutenvrij<\/li>\n<li>Lactosevrij<\/li>\n<li>Zonder GMO<\/li>\n<li>Hoge kwaliteit uit Duitsland \u2013 geproduceerd volgens strenge normen en eerlijk geprijsd<\/li>\n<\/ul>\n","protected":false},"excerpt":{"rendered":"<p>N-acetyl-L-cyste\u00efne (ook bekend als NAC) is de N-geacetyleerde, zeer effectieve vorm van L-cyste\u00efne en is zeer biologisch beschikbaar. NAC is stabieler dan gewone L-cyste\u00efne en verlengt de werking van het aminozuur bij de productie van glutathion, dat betrokken is bij talrijke belangrijke processen in het lichaam en ook een antioxiderende werking heeft. Vegan Glutenvrij Lactosevrij [&hellip;]<\/p>\n","protected":false},"featured_media":62798,"template":"","meta":{"_acf_changed":false},"product_brand":[10222],"product_cat":[709,707],"product_tag":[],"class_list":{"0":"post-43196","1":"product","2":"type-product","3":"status-publish","4":"has-post-thumbnail","6":"product_brand-vit4ever-nl","7":"product_cat-voedingsstoffen","8":"product_cat-producten-van-a-z","10":"first","11":"instock","12":"taxable","13":"shipping-taxable","14":"purchasable","15":"product-type-simple"},"acf":[],"_links":{"self":[{"href":"https:\/\/vitalstoffversand.com\/nl\/wp-json\/wp\/v2\/product\/43196","targetHints":{"allow":["GET"]}}],"collection":[{"href":"https:\/\/vitalstoffversand.com\/nl\/wp-json\/wp\/v2\/product"}],"about":[{"href":"https:\/\/vitalstoffversand.com\/nl\/wp-json\/wp\/v2\/types\/product"}],"wp:featuredmedia":[{"embeddable":true,"href":"https:\/\/vitalstoffversand.com\/nl\/wp-json\/wp\/v2\/media\/62798"}],"wp:attachment":[{"href":"https:\/\/vitalstoffversand.com\/nl\/wp-json\/wp\/v2\/media?parent=43196"}],"wp:term":[{"taxonomy":"product_brand","embeddable":true,"href":"https:\/\/vitalstoffversand.com\/nl\/wp-json\/wp\/v2\/product_brand?post=43196"},{"taxonomy":"product_cat","embeddable":true,"href":"https:\/\/vitalstoffversand.com\/nl\/wp-json\/wp\/v2\/product_cat?post=43196"},{"taxonomy":"product_tag","embeddable":true,"href":"https:\/\/vitalstoffversand.com\/nl\/wp-json\/wp\/v2\/product_tag?post=43196"}],"curies":[{"name":"wp","href":"https:\/\/api.w.org\/{rel}","templated":true}]}}