{"id":26177,"date":"2025-04-08T12:09:09","date_gmt":"2025-04-08T10:09:09","guid":{"rendered":"https:\/\/vitalstoffversand.com\/produkt\/vit4ever-d-mannose-veenbes-250-g\/"},"modified":"2026-03-16T18:19:50","modified_gmt":"2026-03-16T17:19:50","slug":"vit4ever-d-mannose-veenbes-250-g","status":"publish","type":"product","link":"https:\/\/vitalstoffversand.com\/nl\/product-nl\/vit4ever-d-mannose-veenbes-250-g\/","title":{"rendered":"Vit4ever <br>D-Mannose + Veenbes &#8211; 250 g"},"content":{"rendered":"<p>In de volksgeneeskunde zouden D-mannose en cranberry positieve eigenschappen hebben bij de behandeling van blaasontstekingen veroorzaakt door bacteri\u00ebn.<\/p>\n<p>Beide ingredi\u00ebnten worden goed verdragen en kunnen op de lange termijn in het dagelijkse dieet worden ge\u00efntegreerd.<\/p>\n<ul>\n<li>Vegan<\/li>\n<li>Glutenvrij<\/li>\n<li>Lactosevrij<\/li>\n<li>Zonder GMO<\/li>\n<li>Geproduceerd volgens strenge kwaliteitsnormen in de EU<\/li>\n<\/ul>\n","protected":false},"excerpt":{"rendered":"<p>In de volksgeneeskunde zouden D-mannose en cranberry positieve eigenschappen hebben bij de behandeling van blaasontstekingen veroorzaakt door bacteri\u00ebn. Beide ingredi\u00ebnten worden goed verdragen en kunnen op de lange termijn in het dagelijkse dieet worden ge\u00efntegreerd. Vegan Glutenvrij Lactosevrij Zonder GMO Geproduceerd volgens strenge kwaliteitsnormen in de EU<\/p>\n","protected":false},"featured_media":57733,"template":"","meta":{"_acf_changed":false},"product_brand":[10222],"product_cat":[709,707],"product_tag":[],"class_list":{"0":"post-26177","1":"product","2":"type-product","3":"status-publish","4":"has-post-thumbnail","6":"product_brand-vit4ever-nl","7":"product_cat-voedingsstoffen","8":"product_cat-producten-van-a-z","10":"first","11":"instock","12":"taxable","13":"shipping-taxable","14":"purchasable","15":"product-type-simple"},"acf":[],"_links":{"self":[{"href":"https:\/\/vitalstoffversand.com\/nl\/wp-json\/wp\/v2\/product\/26177","targetHints":{"allow":["GET"]}}],"collection":[{"href":"https:\/\/vitalstoffversand.com\/nl\/wp-json\/wp\/v2\/product"}],"about":[{"href":"https:\/\/vitalstoffversand.com\/nl\/wp-json\/wp\/v2\/types\/product"}],"wp:featuredmedia":[{"embeddable":true,"href":"https:\/\/vitalstoffversand.com\/nl\/wp-json\/wp\/v2\/media\/57733"}],"wp:attachment":[{"href":"https:\/\/vitalstoffversand.com\/nl\/wp-json\/wp\/v2\/media?parent=26177"}],"wp:term":[{"taxonomy":"product_brand","embeddable":true,"href":"https:\/\/vitalstoffversand.com\/nl\/wp-json\/wp\/v2\/product_brand?post=26177"},{"taxonomy":"product_cat","embeddable":true,"href":"https:\/\/vitalstoffversand.com\/nl\/wp-json\/wp\/v2\/product_cat?post=26177"},{"taxonomy":"product_tag","embeddable":true,"href":"https:\/\/vitalstoffversand.com\/nl\/wp-json\/wp\/v2\/product_tag?post=26177"}],"curies":[{"name":"wp","href":"https:\/\/api.w.org\/{rel}","templated":true}]}}