{"id":26160,"date":"2025-04-07T16:56:05","date_gmt":"2025-04-07T14:56:05","guid":{"rendered":"https:\/\/vitalstoffversand.com\/produkt\/vit4ever-glucosamine-chondroitine-msm-365-tabletten\/"},"modified":"2026-03-16T16:27:49","modified_gmt":"2026-03-16T15:27:49","slug":"vit4ever-glucosamine-chondroitine-msm-365-tabletten","status":"publish","type":"product","link":"https:\/\/vitalstoffversand.com\/nl\/product-nl\/vit4ever-glucosamine-chondroitine-msm-365-tabletten\/","title":{"rendered":"Vit4ever <br>Glucosamine + Chondro\u00eftine + MSM &#8211; 365 tabletten"},"content":{"rendered":"<p>Glucosamine, chondro\u00eftine en MSM (methylsulfonylmethaan) zijn al jarenlang een beproefde combinatie van actieve ingredi\u00ebnten voor mensen die hun dagelijkse voeding willen aanvullen.<\/p>\n<ul>\n<li>Glutenvrij<\/li>\n<li>Lactosevrij<\/li>\n<li>Zonder GMO<\/li>\n<li>Geproduceerd volgens strenge kwaliteitsnormen in de EU<\/li>\n<\/ul>\n","protected":false},"excerpt":{"rendered":"<p>Glucosamine, chondro\u00eftine en MSM (methylsulfonylmethaan) zijn al jarenlang een beproefde combinatie van actieve ingredi\u00ebnten voor mensen die hun dagelijkse voeding willen aanvullen. Glutenvrij Lactosevrij Zonder GMO Geproduceerd volgens strenge kwaliteitsnormen in de EU<\/p>\n","protected":false},"featured_media":57141,"template":"","meta":{"_acf_changed":false},"product_brand":[10222],"product_cat":[709,707],"product_tag":[],"class_list":{"0":"post-26160","1":"product","2":"type-product","3":"status-publish","4":"has-post-thumbnail","6":"product_brand-vit4ever-nl","7":"product_cat-voedingsstoffen","8":"product_cat-producten-van-a-z","10":"first","11":"instock","12":"taxable","13":"shipping-taxable","14":"purchasable","15":"product-type-simple"},"acf":[],"_links":{"self":[{"href":"https:\/\/vitalstoffversand.com\/nl\/wp-json\/wp\/v2\/product\/26160","targetHints":{"allow":["GET"]}}],"collection":[{"href":"https:\/\/vitalstoffversand.com\/nl\/wp-json\/wp\/v2\/product"}],"about":[{"href":"https:\/\/vitalstoffversand.com\/nl\/wp-json\/wp\/v2\/types\/product"}],"wp:featuredmedia":[{"embeddable":true,"href":"https:\/\/vitalstoffversand.com\/nl\/wp-json\/wp\/v2\/media\/57141"}],"wp:attachment":[{"href":"https:\/\/vitalstoffversand.com\/nl\/wp-json\/wp\/v2\/media?parent=26160"}],"wp:term":[{"taxonomy":"product_brand","embeddable":true,"href":"https:\/\/vitalstoffversand.com\/nl\/wp-json\/wp\/v2\/product_brand?post=26160"},{"taxonomy":"product_cat","embeddable":true,"href":"https:\/\/vitalstoffversand.com\/nl\/wp-json\/wp\/v2\/product_cat?post=26160"},{"taxonomy":"product_tag","embeddable":true,"href":"https:\/\/vitalstoffversand.com\/nl\/wp-json\/wp\/v2\/product_tag?post=26160"}],"curies":[{"name":"wp","href":"https:\/\/api.w.org\/{rel}","templated":true}]}}