{"id":671,"date":"2024-10-11T15:42:45","date_gmt":"2024-10-11T13:42:45","guid":{"rendered":"https:\/\/dev.vitalstoffversand.com\/?post_type=product&#038;p=671"},"modified":"2026-03-11T12:41:12","modified_gmt":"2026-03-11T11:41:12","slug":"polvere-di-reishi-biologica-natura-med-kopie-2","status":"publish","type":"product","link":"https:\/\/vitalstoffversand.com\/it\/prodotto\/polvere-di-reishi-biologica-natura-med-kopie-2\/","title":{"rendered":"Natura Med <br>Polvere di funghi Hericium biologici &#8211; 100 g"},"content":{"rendered":"<p>L&#8217;Hericium erinaceus \u00e8 noto anche con il nome di fungo riccio, fungo testa di scimmia, criniera di leone o Lion&#8217;s Mane, oppure in Francia con il nome di Pompon blanc.<\/p>\n<p>Il fungo \u00e8 originario dell&#8217;Asia, dove \u00e8 apprezzato e utilizzato tradizionalmente da secoli.<\/p>\n<p>Rispetto a molti altri prodotti presenti sul mercato, la nostra polvere di funghi \u00e8 coltivata e lavorata secondo gli standard pi\u00f9 elevati.<\/p>\n<ul>\n<li>100% naturale &#8211; senza additivi<\/li>\n<li>Vegano<\/li>\n<li>Senza glutine<\/li>\n<li>Senza lattosio<\/li>\n<li>Senza OGM<\/li>\n<li>Prodotto secondo rigorosi standard di qualit\u00e0 nell&#8217;UE<\/li>\n<\/ul>\n","protected":false},"excerpt":{"rendered":"<p>La polvere di fungo Hericium biologico \u00e8 un fungo medicinale tradizionalmente apprezzato. Naturale, vegano e lavorato con cura per garantire la massima qualit\u00e0 e un&#8217;elevata biodisponibilit\u00e0.<\/p>\n","protected":false},"featured_media":40306,"template":"","meta":{"_acf_changed":false},"product_brand":[10204],"product_cat":[374,304,364],"product_tag":[],"class_list":{"0":"post-671","1":"product","2":"type-product","3":"status-publish","4":"has-post-thumbnail","6":"product_brand-natura-med-it","7":"product_cat-funghi-vitali","8":"product_cat-organico","9":"product_cat-prodotti-dalla-a-alla-z","11":"first","12":"instock","13":"taxable","14":"shipping-taxable","15":"purchasable","16":"product-type-simple"},"acf":[],"_links":{"self":[{"href":"https:\/\/vitalstoffversand.com\/it\/wp-json\/wp\/v2\/product\/671","targetHints":{"allow":["GET"]}}],"collection":[{"href":"https:\/\/vitalstoffversand.com\/it\/wp-json\/wp\/v2\/product"}],"about":[{"href":"https:\/\/vitalstoffversand.com\/it\/wp-json\/wp\/v2\/types\/product"}],"wp:featuredmedia":[{"embeddable":true,"href":"https:\/\/vitalstoffversand.com\/it\/wp-json\/wp\/v2\/media\/40306"}],"wp:attachment":[{"href":"https:\/\/vitalstoffversand.com\/it\/wp-json\/wp\/v2\/media?parent=671"}],"wp:term":[{"taxonomy":"product_brand","embeddable":true,"href":"https:\/\/vitalstoffversand.com\/it\/wp-json\/wp\/v2\/product_brand?post=671"},{"taxonomy":"product_cat","embeddable":true,"href":"https:\/\/vitalstoffversand.com\/it\/wp-json\/wp\/v2\/product_cat?post=671"},{"taxonomy":"product_tag","embeddable":true,"href":"https:\/\/vitalstoffversand.com\/it\/wp-json\/wp\/v2\/product_tag?post=671"}],"curies":[{"name":"wp","href":"https:\/\/api.w.org\/{rel}","templated":true}]}}