{"id":66731,"date":"2026-01-09T14:20:14","date_gmt":"2026-01-09T13:20:14","guid":{"rendered":"https:\/\/vitalstoffversand.com\/produkt\/vit4ever-mio-inositolo-240-capsule\/"},"modified":"2026-03-21T15:52:39","modified_gmt":"2026-03-21T14:52:39","slug":"vit4ever-mio-inositolo-240-capsule","status":"publish","type":"product","link":"https:\/\/vitalstoffversand.com\/it\/prodotto\/vit4ever-mio-inositolo-240-capsule\/","title":{"rendered":"Vit4ever <br>Mio-inositolo &#8211; 240 capsule"},"content":{"rendered":"<p>Il mio-inositolo \u00e8 un composto naturale che partecipa a numerosi processi metabolici nell&#8217;organismo umano e viene assunto attraverso l&#8217;alimentazione.<\/p>\n<p>Poich\u00e9 l&#8217;inositolo \u00e8 presente principalmente negli agrumi, nei legumi e nei cereali, non \u00e8 sempre garantito un apporto sufficiente.<\/p>\n<ul>\n<li>Vegano<\/li>\n<li>Senza glutine<\/li>\n<li>Senza lattosio<\/li>\n<li>Senza OGM<\/li>\n<li>Prodotto secondo rigorosi standard di qualit\u00e0 nell&#8217;UE<\/li>\n<\/ul>\n","protected":false},"excerpt":{"rendered":"<p>Il mio-inositolo \u00e8 un composto naturale che partecipa a numerosi processi metabolici nell&#8217;organismo umano e viene assunto attraverso l&#8217;alimentazione. Poich\u00e9 l&#8217;inositolo \u00e8 presente principalmente negli agrumi, nei legumi e nei cereali, non \u00e8 sempre garantito un apporto sufficiente. Vegano Senza glutine Senza lattosio Senza OGM Prodotto secondo rigorosi standard di qualit\u00e0 nell&#8217;UE<\/p>\n","protected":false},"featured_media":66725,"template":"","meta":{"_acf_changed":false},"product_brand":[10218],"product_cat":[349,364],"product_tag":[],"class_list":{"0":"post-66731","1":"product","2":"type-product","3":"status-publish","4":"has-post-thumbnail","6":"product_brand-vit4ever-it","7":"product_cat-nutrienti","8":"product_cat-prodotti-dalla-a-alla-z","10":"first","11":"instock","12":"taxable","13":"shipping-taxable","14":"purchasable","15":"product-type-simple"},"acf":[],"_links":{"self":[{"href":"https:\/\/vitalstoffversand.com\/it\/wp-json\/wp\/v2\/product\/66731","targetHints":{"allow":["GET"]}}],"collection":[{"href":"https:\/\/vitalstoffversand.com\/it\/wp-json\/wp\/v2\/product"}],"about":[{"href":"https:\/\/vitalstoffversand.com\/it\/wp-json\/wp\/v2\/types\/product"}],"wp:featuredmedia":[{"embeddable":true,"href":"https:\/\/vitalstoffversand.com\/it\/wp-json\/wp\/v2\/media\/66725"}],"wp:attachment":[{"href":"https:\/\/vitalstoffversand.com\/it\/wp-json\/wp\/v2\/media?parent=66731"}],"wp:term":[{"taxonomy":"product_brand","embeddable":true,"href":"https:\/\/vitalstoffversand.com\/it\/wp-json\/wp\/v2\/product_brand?post=66731"},{"taxonomy":"product_cat","embeddable":true,"href":"https:\/\/vitalstoffversand.com\/it\/wp-json\/wp\/v2\/product_cat?post=66731"},{"taxonomy":"product_tag","embeddable":true,"href":"https:\/\/vitalstoffversand.com\/it\/wp-json\/wp\/v2\/product_tag?post=66731"}],"curies":[{"name":"wp","href":"https:\/\/api.w.org\/{rel}","templated":true}]}}