{"id":66689,"date":"2026-02-24T14:14:24","date_gmt":"2026-02-24T13:14:24","guid":{"rendered":"https:\/\/vitalstoffversand.com\/produkt\/vit4ever-estratto-di-incenso-240-capsule\/"},"modified":"2026-03-21T15:52:05","modified_gmt":"2026-03-21T14:52:05","slug":"vit4ever-estratto-di-incenso-240-capsule","status":"publish","type":"product","link":"https:\/\/vitalstoffversand.com\/it\/prodotto\/vit4ever-estratto-di-incenso-240-capsule\/","title":{"rendered":"Vit4ever <br>Estratto di incenso &#8211; 240 capsule"},"content":{"rendered":"<p>L&#8217;incenso \u00e8 una resina naturale (olibano) ed \u00e8 apprezzato da migliaia di anni nella medicina popolare ayurvedica, cos\u00ec come lo era dagli antichi egizi.<\/p>\n<p>Oltre agli oli essenziali, la resina contiene anche acidi boswellici, che stimolano un enzima responsabile della formazione dei leucotrieni antinfiammatori, rendendo tradizionalmente l&#8217;incenso un&#8217;alternativa naturale per i disturbi articolari e le infiammazioni intestinali.<\/p>\n<ul>\n<li>Vegano<\/li>\n<li>Senza glutine<\/li>\n<li>Senza lattosio<\/li>\n<li>Senza OGM<\/li>\n<li>Prodotto secondo rigorosi standard di qualit\u00e0 nell&#8217;UE<\/li>\n<\/ul>\n","protected":false},"excerpt":{"rendered":"<p>L&#8217;incenso \u00e8 una resina naturale (olibano) ed \u00e8 apprezzato da migliaia di anni nella medicina popolare ayurvedica, cos\u00ec come lo era dagli antichi egizi. Oltre agli oli essenziali, la resina contiene anche acidi boswellici, che stimolano un enzima responsabile della formazione dei leucotrieni antinfiammatori, rendendo tradizionalmente l&#8217;incenso un&#8217;alternativa naturale per i disturbi articolari e le [&hellip;]<\/p>\n","protected":false},"featured_media":66681,"template":"","meta":{"_acf_changed":false},"product_brand":[10218],"product_cat":[349,364],"product_tag":[],"class_list":{"0":"post-66689","1":"product","2":"type-product","3":"status-publish","4":"has-post-thumbnail","6":"product_brand-vit4ever-it","7":"product_cat-nutrienti","8":"product_cat-prodotti-dalla-a-alla-z","10":"first","11":"instock","12":"taxable","13":"shipping-taxable","14":"purchasable","15":"product-type-simple"},"acf":[],"_links":{"self":[{"href":"https:\/\/vitalstoffversand.com\/it\/wp-json\/wp\/v2\/product\/66689","targetHints":{"allow":["GET"]}}],"collection":[{"href":"https:\/\/vitalstoffversand.com\/it\/wp-json\/wp\/v2\/product"}],"about":[{"href":"https:\/\/vitalstoffversand.com\/it\/wp-json\/wp\/v2\/types\/product"}],"wp:featuredmedia":[{"embeddable":true,"href":"https:\/\/vitalstoffversand.com\/it\/wp-json\/wp\/v2\/media\/66681"}],"wp:attachment":[{"href":"https:\/\/vitalstoffversand.com\/it\/wp-json\/wp\/v2\/media?parent=66689"}],"wp:term":[{"taxonomy":"product_brand","embeddable":true,"href":"https:\/\/vitalstoffversand.com\/it\/wp-json\/wp\/v2\/product_brand?post=66689"},{"taxonomy":"product_cat","embeddable":true,"href":"https:\/\/vitalstoffversand.com\/it\/wp-json\/wp\/v2\/product_cat?post=66689"},{"taxonomy":"product_tag","embeddable":true,"href":"https:\/\/vitalstoffversand.com\/it\/wp-json\/wp\/v2\/product_tag?post=66689"}],"curies":[{"name":"wp","href":"https:\/\/api.w.org\/{rel}","templated":true}]}}