{"id":66323,"date":"2025-10-08T13:26:25","date_gmt":"2025-10-08T11:26:25","guid":{"rendered":"https:\/\/vitalstoffversand.com\/produkt\/vit4ever-barista-whey-protein-coffee-diverse-varieta\/"},"modified":"2025-10-08T13:26:25","modified_gmt":"2025-10-08T11:26:25","slug":"vit4ever-barista-whey-protein-coffee-diverse-varieta","status":"publish","type":"product","link":"https:\/\/vitalstoffversand.com\/it\/prodotto\/vit4ever-barista-whey-protein-coffee-diverse-varieta\/","title":{"rendered":"Vit4ever <br>Barista Whey Protein Coffee &#8211; gusti diversi"},"content":{"rendered":"<p>Chi al mattino deve scegliere tra caff\u00e8 e frullato proteico si trova di fronte a un dilemma.<\/p>\n<p>Il caff\u00e8 Barista Protein ti evita l&#8217;imbarazzo della scelta, perch\u00e9 unisce il meglio dei due mondi.<\/p>\n<p>Vollmundiger Kaffeegeschmack trifft auf hochwertiges Molkenprotein mit zugesetzter Laktase f\u00fcr eine bessere Verdaulichkeit.<\/p>\n<ul>\n<li>Senza glutine<\/li>\n<li>Senza OGM<\/li>\n<li>Prodotto secondo rigorosi standard di qualit\u00e0 nell&#8217;UE<\/li>\n<\/ul>\n","protected":false},"excerpt":{"rendered":"<p>Chi al mattino deve scegliere tra caff\u00e8 e frullato proteico si trova di fronte a un dilemma. Il caff\u00e8 Barista Protein ti evita l&#8217;imbarazzo della scelta, perch\u00e9 unisce il meglio dei due mondi. Vollmundiger Kaffeegeschmack trifft auf hochwertiges Molkenprotein mit zugesetzter Laktase f\u00fcr eine bessere Verdaulichkeit. Senza glutine Senza OGM Prodotto secondo rigorosi standard di [&hellip;]<\/p>\n","protected":false},"featured_media":58584,"template":"","meta":{"_acf_changed":false},"product_brand":[10218],"product_cat":[344,364],"product_tag":[],"class_list":{"0":"post-66323","1":"product","2":"type-product","3":"status-publish","4":"has-post-thumbnail","6":"product_brand-vit4ever-it","7":"product_cat-proteine-it","8":"product_cat-prodotti-dalla-a-alla-z","10":"first","11":"instock","12":"taxable","13":"shipping-taxable","14":"purchasable","15":"product-type-variable"},"acf":[],"_links":{"self":[{"href":"https:\/\/vitalstoffversand.com\/it\/wp-json\/wp\/v2\/product\/66323","targetHints":{"allow":["GET"]}}],"collection":[{"href":"https:\/\/vitalstoffversand.com\/it\/wp-json\/wp\/v2\/product"}],"about":[{"href":"https:\/\/vitalstoffversand.com\/it\/wp-json\/wp\/v2\/types\/product"}],"wp:featuredmedia":[{"embeddable":true,"href":"https:\/\/vitalstoffversand.com\/it\/wp-json\/wp\/v2\/media\/58584"}],"wp:attachment":[{"href":"https:\/\/vitalstoffversand.com\/it\/wp-json\/wp\/v2\/media?parent=66323"}],"wp:term":[{"taxonomy":"product_brand","embeddable":true,"href":"https:\/\/vitalstoffversand.com\/it\/wp-json\/wp\/v2\/product_brand?post=66323"},{"taxonomy":"product_cat","embeddable":true,"href":"https:\/\/vitalstoffversand.com\/it\/wp-json\/wp\/v2\/product_cat?post=66323"},{"taxonomy":"product_tag","embeddable":true,"href":"https:\/\/vitalstoffversand.com\/it\/wp-json\/wp\/v2\/product_tag?post=66323"}],"curies":[{"name":"wp","href":"https:\/\/api.w.org\/{rel}","templated":true}]}}