{"id":66060,"date":"2025-09-01T18:47:51","date_gmt":"2025-09-01T16:47:51","guid":{"rendered":"https:\/\/vitalstoffversand.com\/produkt\/vit4ever-bromelain-intenso-7500-f-i-p-120-capsule\/"},"modified":"2025-09-01T18:47:51","modified_gmt":"2025-09-01T16:47:51","slug":"vit4ever-bromelain-intenso-7500-f-i-p-120-capsule","status":"publish","type":"product","link":"https:\/\/vitalstoffversand.com\/it\/prodotto\/vit4ever-bromelain-intenso-7500-f-i-p-120-capsule\/","title":{"rendered":"Vit4ever <br>Bromelain Intenso 7500 F.I.P. &#8211; 120 capsule"},"content":{"rendered":"<p>Bromelina Intenso con 7500 F.I.P. (Federation Internationale Pharmaceutique = unit\u00e0 di misura dell&#8217;attivit\u00e0 enzimatica).<\/p>\n<p>La sostanza ricavata dalla pianta dell&#8217;ananas \u00e8 composta da due enzimi.<\/p>\n<p>La bromelina viene utilizzata anche come rimedio naturale contro il gonfiore causato da lesioni e interventi chirurgici.<\/p>\n<p>Ha inoltre propriet\u00e0 antinfiammatorie e digestive.<\/p>\n<p>Le capsule sono rivestite di materiale enterico, in modo che il principio attivo venga rilasciato solo dove pu\u00f2 essere assorbito.<\/p>\n<ul>\n<li>Vegano<\/li>\n<li>Senza glutine<\/li>\n<li>Senza lattosio<\/li>\n<li>Senza OGM<\/li>\n<li>Prodotto secondo rigorosi standard di qualit\u00e0 nell&#8217;UE<\/li>\n<\/ul>\n","protected":false},"excerpt":{"rendered":"<p>Bromelina Intenso con 7500 F.I.P. (Federation Internationale Pharmaceutique = unit\u00e0 di misura dell&#8217;attivit\u00e0 enzimatica). La sostanza ricavata dalla pianta dell&#8217;ananas \u00e8 composta da due enzimi. La bromelina viene utilizzata anche come rimedio naturale contro il gonfiore causato da lesioni e interventi chirurgici. Ha inoltre propriet\u00e0 antinfiammatorie e digestive. Le capsule sono rivestite di materiale enterico, [&hellip;]<\/p>\n","protected":false},"featured_media":57904,"template":"","meta":{"_acf_changed":false},"product_brand":[10218],"product_cat":[349,364],"product_tag":[],"class_list":{"0":"post-66060","1":"product","2":"type-product","3":"status-publish","4":"has-post-thumbnail","6":"product_brand-vit4ever-it","7":"product_cat-nutrienti","8":"product_cat-prodotti-dalla-a-alla-z","10":"first","11":"outofstock","12":"taxable","13":"shipping-taxable","14":"purchasable","15":"product-type-simple"},"acf":[],"_links":{"self":[{"href":"https:\/\/vitalstoffversand.com\/it\/wp-json\/wp\/v2\/product\/66060","targetHints":{"allow":["GET"]}}],"collection":[{"href":"https:\/\/vitalstoffversand.com\/it\/wp-json\/wp\/v2\/product"}],"about":[{"href":"https:\/\/vitalstoffversand.com\/it\/wp-json\/wp\/v2\/types\/product"}],"wp:featuredmedia":[{"embeddable":true,"href":"https:\/\/vitalstoffversand.com\/it\/wp-json\/wp\/v2\/media\/57904"}],"wp:attachment":[{"href":"https:\/\/vitalstoffversand.com\/it\/wp-json\/wp\/v2\/media?parent=66060"}],"wp:term":[{"taxonomy":"product_brand","embeddable":true,"href":"https:\/\/vitalstoffversand.com\/it\/wp-json\/wp\/v2\/product_brand?post=66060"},{"taxonomy":"product_cat","embeddable":true,"href":"https:\/\/vitalstoffversand.com\/it\/wp-json\/wp\/v2\/product_cat?post=66060"},{"taxonomy":"product_tag","embeddable":true,"href":"https:\/\/vitalstoffversand.com\/it\/wp-json\/wp\/v2\/product_tag?post=66060"}],"curies":[{"name":"wp","href":"https:\/\/api.w.org\/{rel}","templated":true}]}}