{"id":65808,"date":"2025-06-11T16:17:45","date_gmt":"2025-06-11T14:17:45","guid":{"rendered":"https:\/\/vitalstoffversand.com\/produkt\/vit4ever-glucomannano-radice-di-konjac-240-capsule\/"},"modified":"2025-06-11T16:17:45","modified_gmt":"2025-06-11T14:17:45","slug":"vit4ever-glucomannano-radice-di-konjac-240-capsule","status":"publish","type":"product","link":"https:\/\/vitalstoffversand.com\/it\/prodotto\/vit4ever-glucomannano-radice-di-konjac-240-capsule\/","title":{"rendered":"Vit4ever <br>Glucomannano (radice di konjac) &#8211; 240 capsule"},"content":{"rendered":"<p><span style=\"color: #0000ff;\"><strong><a href=\"https:\/\/vitalstoffversand.com\/knowledge-base\/glucomannan-konjak-mannan\/\" target=\"_blank\" rel=\"noopener\">\u2192 Il glucomannano<\/a><\/strong><\/span> (detto anche mannan di konjac) \u00e8 una fibra alimentare estratta dalla radice di konjac e, come scientificamente dimostrato, agisce come coadiuvante naturale nella perdita di peso.<\/p>\n<p>Grazie alla sua elevata capacit\u00e0 di rigonfiamento, aumenta il volume nello stomaco, favorendo cos\u00ec il senso di saziet\u00e0.<\/p>\n<p>Il prodotto \u00e8 arricchito con <span style=\"color: #0000ff;\"><strong><a href=\"https:\/\/vitalstoffversand.com\/knowledge-base\/chrom\/\" target=\"_blank\" rel=\"noopener\">\u2192 cromo<\/a><\/strong><\/span>, che favorisce il normale metabolismo.<\/p>\n<ul>\n<li>Vegano<\/li>\n<li>Senza glutine<\/li>\n<li>Senza lattosio<\/li>\n<li>Senza OGM<\/li>\n<li>Prodotto secondo rigorosi standard di qualit\u00e0 nell&#8217;UE<\/li>\n<\/ul>\n","protected":false},"excerpt":{"rendered":"<p>\u2192 Il glucomannano (detto anche mannan di konjac) \u00e8 una fibra alimentare estratta dalla radice di konjac e, come scientificamente dimostrato, agisce come coadiuvante naturale nella perdita di peso. Grazie alla sua elevata capacit\u00e0 di rigonfiamento, aumenta il volume nello stomaco, favorendo cos\u00ec il senso di saziet\u00e0. Il prodotto \u00e8 arricchito con \u2192 cromo, che [&hellip;]<\/p>\n","protected":false},"featured_media":55832,"template":"","meta":{"_acf_changed":false},"product_brand":[10218],"product_cat":[349,364],"product_tag":[],"class_list":{"0":"post-65808","1":"product","2":"type-product","3":"status-publish","4":"has-post-thumbnail","6":"product_brand-vit4ever-it","7":"product_cat-nutrienti","8":"product_cat-prodotti-dalla-a-alla-z","10":"first","11":"instock","12":"taxable","13":"shipping-taxable","14":"purchasable","15":"product-type-simple"},"acf":[],"_links":{"self":[{"href":"https:\/\/vitalstoffversand.com\/it\/wp-json\/wp\/v2\/product\/65808","targetHints":{"allow":["GET"]}}],"collection":[{"href":"https:\/\/vitalstoffversand.com\/it\/wp-json\/wp\/v2\/product"}],"about":[{"href":"https:\/\/vitalstoffversand.com\/it\/wp-json\/wp\/v2\/types\/product"}],"wp:featuredmedia":[{"embeddable":true,"href":"https:\/\/vitalstoffversand.com\/it\/wp-json\/wp\/v2\/media\/55832"}],"wp:attachment":[{"href":"https:\/\/vitalstoffversand.com\/it\/wp-json\/wp\/v2\/media?parent=65808"}],"wp:term":[{"taxonomy":"product_brand","embeddable":true,"href":"https:\/\/vitalstoffversand.com\/it\/wp-json\/wp\/v2\/product_brand?post=65808"},{"taxonomy":"product_cat","embeddable":true,"href":"https:\/\/vitalstoffversand.com\/it\/wp-json\/wp\/v2\/product_cat?post=65808"},{"taxonomy":"product_tag","embeddable":true,"href":"https:\/\/vitalstoffversand.com\/it\/wp-json\/wp\/v2\/product_tag?post=65808"}],"curies":[{"name":"wp","href":"https:\/\/api.w.org\/{rel}","templated":true}]}}