{"id":65790,"date":"2025-10-02T11:57:43","date_gmt":"2025-10-02T09:57:43","guid":{"rendered":"https:\/\/vitalstoffversand.com\/produkt\/vit4ever-silicio-365-capsule\/"},"modified":"2026-03-21T15:53:21","modified_gmt":"2026-03-21T14:53:21","slug":"vit4ever-silicio-365-capsule","status":"publish","type":"product","link":"https:\/\/vitalstoffversand.com\/it\/prodotto\/vit4ever-silicio-365-capsule\/","title":{"rendered":"Vit4ever <br>Silicio &#8211; 365 capsule"},"content":{"rendered":"<p>Il silicio di Vit4ever ti offre silicio organico di alta qualit\u00e0 ricavato dai germogli di bamb\u00f9, una fonte vegetale e al tempo stesso una delle pi\u00f9 ricche di questo minerale.<\/p>\n<p>Ideale per tutti coloro che desiderano prendersi cura in modo olistico di pelle, capelli, unghie e tessuto connettivo.<\/p>\n<ul>\n<li>Vegano<\/li>\n<li>Senza glutine<\/li>\n<li>Senza lattosio<\/li>\n<li>Senza OGM<\/li>\n<li>Prodotto secondo rigorosi standard di qualit\u00e0 nell&#8217;UE<\/li>\n<\/ul>\n","protected":false},"excerpt":{"rendered":"<p>Il silicio di Vit4ever ti offre silicio organico di alta qualit\u00e0 ricavato dai germogli di bamb\u00f9, una fonte vegetale e al tempo stesso una delle pi\u00f9 ricche di questo minerale. Ideale per tutti coloro che desiderano prendersi cura in modo olistico di pelle, capelli, unghie e tessuto connettivo. Vegano Senza glutine Senza lattosio Senza OGM [&hellip;]<\/p>\n","protected":false},"featured_media":55496,"template":"","meta":{"_acf_changed":false},"product_brand":[10218],"product_cat":[341,364],"product_tag":[],"class_list":{"0":"post-65790","1":"product","2":"type-product","3":"status-publish","4":"has-post-thumbnail","6":"product_brand-vit4ever-it","7":"product_cat-minerali-e-oligoelementi","8":"product_cat-prodotti-dalla-a-alla-z","10":"first","11":"instock","12":"taxable","13":"shipping-taxable","14":"purchasable","15":"product-type-simple"},"acf":[],"_links":{"self":[{"href":"https:\/\/vitalstoffversand.com\/it\/wp-json\/wp\/v2\/product\/65790","targetHints":{"allow":["GET"]}}],"collection":[{"href":"https:\/\/vitalstoffversand.com\/it\/wp-json\/wp\/v2\/product"}],"about":[{"href":"https:\/\/vitalstoffversand.com\/it\/wp-json\/wp\/v2\/types\/product"}],"wp:featuredmedia":[{"embeddable":true,"href":"https:\/\/vitalstoffversand.com\/it\/wp-json\/wp\/v2\/media\/55496"}],"wp:attachment":[{"href":"https:\/\/vitalstoffversand.com\/it\/wp-json\/wp\/v2\/media?parent=65790"}],"wp:term":[{"taxonomy":"product_brand","embeddable":true,"href":"https:\/\/vitalstoffversand.com\/it\/wp-json\/wp\/v2\/product_brand?post=65790"},{"taxonomy":"product_cat","embeddable":true,"href":"https:\/\/vitalstoffversand.com\/it\/wp-json\/wp\/v2\/product_cat?post=65790"},{"taxonomy":"product_tag","embeddable":true,"href":"https:\/\/vitalstoffversand.com\/it\/wp-json\/wp\/v2\/product_tag?post=65790"}],"curies":[{"name":"wp","href":"https:\/\/api.w.org\/{rel}","templated":true}]}}