{"id":65676,"date":"2025-09-01T18:50:38","date_gmt":"2025-09-01T16:50:38","guid":{"rendered":"https:\/\/vitalstoffversand.com\/produkt\/vit4ever-lactase-7000-direct-365-compresse\/"},"modified":"2026-03-21T15:54:48","modified_gmt":"2026-03-21T14:54:48","slug":"vit4ever-lactase-7000-direct-365-compresse","status":"publish","type":"product","link":"https:\/\/vitalstoffversand.com\/it\/prodotto\/vit4ever-lactase-7000-direct-365-compresse\/","title":{"rendered":"Vit4ever <br>Lactase 7000 direct &#8211; 365 compresse"},"content":{"rendered":"<p>Lattasi diretta con 7000 unit\u00e0 FCC.<\/p>\n<p>La lingua ufficiale del regolamento EFSA sulle indicazioni sulla salute recita:<\/p>\n<p>\u201cPer le persone che hanno problemi a digerire il lattosio, la lattasi migliora la digestione del lattosio\u201d.<\/p>\n<p>In realt\u00e0 non c&#8217;\u00e8 molto da aggiungere e questo prodotto \u00e8 particolarmente interessante per le persone intolleranti al lattosio.<\/p>\n<ul>\n<li>Vegano<\/li>\n<li>Senza glutine<\/li>\n<li>Senza lattosio<\/li>\n<li>Senza OGM<\/li>\n<li>Prodotto secondo rigorosi standard di qualit\u00e0 nell&#8217;UE<\/li>\n<\/ul>\n","protected":false},"excerpt":{"rendered":"<p>Lattasi diretta con 7000 unit\u00e0 FCC. La lingua ufficiale del regolamento EFSA sulle indicazioni sulla salute recita: \u201cPer le persone che hanno problemi a digerire il lattosio, la lattasi migliora la digestione del lattosio\u201d. In realt\u00e0 non c&#8217;\u00e8 molto da aggiungere e questo prodotto \u00e8 particolarmente interessante per le persone intolleranti al lattosio. Vegano Senza [&hellip;]<\/p>\n","protected":false},"featured_media":54480,"template":"","meta":{"_acf_changed":false},"product_brand":[10218],"product_cat":[349,364],"product_tag":[],"class_list":{"0":"post-65676","1":"product","2":"type-product","3":"status-publish","4":"has-post-thumbnail","6":"product_brand-vit4ever-it","7":"product_cat-nutrienti","8":"product_cat-prodotti-dalla-a-alla-z","10":"first","11":"instock","12":"taxable","13":"shipping-taxable","14":"purchasable","15":"product-type-simple"},"acf":[],"_links":{"self":[{"href":"https:\/\/vitalstoffversand.com\/it\/wp-json\/wp\/v2\/product\/65676","targetHints":{"allow":["GET"]}}],"collection":[{"href":"https:\/\/vitalstoffversand.com\/it\/wp-json\/wp\/v2\/product"}],"about":[{"href":"https:\/\/vitalstoffversand.com\/it\/wp-json\/wp\/v2\/types\/product"}],"wp:featuredmedia":[{"embeddable":true,"href":"https:\/\/vitalstoffversand.com\/it\/wp-json\/wp\/v2\/media\/54480"}],"wp:attachment":[{"href":"https:\/\/vitalstoffversand.com\/it\/wp-json\/wp\/v2\/media?parent=65676"}],"wp:term":[{"taxonomy":"product_brand","embeddable":true,"href":"https:\/\/vitalstoffversand.com\/it\/wp-json\/wp\/v2\/product_brand?post=65676"},{"taxonomy":"product_cat","embeddable":true,"href":"https:\/\/vitalstoffversand.com\/it\/wp-json\/wp\/v2\/product_cat?post=65676"},{"taxonomy":"product_tag","embeddable":true,"href":"https:\/\/vitalstoffversand.com\/it\/wp-json\/wp\/v2\/product_tag?post=65676"}],"curies":[{"name":"wp","href":"https:\/\/api.w.org\/{rel}","templated":true}]}}