{"id":65485,"date":"2026-01-13T18:19:22","date_gmt":"2026-01-13T17:19:22","guid":{"rendered":"https:\/\/vitalstoffversand.com\/produkt\/gen-creapure-creatina-monoidrato-500-g\/"},"modified":"2026-03-21T15:52:21","modified_gmt":"2026-03-21T14:52:21","slug":"gen-creapure-creatina-monoidrato-500-g","status":"publish","type":"product","link":"https:\/\/vitalstoffversand.com\/it\/prodotto\/gen-creapure-creatina-monoidrato-500-g\/","title":{"rendered":"GEN <br>Creapure\u00ae &#8211; Creatina monoidrato &#8211; 500 g"},"content":{"rendered":"<p>Creatina monoidrato nella nota e collaudata qualit\u00e0 Creapure\u00ae.<\/p>\n<p>La materia prima di marca Creapure\u00ae \u00e8 prodotta in Germania ed \u00e8 sinonimo di massima purezza e qualit\u00e0.<\/p>\n<ul>\n<li>Vegano<\/li>\n<li>Senza glutine<\/li>\n<li>Senza lattosio<\/li>\n<li>Senza OGM<\/li>\n<li>Prodotto secondo rigorosi standard di qualit\u00e0 nell&#8217;UE<\/li>\n<\/ul>\n<p>&nbsp;<\/p>\n","protected":false},"excerpt":{"rendered":"<p>Creatina monoidrato nella nota e collaudata qualit\u00e0 Creapure\u00ae. La materia prima di marca Creapure\u00ae \u00e8 prodotta in Germania ed \u00e8 sinonimo di massima purezza e qualit\u00e0. Vegano Senza glutine Senza lattosio Senza OGM Prodotto secondo rigorosi standard di qualit\u00e0 nell&#8217;UE &nbsp;<\/p>\n","protected":false},"featured_media":65480,"template":"","meta":{"_acf_changed":false},"product_brand":[10198],"product_cat":[364,354],"product_tag":[],"class_list":{"0":"post-65485","1":"product","2":"type-product","3":"status-publish","4":"has-post-thumbnail","6":"product_brand-gen-german-elite-nutrition-it","7":"product_cat-prodotti-dalla-a-alla-z","8":"product_cat-integratori-sportivi","10":"first","11":"outofstock","12":"taxable","13":"shipping-taxable","14":"purchasable","15":"product-type-simple"},"acf":[],"_links":{"self":[{"href":"https:\/\/vitalstoffversand.com\/it\/wp-json\/wp\/v2\/product\/65485","targetHints":{"allow":["GET"]}}],"collection":[{"href":"https:\/\/vitalstoffversand.com\/it\/wp-json\/wp\/v2\/product"}],"about":[{"href":"https:\/\/vitalstoffversand.com\/it\/wp-json\/wp\/v2\/types\/product"}],"wp:featuredmedia":[{"embeddable":true,"href":"https:\/\/vitalstoffversand.com\/it\/wp-json\/wp\/v2\/media\/65480"}],"wp:attachment":[{"href":"https:\/\/vitalstoffversand.com\/it\/wp-json\/wp\/v2\/media?parent=65485"}],"wp:term":[{"taxonomy":"product_brand","embeddable":true,"href":"https:\/\/vitalstoffversand.com\/it\/wp-json\/wp\/v2\/product_brand?post=65485"},{"taxonomy":"product_cat","embeddable":true,"href":"https:\/\/vitalstoffversand.com\/it\/wp-json\/wp\/v2\/product_cat?post=65485"},{"taxonomy":"product_tag","embeddable":true,"href":"https:\/\/vitalstoffversand.com\/it\/wp-json\/wp\/v2\/product_tag?post=65485"}],"curies":[{"name":"wp","href":"https:\/\/api.w.org\/{rel}","templated":true}]}}