{"id":65370,"date":"2025-11-30T12:52:26","date_gmt":"2025-11-30T11:52:26","guid":{"rendered":"https:\/\/vitalstoffversand.com\/produkt\/gen-creatina-ultra-tabs-300-compresse\/"},"modified":"2026-03-21T15:52:44","modified_gmt":"2026-03-21T14:52:44","slug":"gen-creatina-ultra-tabs-300-compresse","status":"publish","type":"product","link":"https:\/\/vitalstoffversand.com\/it\/prodotto\/gen-creatina-ultra-tabs-300-compresse\/","title":{"rendered":"GEN <br>Creatina Ultra Tabs &#8211; 300 compresse"},"content":{"rendered":"<p><span style=\"color: #0000ff;\"><strong><a href=\"https:\/\/vitalstoffversand.com\/knowledge-base\/creatin-kreatin\/\" target=\"_blank\" rel=\"noopener\">\u2192 Creatin<\/a><\/strong><\/span> Ultra Caps di GEN ti fornisce, con 3 compresse, esattamente la quantit\u00e0 di creatina monoidrato pura che, secondo numerosi studi, \u00e8 considerata efficace.<\/p>\n<p>Grazie alla forma in compresse, non dovrai pi\u00f9 perdere tempo a miscelare il prodotto e potrai avere la tua creatina sempre a portata di mano.<\/p>\n<ul>\n<li>Vegano<\/li>\n<li>Senza glutine<\/li>\n<li>Senza lattosio<\/li>\n<li>Senza OGM<\/li>\n<li>Prodotto secondo rigorosi standard di qualit\u00e0 nell&#8217;UE<\/li>\n<\/ul>\n","protected":false},"excerpt":{"rendered":"<p>\u2192 Creatin Ultra Caps di GEN ti fornisce, con 3 compresse, esattamente la quantit\u00e0 di creatina monoidrato pura che, secondo numerosi studi, \u00e8 considerata efficace. Grazie alla forma in compresse, non dovrai pi\u00f9 perdere tempo a miscelare il prodotto e potrai avere la tua creatina sempre a portata di mano. Vegano Senza glutine Senza lattosio [&hellip;]<\/p>\n","protected":false},"featured_media":65365,"template":"","meta":{"_acf_changed":false},"product_brand":[10198],"product_cat":[354,364],"product_tag":[],"class_list":{"0":"post-65370","1":"product","2":"type-product","3":"status-publish","4":"has-post-thumbnail","6":"product_brand-gen-german-elite-nutrition-it","7":"product_cat-integratori-sportivi","8":"product_cat-prodotti-dalla-a-alla-z","10":"first","11":"instock","12":"taxable","13":"shipping-taxable","14":"purchasable","15":"product-type-simple"},"acf":[],"_links":{"self":[{"href":"https:\/\/vitalstoffversand.com\/it\/wp-json\/wp\/v2\/product\/65370","targetHints":{"allow":["GET"]}}],"collection":[{"href":"https:\/\/vitalstoffversand.com\/it\/wp-json\/wp\/v2\/product"}],"about":[{"href":"https:\/\/vitalstoffversand.com\/it\/wp-json\/wp\/v2\/types\/product"}],"wp:featuredmedia":[{"embeddable":true,"href":"https:\/\/vitalstoffversand.com\/it\/wp-json\/wp\/v2\/media\/65365"}],"wp:attachment":[{"href":"https:\/\/vitalstoffversand.com\/it\/wp-json\/wp\/v2\/media?parent=65370"}],"wp:term":[{"taxonomy":"product_brand","embeddable":true,"href":"https:\/\/vitalstoffversand.com\/it\/wp-json\/wp\/v2\/product_brand?post=65370"},{"taxonomy":"product_cat","embeddable":true,"href":"https:\/\/vitalstoffversand.com\/it\/wp-json\/wp\/v2\/product_cat?post=65370"},{"taxonomy":"product_tag","embeddable":true,"href":"https:\/\/vitalstoffversand.com\/it\/wp-json\/wp\/v2\/product_tag?post=65370"}],"curies":[{"name":"wp","href":"https:\/\/api.w.org\/{rel}","templated":true}]}}