{"id":65213,"date":"2025-06-11T17:55:46","date_gmt":"2025-06-11T15:55:46","guid":{"rendered":"https:\/\/vitalstoffversand.com\/produkt\/gen-creatina-aromatizzata-550-g-vari-gusti\/"},"modified":"2026-03-13T12:30:58","modified_gmt":"2026-03-13T11:30:58","slug":"gen-creatina-aromatizzata-550-g-vari-gusti","status":"publish","type":"product","link":"https:\/\/vitalstoffversand.com\/it\/prodotto\/gen-creatina-aromatizzata-550-g-vari-gusti\/","title":{"rendered":"GEN <br>Creatina aromatizzata &#8211; 550 g &#8211; gusti diversi"},"content":{"rendered":"<p>Creatina aromatizzata+ con taurina.<\/p>\n<p>Ogni porzione ti fornisce 3 g di <span style=\"color: #0000ff;\"><strong><a href=\"https:\/\/vitalstoffversand.com\/knowledge-base\/creatin-kreatin\/\" target=\"_blank\" rel=\"noopener\">\u2192 creatina monoidrato<\/a><\/strong><\/span> pura e 500 mg di L-taurina.<\/p>\n<p>Qui il gusto incontra la qualit\u00e0, poich\u00e9 la polvere \u00e8 disponibile in 8 deliziosi gusti.<\/p>\n<ul>\n<li>Vegano<\/li>\n<li>Senza glutine<\/li>\n<li>Senza lattosio<\/li>\n<li>Senza OGM<\/li>\n<li>Prodotto secondo rigorosi standard di qualit\u00e0 nell&#8217;UE<\/li>\n<\/ul>\n","protected":false},"excerpt":{"rendered":"<p>Creatina aromatizzata+ con taurina. Ogni porzione ti fornisce 3 g di \u2192 creatina monoidrato pura e 500 mg di L-taurina. Qui il gusto incontra la qualit\u00e0, poich\u00e9 la polvere \u00e8 disponibile in 8 deliziosi gusti. Vegano Senza glutine Senza lattosio Senza OGM Prodotto secondo rigorosi standard di qualit\u00e0 nell&#8217;UE<\/p>\n","protected":false},"featured_media":48517,"template":"","meta":{"_acf_changed":false},"product_brand":[10198],"product_cat":[354,364],"product_tag":[],"class_list":{"0":"post-65213","1":"product","2":"type-product","3":"status-publish","4":"has-post-thumbnail","6":"product_brand-gen-german-elite-nutrition-it","7":"product_cat-integratori-sportivi","8":"product_cat-prodotti-dalla-a-alla-z","10":"first","11":"instock","12":"taxable","13":"shipping-taxable","14":"purchasable","15":"product-type-variable"},"acf":[],"_links":{"self":[{"href":"https:\/\/vitalstoffversand.com\/it\/wp-json\/wp\/v2\/product\/65213","targetHints":{"allow":["GET"]}}],"collection":[{"href":"https:\/\/vitalstoffversand.com\/it\/wp-json\/wp\/v2\/product"}],"about":[{"href":"https:\/\/vitalstoffversand.com\/it\/wp-json\/wp\/v2\/types\/product"}],"wp:featuredmedia":[{"embeddable":true,"href":"https:\/\/vitalstoffversand.com\/it\/wp-json\/wp\/v2\/media\/48517"}],"wp:attachment":[{"href":"https:\/\/vitalstoffversand.com\/it\/wp-json\/wp\/v2\/media?parent=65213"}],"wp:term":[{"taxonomy":"product_brand","embeddable":true,"href":"https:\/\/vitalstoffversand.com\/it\/wp-json\/wp\/v2\/product_brand?post=65213"},{"taxonomy":"product_cat","embeddable":true,"href":"https:\/\/vitalstoffversand.com\/it\/wp-json\/wp\/v2\/product_cat?post=65213"},{"taxonomy":"product_tag","embeddable":true,"href":"https:\/\/vitalstoffversand.com\/it\/wp-json\/wp\/v2\/product_tag?post=65213"}],"curies":[{"name":"wp","href":"https:\/\/api.w.org\/{rel}","templated":true}]}}