{"id":65185,"date":"2025-06-11T17:52:05","date_gmt":"2025-06-11T15:52:05","guid":{"rendered":"https:\/\/vitalstoffversand.com\/produkt\/gen-complesso-enzimatico-premium-120-capsule\/"},"modified":"2025-06-11T17:52:05","modified_gmt":"2025-06-11T15:52:05","slug":"gen-complesso-enzimatico-premium-120-capsule","status":"publish","type":"product","link":"https:\/\/vitalstoffversand.com\/it\/prodotto\/gen-complesso-enzimatico-premium-120-capsule\/","title":{"rendered":"GEN <br>Complesso enzimatico Premium &#8211; 120 capsule"},"content":{"rendered":"<p>Nonostante un&#8217;alimentazione sana e l&#8217;assunzione di integratori di alta qualit\u00e0, spesso ci troviamo di fronte alla difficolt\u00e0 che i nutrienti non vengano assorbiti in modo ottimale.<\/p>\n<p>\u00c8 qui che entra in gioco Enzyme Complex, poich\u00e9 \u00e8 composto da una miscela di enzimi brevettati DigeZyme\u00ae, estratti vegetali, enzimi digestivi e probiotici, in grado di sostenere il nostro sistema digestivo e migliorare la biodisponibilit\u00e0 dei nutrienti assunti.<\/p>\n<ul>\n<li>Vegano<\/li>\n<li>Senza glutine<\/li>\n<li>Senza lattosio<\/li>\n<li>Senza OGM<\/li>\n<li>Prodotto secondo rigorosi standard di qualit\u00e0 nell&#8217;UE<\/li>\n<\/ul>\n","protected":false},"excerpt":{"rendered":"<p>Nonostante un&#8217;alimentazione sana e l&#8217;assunzione di integratori di alta qualit\u00e0, spesso ci troviamo di fronte alla difficolt\u00e0 che i nutrienti non vengano assorbiti in modo ottimale. \u00c8 qui che entra in gioco Enzyme Complex, poich\u00e9 \u00e8 composto da una miscela di enzimi brevettati DigeZyme\u00ae, estratti vegetali, enzimi digestivi e probiotici, in grado di sostenere il [&hellip;]<\/p>\n","protected":false},"featured_media":48397,"template":"","meta":{"_acf_changed":false},"product_brand":[10198],"product_cat":[349,364],"product_tag":[],"class_list":{"0":"post-65185","1":"product","2":"type-product","3":"status-publish","4":"has-post-thumbnail","6":"product_brand-gen-german-elite-nutrition-it","7":"product_cat-nutrienti","8":"product_cat-prodotti-dalla-a-alla-z","10":"first","11":"instock","12":"taxable","13":"shipping-taxable","14":"purchasable","15":"product-type-simple"},"acf":[],"_links":{"self":[{"href":"https:\/\/vitalstoffversand.com\/it\/wp-json\/wp\/v2\/product\/65185","targetHints":{"allow":["GET"]}}],"collection":[{"href":"https:\/\/vitalstoffversand.com\/it\/wp-json\/wp\/v2\/product"}],"about":[{"href":"https:\/\/vitalstoffversand.com\/it\/wp-json\/wp\/v2\/types\/product"}],"wp:featuredmedia":[{"embeddable":true,"href":"https:\/\/vitalstoffversand.com\/it\/wp-json\/wp\/v2\/media\/48397"}],"wp:attachment":[{"href":"https:\/\/vitalstoffversand.com\/it\/wp-json\/wp\/v2\/media?parent=65185"}],"wp:term":[{"taxonomy":"product_brand","embeddable":true,"href":"https:\/\/vitalstoffversand.com\/it\/wp-json\/wp\/v2\/product_brand?post=65185"},{"taxonomy":"product_cat","embeddable":true,"href":"https:\/\/vitalstoffversand.com\/it\/wp-json\/wp\/v2\/product_cat?post=65185"},{"taxonomy":"product_tag","embeddable":true,"href":"https:\/\/vitalstoffversand.com\/it\/wp-json\/wp\/v2\/product_tag?post=65185"}],"curies":[{"name":"wp","href":"https:\/\/api.w.org\/{rel}","templated":true}]}}