{"id":65085,"date":"2025-09-19T13:38:19","date_gmt":"2025-09-19T11:38:19","guid":{"rendered":"https:\/\/vitalstoffversand.com\/produkt\/gen-creatina-hcl-240-capsule\/"},"modified":"2026-03-21T15:53:54","modified_gmt":"2026-03-21T14:53:54","slug":"gen-creatina-hcl-240-capsule","status":"publish","type":"product","link":"https:\/\/vitalstoffversand.com\/it\/prodotto\/gen-creatina-hcl-240-capsule\/","title":{"rendered":"GEN <br>Creatina HCL &#8211; 240 capsule"},"content":{"rendered":"<p>La creatina HCL \u00e8 un prodotto di alta qualit\u00e0 che fornisce 3000 mg di creatina cloridrato (HCL) pura per dose giornaliera raccomandata.<\/p>\n<p>In questa forma,<span style=\"color: #0000ff;\"><strong><a href=\"https:\/\/vitalstoffversand.com\/knowledge-base\/creatin-kreatin\/\" target=\"_blank\" rel=\"noopener\"> la creatina<\/a><\/strong><\/span> ha una biodisponibilit\u00e0 particolarmente elevata, motivo per cui anche piccole quantit\u00e0 sono sufficienti per riempire in modo ottimale le tue riserve energetiche.<\/p>\n<p>Rispetto alla creatina monoidrato, la creatina HCL ha una migliore solubilit\u00e0, viene assorbita pi\u00f9 facilmente ed \u00e8 spesso pi\u00f9 tollerabile per lo stomaco.<\/p>\n<ul>\n<li>Vegano<\/li>\n<li>Senza glutine<\/li>\n<li>Senza lattosio<\/li>\n<li>Senza OGM<\/li>\n<li>Prodotto secondo rigorosi standard di qualit\u00e0 nell&#8217;UE<\/li>\n<\/ul>\n","protected":false},"excerpt":{"rendered":"<p>La creatina HCL \u00e8 un prodotto di alta qualit\u00e0 che fornisce 3000 mg di creatina cloridrato (HCL) pura per dose giornaliera raccomandata. In questa forma, la creatina ha una biodisponibilit\u00e0 particolarmente elevata, motivo per cui anche piccole quantit\u00e0 sono sufficienti per riempire in modo ottimale le tue riserve energetiche. Rispetto alla creatina monoidrato, la creatina [&hellip;]<\/p>\n","protected":false},"featured_media":48109,"template":"","meta":{"_acf_changed":false},"product_brand":[10198],"product_cat":[354,364],"product_tag":[],"class_list":{"0":"post-65085","1":"product","2":"type-product","3":"status-publish","4":"has-post-thumbnail","6":"product_brand-gen-german-elite-nutrition-it","7":"product_cat-integratori-sportivi","8":"product_cat-prodotti-dalla-a-alla-z","10":"first","11":"outofstock","12":"taxable","13":"shipping-taxable","14":"purchasable","15":"product-type-simple"},"acf":[],"_links":{"self":[{"href":"https:\/\/vitalstoffversand.com\/it\/wp-json\/wp\/v2\/product\/65085","targetHints":{"allow":["GET"]}}],"collection":[{"href":"https:\/\/vitalstoffversand.com\/it\/wp-json\/wp\/v2\/product"}],"about":[{"href":"https:\/\/vitalstoffversand.com\/it\/wp-json\/wp\/v2\/types\/product"}],"wp:featuredmedia":[{"embeddable":true,"href":"https:\/\/vitalstoffversand.com\/it\/wp-json\/wp\/v2\/media\/48109"}],"wp:attachment":[{"href":"https:\/\/vitalstoffversand.com\/it\/wp-json\/wp\/v2\/media?parent=65085"}],"wp:term":[{"taxonomy":"product_brand","embeddable":true,"href":"https:\/\/vitalstoffversand.com\/it\/wp-json\/wp\/v2\/product_brand?post=65085"},{"taxonomy":"product_cat","embeddable":true,"href":"https:\/\/vitalstoffversand.com\/it\/wp-json\/wp\/v2\/product_cat?post=65085"},{"taxonomy":"product_tag","embeddable":true,"href":"https:\/\/vitalstoffversand.com\/it\/wp-json\/wp\/v2\/product_tag?post=65085"}],"curies":[{"name":"wp","href":"https:\/\/api.w.org\/{rel}","templated":true}]}}