{"id":65011,"date":"2025-09-01T18:51:45","date_gmt":"2025-09-01T16:51:45","guid":{"rendered":"https:\/\/vitalstoffversand.com\/produkt\/vit4ever-bisglicinato-di-magnesio-240-capsule\/"},"modified":"2026-03-21T15:54:40","modified_gmt":"2026-03-21T14:54:40","slug":"vit4ever-bisglicinato-di-magnesio-240-capsule","status":"publish","type":"product","link":"https:\/\/vitalstoffversand.com\/it\/prodotto\/vit4ever-bisglicinato-di-magnesio-240-capsule\/","title":{"rendered":"Vit4ever <br>Bisglicinato di magnesio &#8211; 240 capsule"},"content":{"rendered":"<p><a href=\"https:\/\/vitalstoffversand.com\/knowledge-base\/magnesium\/\" target=\"_blank\" rel=\"noopener\"><span style=\"color: #0000ff;\"><strong>\u2192 Il magnesio<\/strong><\/span><\/a> \u00e8 necessario per numerose funzioni corporee ed \u00e8 uno dei minerali vitali che dobbiamo assumere con l&#8217;alimentazione.<\/p>\n<p>Il magnesio bisglicinato \u00e8 un composto di magnesio e dell&#8217;aminoacido glicina.<\/p>\n<p>\u00c8 considerato particolarmente ben assorbito e tollerato.<\/p>\n<ul>\n<li>Vegano<\/li>\n<li>Senza glutine<\/li>\n<li>Senza lattosio<\/li>\n<li>Senza OGM<\/li>\n<li>Prodotto secondo rigorosi standard di qualit\u00e0 nell&#8217;UE<\/li>\n<\/ul>\n","protected":false},"excerpt":{"rendered":"<p>\u2192 Il magnesio \u00e8 necessario per numerose funzioni corporee ed \u00e8 uno dei minerali vitali che dobbiamo assumere con l&#8217;alimentazione. Il magnesio bisglicinato \u00e8 un composto di magnesio e dell&#8217;aminoacido glicina. \u00c8 considerato particolarmente ben assorbito e tollerato. Vegano Senza glutine Senza lattosio Senza OGM Prodotto secondo rigorosi standard di qualit\u00e0 nell&#8217;UE<\/p>\n","protected":false},"featured_media":49365,"template":"","meta":{"_acf_changed":false},"product_brand":[10218],"product_cat":[341,364],"product_tag":[],"class_list":{"0":"post-65011","1":"product","2":"type-product","3":"status-publish","4":"has-post-thumbnail","6":"product_brand-vit4ever-it","7":"product_cat-minerali-e-oligoelementi","8":"product_cat-prodotti-dalla-a-alla-z","10":"first","11":"instock","12":"taxable","13":"shipping-taxable","14":"purchasable","15":"product-type-simple"},"acf":[],"_links":{"self":[{"href":"https:\/\/vitalstoffversand.com\/it\/wp-json\/wp\/v2\/product\/65011","targetHints":{"allow":["GET"]}}],"collection":[{"href":"https:\/\/vitalstoffversand.com\/it\/wp-json\/wp\/v2\/product"}],"about":[{"href":"https:\/\/vitalstoffversand.com\/it\/wp-json\/wp\/v2\/types\/product"}],"wp:featuredmedia":[{"embeddable":true,"href":"https:\/\/vitalstoffversand.com\/it\/wp-json\/wp\/v2\/media\/49365"}],"wp:attachment":[{"href":"https:\/\/vitalstoffversand.com\/it\/wp-json\/wp\/v2\/media?parent=65011"}],"wp:term":[{"taxonomy":"product_brand","embeddable":true,"href":"https:\/\/vitalstoffversand.com\/it\/wp-json\/wp\/v2\/product_brand?post=65011"},{"taxonomy":"product_cat","embeddable":true,"href":"https:\/\/vitalstoffversand.com\/it\/wp-json\/wp\/v2\/product_cat?post=65011"},{"taxonomy":"product_tag","embeddable":true,"href":"https:\/\/vitalstoffversand.com\/it\/wp-json\/wp\/v2\/product_tag?post=65011"}],"curies":[{"name":"wp","href":"https:\/\/api.w.org\/{rel}","templated":true}]}}