{"id":64688,"date":"2026-02-25T12:56:30","date_gmt":"2026-02-25T11:56:30","guid":{"rendered":"https:\/\/vitalstoffversand.com\/?post_type=product&#038;p=64688"},"modified":"2026-03-21T15:51:59","modified_gmt":"2026-03-21T14:51:59","slug":"gen-creatina-monoidrato-1000-g-kopie","status":"publish","type":"product","link":"https:\/\/vitalstoffversand.com\/it\/prodotto\/gen-creatina-monoidrato-1000-g-kopie\/","title":{"rendered":"GEN <br>Creatina monoidrato in polvere &#8211; Sacchetto &#8211; 1000 g"},"content":{"rendered":"<p>Quasi tutti gli sportivi e gli appassionati di fitness lo conoscono: <strong><span style=\"color: #0000ff;\"><a href=\"https:\/\/vitalstoffversand.com\/knowledge-base\/creatin-kreatin\/\" target=\"_blank\" rel=\"noopener\">\u2192 creatina<\/a><\/span><\/strong> monoidrato. Molti lo utilizzano regolarmente o ne hanno gi\u00e0 sentito parlare.<\/p>\n<p>La creatina \u00e8 utile perch\u00e9 funge da riserva energetica per l&#8217;organismo.<\/p>\n<p>Sebbene la creatina sia prodotta dal nostro organismo, \u00e8 comunque opportuno integrarla con un supplemento durante l&#8217;attivit\u00e0 sportiva.<\/p>\n<ul>\n<li>Vegano<\/li>\n<li>Senza glutine<\/li>\n<li>Senza lattosio<\/li>\n<li>Senza OGM<\/li>\n<li>Prodotto secondo rigorosi standard di qualit\u00e0 nell&#8217;UE<\/li>\n<\/ul>\n","protected":false},"excerpt":{"rendered":"<p>Quasi tutti gli sportivi e gli appassionati di fitness lo conoscono: \u2192 creatina monoidrato. Molti lo utilizzano regolarmente o ne hanno gi\u00e0 sentito parlare. La creatina \u00e8 utile perch\u00e9 funge da riserva energetica per l&#8217;organismo. Sebbene la creatina sia prodotta dal nostro organismo, \u00e8 comunque opportuno integrarla con un supplemento durante l&#8217;attivit\u00e0 sportiva. Vegano Senza [&hellip;]<\/p>\n","protected":false},"featured_media":64721,"template":"","meta":{"_acf_changed":false},"product_brand":[10198],"product_cat":[354,364],"product_tag":[],"class_list":{"0":"post-64688","1":"product","2":"type-product","3":"status-publish","4":"has-post-thumbnail","6":"product_brand-gen-german-elite-nutrition-it","7":"product_cat-integratori-sportivi","8":"product_cat-prodotti-dalla-a-alla-z","10":"first","11":"instock","12":"taxable","13":"shipping-taxable","14":"purchasable","15":"product-type-simple"},"acf":[],"_links":{"self":[{"href":"https:\/\/vitalstoffversand.com\/it\/wp-json\/wp\/v2\/product\/64688","targetHints":{"allow":["GET"]}}],"collection":[{"href":"https:\/\/vitalstoffversand.com\/it\/wp-json\/wp\/v2\/product"}],"about":[{"href":"https:\/\/vitalstoffversand.com\/it\/wp-json\/wp\/v2\/types\/product"}],"wp:featuredmedia":[{"embeddable":true,"href":"https:\/\/vitalstoffversand.com\/it\/wp-json\/wp\/v2\/media\/64721"}],"wp:attachment":[{"href":"https:\/\/vitalstoffversand.com\/it\/wp-json\/wp\/v2\/media?parent=64688"}],"wp:term":[{"taxonomy":"product_brand","embeddable":true,"href":"https:\/\/vitalstoffversand.com\/it\/wp-json\/wp\/v2\/product_brand?post=64688"},{"taxonomy":"product_cat","embeddable":true,"href":"https:\/\/vitalstoffversand.com\/it\/wp-json\/wp\/v2\/product_cat?post=64688"},{"taxonomy":"product_tag","embeddable":true,"href":"https:\/\/vitalstoffversand.com\/it\/wp-json\/wp\/v2\/product_tag?post=64688"}],"curies":[{"name":"wp","href":"https:\/\/api.w.org\/{rel}","templated":true}]}}