{"id":63134,"date":"2026-02-15T17:09:49","date_gmt":"2026-02-15T16:09:49","guid":{"rendered":"https:\/\/vitalstoffversand.com\/?post_type=product&#038;p=63134"},"modified":"2026-03-21T15:52:10","modified_gmt":"2026-03-21T14:52:10","slug":"vit4ever-msm-metilsulfonilmetano-1100-g-kopie","status":"publish","type":"product","link":"https:\/\/vitalstoffversand.com\/it\/prodotto\/vit4ever-msm-metilsulfonilmetano-1100-g-kopie\/","title":{"rendered":"Vit4ever <br>Erba d&#8217;orzo in polvere &#8211; 1000 g"},"content":{"rendered":"<p>L&#8217;erba d&#8217;orzo giovane \u00e8 ricca di minerali, oligoelementi, vitamine, antiossidanti e sostanze amare.<\/p>\n<p>Questo prodotto di alta qualit\u00e0 proveniente dai Paesi Bassi \u00e8 quindi un vero e proprio tuttofare della natura.<\/p>\n<ul>\n<li>Vegano<\/li>\n<li>Senza glutine<\/li>\n<li>Senza lattosio<\/li>\n<li>Senza OGM<\/li>\n<li>Prodotto secondo rigorosi standard di qualit\u00e0 nell&#8217;UE<\/li>\n<\/ul>\n","protected":false},"excerpt":{"rendered":"<p>L&#8217;erba d&#8217;orzo giovane \u00e8 ricca di minerali, oligoelementi, vitamine, antiossidanti e sostanze amare. Questo prodotto di alta qualit\u00e0 proveniente dai Paesi Bassi \u00e8 quindi un vero e proprio tuttofare della natura. Vegano Senza glutine Senza lattosio Senza OGM Prodotto secondo rigorosi standard di qualit\u00e0 nell&#8217;UE<\/p>\n","protected":false},"featured_media":63373,"template":"","meta":{"_acf_changed":false},"product_brand":[10218],"product_cat":[349,364],"product_tag":[],"class_list":{"0":"post-63134","1":"product","2":"type-product","3":"status-publish","4":"has-post-thumbnail","6":"product_brand-vit4ever-it","7":"product_cat-nutrienti","8":"product_cat-prodotti-dalla-a-alla-z","10":"first","11":"instock","12":"taxable","13":"shipping-taxable","14":"purchasable","15":"product-type-simple"},"acf":[],"_links":{"self":[{"href":"https:\/\/vitalstoffversand.com\/it\/wp-json\/wp\/v2\/product\/63134","targetHints":{"allow":["GET"]}}],"collection":[{"href":"https:\/\/vitalstoffversand.com\/it\/wp-json\/wp\/v2\/product"}],"about":[{"href":"https:\/\/vitalstoffversand.com\/it\/wp-json\/wp\/v2\/types\/product"}],"wp:featuredmedia":[{"embeddable":true,"href":"https:\/\/vitalstoffversand.com\/it\/wp-json\/wp\/v2\/media\/63373"}],"wp:attachment":[{"href":"https:\/\/vitalstoffversand.com\/it\/wp-json\/wp\/v2\/media?parent=63134"}],"wp:term":[{"taxonomy":"product_brand","embeddable":true,"href":"https:\/\/vitalstoffversand.com\/it\/wp-json\/wp\/v2\/product_brand?post=63134"},{"taxonomy":"product_cat","embeddable":true,"href":"https:\/\/vitalstoffversand.com\/it\/wp-json\/wp\/v2\/product_cat?post=63134"},{"taxonomy":"product_tag","embeddable":true,"href":"https:\/\/vitalstoffversand.com\/it\/wp-json\/wp\/v2\/product_tag?post=63134"}],"curies":[{"name":"wp","href":"https:\/\/api.w.org\/{rel}","templated":true}]}}