{"id":62772,"date":"2026-01-31T19:30:35","date_gmt":"2026-01-31T18:30:35","guid":{"rendered":"https:\/\/vitalstoffversand.com\/produkt\/alphavitalis-bisglicinato-di-zinco-25-mg-365-compresse\/"},"modified":"2026-03-21T15:52:11","modified_gmt":"2026-03-21T14:52:11","slug":"alphavitalis-bisglicinato-di-zinco-25-mg-365-compresse","status":"publish","type":"product","link":"https:\/\/vitalstoffversand.com\/it\/prodotto\/alphavitalis-bisglicinato-di-zinco-25-mg-365-compresse\/","title":{"rendered":"alphavitalis <br>Bisglicinato di zinco &#8211; 25 mg &#8211; 365 compresse"},"content":{"rendered":"<p><span style=\"color: #0000ff;\"><strong><a href=\"https:\/\/vitalstoffversand.com\/knowledge-base\/zink\/\" target=\"_blank\" rel=\"noopener\">\u2192 Lo zinco<\/a><\/strong><\/span> \u00e8 un principio attivo importante per il nostro sistema immunitario, il metabolismo, la pelle, i capelli e le unghie.<\/p>\n<p>Il bisglicinato di zinco \u00e8 un composto che offre una biodisponibilit\u00e0 ottimale.<\/p>\n<ul>\n<li>Vegano<\/li>\n<li>Senza glutine<\/li>\n<li>Senza lattosio<\/li>\n<li>Senza OGM<\/li>\n<li>Prodotto secondo rigorosi standard di qualit\u00e0 nell&#8217;UE<\/li>\n<\/ul>\n","protected":false},"excerpt":{"rendered":"<p>\u2192 Lo zinco \u00e8 un principio attivo importante per il nostro sistema immunitario, il metabolismo, la pelle, i capelli e le unghie. Il bisglicinato di zinco \u00e8 un composto che offre una biodisponibilit\u00e0 ottimale. Vegano Senza glutine Senza lattosio Senza OGM Prodotto secondo rigorosi standard di qualit\u00e0 nell&#8217;UE<\/p>\n","protected":false},"featured_media":62768,"template":"","meta":{"_acf_changed":false},"product_brand":[10191],"product_cat":[341,364],"product_tag":[],"class_list":{"0":"post-62772","1":"product","2":"type-product","3":"status-publish","4":"has-post-thumbnail","6":"product_brand-alphavitalis-it","7":"product_cat-minerali-e-oligoelementi","8":"product_cat-prodotti-dalla-a-alla-z","10":"first","11":"instock","12":"taxable","13":"shipping-taxable","14":"purchasable","15":"product-type-simple"},"acf":[],"_links":{"self":[{"href":"https:\/\/vitalstoffversand.com\/it\/wp-json\/wp\/v2\/product\/62772","targetHints":{"allow":["GET"]}}],"collection":[{"href":"https:\/\/vitalstoffversand.com\/it\/wp-json\/wp\/v2\/product"}],"about":[{"href":"https:\/\/vitalstoffversand.com\/it\/wp-json\/wp\/v2\/types\/product"}],"wp:featuredmedia":[{"embeddable":true,"href":"https:\/\/vitalstoffversand.com\/it\/wp-json\/wp\/v2\/media\/62768"}],"wp:attachment":[{"href":"https:\/\/vitalstoffversand.com\/it\/wp-json\/wp\/v2\/media?parent=62772"}],"wp:term":[{"taxonomy":"product_brand","embeddable":true,"href":"https:\/\/vitalstoffversand.com\/it\/wp-json\/wp\/v2\/product_brand?post=62772"},{"taxonomy":"product_cat","embeddable":true,"href":"https:\/\/vitalstoffversand.com\/it\/wp-json\/wp\/v2\/product_cat?post=62772"},{"taxonomy":"product_tag","embeddable":true,"href":"https:\/\/vitalstoffversand.com\/it\/wp-json\/wp\/v2\/product_tag?post=62772"}],"curies":[{"name":"wp","href":"https:\/\/api.w.org\/{rel}","templated":true}]}}