{"id":62193,"date":"2025-12-18T15:59:24","date_gmt":"2025-12-18T14:59:24","guid":{"rendered":"https:\/\/vitalstoffversand.com\/?post_type=product&#038;p=62193"},"modified":"2026-03-21T15:52:42","modified_gmt":"2026-03-21T14:52:42","slug":"gen-creatina-monoidrato-500-g-kopie","status":"publish","type":"product","link":"https:\/\/vitalstoffversand.com\/it\/prodotto\/gen-creatina-monoidrato-500-g-kopie\/","title":{"rendered":"GEN <br>Creatina monoidrato &#8211; 300 g"},"content":{"rendered":"<p><strong><span style=\"color: #0000ff;\"><a href=\"https:\/\/vitalstoffversand.com\/knowledge-base\/creatin-kreatin\/\" target=\"_blank\" rel=\"noopener\">\u2192 La creatina<\/a><\/span><\/strong> monoidrato \u00e8 uno degli integratori alimentari pi\u00f9 conosciuti tra gli sportivi, poich\u00e9 molti la utilizzano o almeno ne hanno gi\u00e0 sentito parlare.<\/p>\n<p>Funge da riserva energetica per l&#8217;organismo e viene prodotto dal nostro stesso corpo.<\/p>\n<p>In ogni caso, pu\u00f2 essere utile sostenere le attivit\u00e0 sportive con l&#8217;integrazione di creatina.<\/p>\n<ul>\n<li>Vegano<\/li>\n<li>Senza glutine<\/li>\n<li>Senza lattosio<\/li>\n<li>Senza OGM<\/li>\n<li>Prodotto secondo rigorosi standard di qualit\u00e0 nell&#8217;UE<\/li>\n<\/ul>\n","protected":false},"excerpt":{"rendered":"<p>\u2192 La creatina monoidrato \u00e8 uno degli integratori alimentari pi\u00f9 conosciuti tra gli sportivi, poich\u00e9 molti la utilizzano o almeno ne hanno gi\u00e0 sentito parlare. Funge da riserva energetica per l&#8217;organismo e viene prodotto dal nostro stesso corpo. In ogni caso, pu\u00f2 essere utile sostenere le attivit\u00e0 sportive con l&#8217;integrazione di creatina. Vegano Senza glutine [&hellip;]<\/p>\n","protected":false},"featured_media":62234,"template":"","meta":{"_acf_changed":false},"product_brand":[10198],"product_cat":[354,364],"product_tag":[],"class_list":{"0":"post-62193","1":"product","2":"type-product","3":"status-publish","4":"has-post-thumbnail","6":"product_brand-gen-german-elite-nutrition-it","7":"product_cat-integratori-sportivi","8":"product_cat-prodotti-dalla-a-alla-z","10":"first","11":"outofstock","12":"taxable","13":"shipping-taxable","14":"purchasable","15":"product-type-simple"},"acf":[],"_links":{"self":[{"href":"https:\/\/vitalstoffversand.com\/it\/wp-json\/wp\/v2\/product\/62193","targetHints":{"allow":["GET"]}}],"collection":[{"href":"https:\/\/vitalstoffversand.com\/it\/wp-json\/wp\/v2\/product"}],"about":[{"href":"https:\/\/vitalstoffversand.com\/it\/wp-json\/wp\/v2\/types\/product"}],"wp:featuredmedia":[{"embeddable":true,"href":"https:\/\/vitalstoffversand.com\/it\/wp-json\/wp\/v2\/media\/62234"}],"wp:attachment":[{"href":"https:\/\/vitalstoffversand.com\/it\/wp-json\/wp\/v2\/media?parent=62193"}],"wp:term":[{"taxonomy":"product_brand","embeddable":true,"href":"https:\/\/vitalstoffversand.com\/it\/wp-json\/wp\/v2\/product_brand?post=62193"},{"taxonomy":"product_cat","embeddable":true,"href":"https:\/\/vitalstoffversand.com\/it\/wp-json\/wp\/v2\/product_cat?post=62193"},{"taxonomy":"product_tag","embeddable":true,"href":"https:\/\/vitalstoffversand.com\/it\/wp-json\/wp\/v2\/product_tag?post=62193"}],"curies":[{"name":"wp","href":"https:\/\/api.w.org\/{rel}","templated":true}]}}