{"id":60513,"date":"2025-09-01T18:46:00","date_gmt":"2025-09-01T16:46:00","guid":{"rendered":"https:\/\/vitalstoffversand.com\/produkt\/gen-creatina-monoidrato-500-g\/"},"modified":"2026-03-11T14:59:43","modified_gmt":"2026-03-11T13:59:43","slug":"gen-creatina-monoidrato-500-g","status":"publish","type":"product","link":"https:\/\/vitalstoffversand.com\/it\/prodotto\/gen-creatina-monoidrato-500-g\/","title":{"rendered":"GEN <br>Creatina monoidrato &#8211; 500 g"},"content":{"rendered":"<p>Quasi tutti gli atleti conoscono la <a href=\"https:\/\/vitalstoffversand.com\/knowledge-base\/creatin-kreatin\/\" target=\"_blank\" rel=\"noopener\"><strong><span style=\"color: #0000ff;\">\u2192 creatina<\/span><\/strong><\/a> monoidrato, poich\u00e9 molti la utilizzano personalmente o ne hanno almeno sentito parlare.<\/p>\n<p>La creatina serve all&#8217;organismo come riserva di energia ed \u00e8 anche prodotta dal nostro stesso corpo.<\/p>\n<p>Tuttavia, pu\u00f2 essere sensato sostenere le proprie attivit\u00e0 sportive integrando la creatina.<\/p>\n<ul>\n<li>Vegano<\/li>\n<li>Senza glutine<\/li>\n<li>Senza lattosio<\/li>\n<li>Senza OGM<\/li>\n<li>Prodotto secondo rigorosi standard di qualit\u00e0 nell&#8217;UE<\/li>\n<\/ul>\n","protected":false},"excerpt":{"rendered":"<p>Quasi tutti gli atleti conoscono la \u2192 creatina monoidrato, poich\u00e9 molti la utilizzano personalmente o ne hanno almeno sentito parlare. La creatina serve all&#8217;organismo come riserva di energia ed \u00e8 anche prodotta dal nostro stesso corpo. Tuttavia, pu\u00f2 essere sensato sostenere le proprie attivit\u00e0 sportive integrando la creatina. Vegano Senza glutine Senza lattosio Senza OGM [&hellip;]<\/p>\n","protected":false},"featured_media":45124,"template":"","meta":{"_acf_changed":false},"product_brand":[10198],"product_cat":[349,364],"product_tag":[],"class_list":{"0":"post-60513","1":"product","2":"type-product","3":"status-publish","4":"has-post-thumbnail","6":"product_brand-gen-german-elite-nutrition-it","7":"product_cat-nutrienti","8":"product_cat-prodotti-dalla-a-alla-z","10":"first","11":"outofstock","12":"taxable","13":"shipping-taxable","14":"purchasable","15":"product-type-simple"},"acf":[],"_links":{"self":[{"href":"https:\/\/vitalstoffversand.com\/it\/wp-json\/wp\/v2\/product\/60513","targetHints":{"allow":["GET"]}}],"collection":[{"href":"https:\/\/vitalstoffversand.com\/it\/wp-json\/wp\/v2\/product"}],"about":[{"href":"https:\/\/vitalstoffversand.com\/it\/wp-json\/wp\/v2\/types\/product"}],"wp:featuredmedia":[{"embeddable":true,"href":"https:\/\/vitalstoffversand.com\/it\/wp-json\/wp\/v2\/media\/45124"}],"wp:attachment":[{"href":"https:\/\/vitalstoffversand.com\/it\/wp-json\/wp\/v2\/media?parent=60513"}],"wp:term":[{"taxonomy":"product_brand","embeddable":true,"href":"https:\/\/vitalstoffversand.com\/it\/wp-json\/wp\/v2\/product_brand?post=60513"},{"taxonomy":"product_cat","embeddable":true,"href":"https:\/\/vitalstoffversand.com\/it\/wp-json\/wp\/v2\/product_cat?post=60513"},{"taxonomy":"product_tag","embeddable":true,"href":"https:\/\/vitalstoffversand.com\/it\/wp-json\/wp\/v2\/product_tag?post=60513"}],"curies":[{"name":"wp","href":"https:\/\/api.w.org\/{rel}","templated":true}]}}