{"id":26525,"date":"2025-04-15T16:01:48","date_gmt":"2025-04-15T14:01:48","guid":{"rendered":"https:\/\/vitalstoffversand.com\/?post_type=product&#038;p=26525"},"modified":"2026-03-17T16:43:25","modified_gmt":"2026-03-17T15:43:25","slug":"vit4ever-d-mannosio-mirtillo-rosso-250-g-kopie-kopie-kopie","status":"publish","type":"product","link":"https:\/\/vitalstoffversand.com\/it\/prodotto\/vit4ever-d-mannosio-mirtillo-rosso-250-g-kopie-kopie-kopie\/","title":{"rendered":"Vit4ever <br>Peptidi di collagene &#8211; 300 capsule"},"content":{"rendered":"<p>Il collagene \u00e8 uno dei componenti fondamentali del nostro organismo per la pelle, le articolazioni, le ossa e il tessuto connettivo.<\/p>\n<p>Con l&#8217;avanzare dell&#8217;et\u00e0, la produzione endogena di collagene diminuisce, pertanto pu\u00f2 essere utile assumerne una quantit\u00e0 supplementare.<\/p>\n<ul>\n<li>Senza glutine<\/li>\n<li>Senza lattosio<\/li>\n<li>Senza OGM<\/li>\n<li>Prodotto secondo rigorosi standard di qualit\u00e0 nell&#8217;UE<\/li>\n<\/ul>\n","protected":false},"excerpt":{"rendered":"<p>Il collagene \u00e8 uno dei componenti fondamentali del nostro organismo per la pelle, le articolazioni, le ossa e il tessuto connettivo. Con l&#8217;avanzare dell&#8217;et\u00e0, la produzione endogena di collagene diminuisce, pertanto pu\u00f2 essere utile assumerne una quantit\u00e0 supplementare. Senza glutine Senza lattosio Senza OGM Prodotto secondo rigorosi standard di qualit\u00e0 nell&#8217;UE<\/p>\n","protected":false},"featured_media":58064,"template":"","meta":{"_acf_changed":false},"product_brand":[10218],"product_cat":[333,364],"product_tag":[],"class_list":{"0":"post-26525","1":"product","2":"type-product","3":"status-publish","4":"has-post-thumbnail","6":"product_brand-vit4ever-it","7":"product_cat-aminoacidi","8":"product_cat-prodotti-dalla-a-alla-z","10":"first","11":"instock","12":"taxable","13":"shipping-taxable","14":"purchasable","15":"product-type-simple"},"acf":[],"_links":{"self":[{"href":"https:\/\/vitalstoffversand.com\/it\/wp-json\/wp\/v2\/product\/26525","targetHints":{"allow":["GET"]}}],"collection":[{"href":"https:\/\/vitalstoffversand.com\/it\/wp-json\/wp\/v2\/product"}],"about":[{"href":"https:\/\/vitalstoffversand.com\/it\/wp-json\/wp\/v2\/types\/product"}],"wp:featuredmedia":[{"embeddable":true,"href":"https:\/\/vitalstoffversand.com\/it\/wp-json\/wp\/v2\/media\/58064"}],"wp:attachment":[{"href":"https:\/\/vitalstoffversand.com\/it\/wp-json\/wp\/v2\/media?parent=26525"}],"wp:term":[{"taxonomy":"product_brand","embeddable":true,"href":"https:\/\/vitalstoffversand.com\/it\/wp-json\/wp\/v2\/product_brand?post=26525"},{"taxonomy":"product_cat","embeddable":true,"href":"https:\/\/vitalstoffversand.com\/it\/wp-json\/wp\/v2\/product_cat?post=26525"},{"taxonomy":"product_tag","embeddable":true,"href":"https:\/\/vitalstoffversand.com\/it\/wp-json\/wp\/v2\/product_tag?post=26525"}],"curies":[{"name":"wp","href":"https:\/\/api.w.org\/{rel}","templated":true}]}}