{"id":26360,"date":"2025-04-07T16:39:22","date_gmt":"2025-04-07T14:39:22","guid":{"rendered":"https:\/\/vitalstoffversand.com\/produkt\/vit4ever-complesso-di-magnesio-11-volte-240-capsule\/"},"modified":"2026-03-16T17:24:16","modified_gmt":"2026-03-16T16:24:16","slug":"vit4ever-complesso-di-magnesio-11-volte-240-capsule","status":"publish","type":"product","link":"https:\/\/vitalstoffversand.com\/it\/prodotto\/vit4ever-complesso-di-magnesio-11-volte-240-capsule\/","title":{"rendered":"Vit4ever <br>Complesso di magnesio 11 volte &#8211; 240 capsule"},"content":{"rendered":"<p>Il complesso di magnesio 11 volte offre all&#8217;organismo 11 diversi composti di magnesio, che insieme agiscono come un&#8217;orchestra ben coordinata e forniscono all&#8217;organismo il <strong><span style=\"color: #0000ff;\"><a style=\"color: #0000ff;\" href=\"https:\/\/vitalstoffversand.com\/knowledge-base\/magnesium\/\" target=\"_blank\" rel=\"noopener\">\u2192 magnesio<\/a><\/span><\/strong> elementare in modi diversi ma ottimali, grazie alle rispettive propriet\u00e0 di questi composti.<\/p>\n<p>I diversi composti garantiscono un mix unico dei vantaggi di ciascun composto in termini di tollerabilit\u00e0, assorbibilit\u00e0, velocit\u00e0 di assorbimento, contenuto di magnesio e biodisponibilit\u00e0.<\/p>\n<ul>\n<li>Vegano<\/li>\n<li>Senza glutine<\/li>\n<li>Senza lattosio<\/li>\n<li>Senza OGM<\/li>\n<li>Prodotto secondo rigorosi standard di qualit\u00e0 nell&#8217;UE<\/li>\n<\/ul>\n","protected":false},"excerpt":{"rendered":"<p>Il complesso di magnesio 11 volte offre all&#8217;organismo 11 diversi composti di magnesio, che insieme agiscono come un&#8217;orchestra ben coordinata e forniscono all&#8217;organismo il \u2192 magnesio elementare in modi diversi ma ottimali, grazie alle rispettive propriet\u00e0 di questi composti. I diversi composti garantiscono un mix unico dei vantaggi di ciascun composto in termini di tollerabilit\u00e0, [&hellip;]<\/p>\n","protected":false},"featured_media":57104,"template":"","meta":{"_acf_changed":false},"product_brand":[10218],"product_cat":[341,364],"product_tag":[],"class_list":{"0":"post-26360","1":"product","2":"type-product","3":"status-publish","4":"has-post-thumbnail","6":"product_brand-vit4ever-it","7":"product_cat-minerali-e-oligoelementi","8":"product_cat-prodotti-dalla-a-alla-z","10":"first","11":"instock","12":"taxable","13":"shipping-taxable","14":"purchasable","15":"product-type-simple"},"acf":[],"_links":{"self":[{"href":"https:\/\/vitalstoffversand.com\/it\/wp-json\/wp\/v2\/product\/26360","targetHints":{"allow":["GET"]}}],"collection":[{"href":"https:\/\/vitalstoffversand.com\/it\/wp-json\/wp\/v2\/product"}],"about":[{"href":"https:\/\/vitalstoffversand.com\/it\/wp-json\/wp\/v2\/types\/product"}],"wp:featuredmedia":[{"embeddable":true,"href":"https:\/\/vitalstoffversand.com\/it\/wp-json\/wp\/v2\/media\/57104"}],"wp:attachment":[{"href":"https:\/\/vitalstoffversand.com\/it\/wp-json\/wp\/v2\/media?parent=26360"}],"wp:term":[{"taxonomy":"product_brand","embeddable":true,"href":"https:\/\/vitalstoffversand.com\/it\/wp-json\/wp\/v2\/product_brand?post=26360"},{"taxonomy":"product_cat","embeddable":true,"href":"https:\/\/vitalstoffversand.com\/it\/wp-json\/wp\/v2\/product_cat?post=26360"},{"taxonomy":"product_tag","embeddable":true,"href":"https:\/\/vitalstoffversand.com\/it\/wp-json\/wp\/v2\/product_tag?post=26360"}],"curies":[{"name":"wp","href":"https:\/\/api.w.org\/{rel}","templated":true}]}}