{"id":26356,"date":"2025-04-07T12:28:55","date_gmt":"2025-04-07T10:28:55","guid":{"rendered":"https:\/\/vitalstoffversand.com\/produkt\/vit4ever-estratto-di-pepe-di-monaco-101-365-compresse\/"},"modified":"2026-03-16T16:24:41","modified_gmt":"2026-03-16T15:24:41","slug":"vit4ever-estratto-di-pepe-di-monaco-101-365-compresse","status":"publish","type":"product","link":"https:\/\/vitalstoffversand.com\/it\/prodotto\/vit4ever-estratto-di-pepe-di-monaco-101-365-compresse\/","title":{"rendered":"Vit4ever <br>Estratto di pepe di monaco 10:1 &#8211; 365 compresse"},"content":{"rendered":"<p>Il pepe di monaco (lat. Vitex Agnus-Castus) \u00e8 apprezzato fin dall&#8217;antichit\u00e0.<\/p>\n<p>Il pepe di monaco \u00e8 utilizzato come medicinale per i disturbi del ciclo mestruale o per alleviare i disturbi premestruali.<\/p>\n<ul>\n<li>Vegano<\/li>\n<li>Senza glutine<\/li>\n<li>Senza lattosio<\/li>\n<li>Senza OGM<\/li>\n<li>Prodotto secondo rigorosi standard di qualit\u00e0 nell&#8217;UE<\/li>\n<\/ul>\n","protected":false},"excerpt":{"rendered":"<p>Il pepe di monaco (lat. Vitex Agnus-Castus) \u00e8 apprezzato fin dall&#8217;antichit\u00e0. Il pepe di monaco \u00e8 utilizzato come medicinale per i disturbi del ciclo mestruale o per alleviare i disturbi premestruali. Vegano Senza glutine Senza lattosio Senza OGM Prodotto secondo rigorosi standard di qualit\u00e0 nell&#8217;UE<\/p>\n","protected":false},"featured_media":56904,"template":"","meta":{"_acf_changed":false},"product_brand":[10218],"product_cat":[349,364],"product_tag":[],"class_list":{"0":"post-26356","1":"product","2":"type-product","3":"status-publish","4":"has-post-thumbnail","6":"product_brand-vit4ever-it","7":"product_cat-nutrienti","8":"product_cat-prodotti-dalla-a-alla-z","10":"first","11":"outofstock","12":"taxable","13":"shipping-taxable","14":"purchasable","15":"product-type-simple"},"acf":[],"_links":{"self":[{"href":"https:\/\/vitalstoffversand.com\/it\/wp-json\/wp\/v2\/product\/26356","targetHints":{"allow":["GET"]}}],"collection":[{"href":"https:\/\/vitalstoffversand.com\/it\/wp-json\/wp\/v2\/product"}],"about":[{"href":"https:\/\/vitalstoffversand.com\/it\/wp-json\/wp\/v2\/types\/product"}],"wp:featuredmedia":[{"embeddable":true,"href":"https:\/\/vitalstoffversand.com\/it\/wp-json\/wp\/v2\/media\/56904"}],"wp:attachment":[{"href":"https:\/\/vitalstoffversand.com\/it\/wp-json\/wp\/v2\/media?parent=26356"}],"wp:term":[{"taxonomy":"product_brand","embeddable":true,"href":"https:\/\/vitalstoffversand.com\/it\/wp-json\/wp\/v2\/product_brand?post=26356"},{"taxonomy":"product_cat","embeddable":true,"href":"https:\/\/vitalstoffversand.com\/it\/wp-json\/wp\/v2\/product_cat?post=26356"},{"taxonomy":"product_tag","embeddable":true,"href":"https:\/\/vitalstoffversand.com\/it\/wp-json\/wp\/v2\/product_tag?post=26356"}],"curies":[{"name":"wp","href":"https:\/\/api.w.org\/{rel}","templated":true}]}}