{"id":26349,"date":"2025-01-05T16:11:26","date_gmt":"2025-01-05T15:11:26","guid":{"rendered":"https:\/\/vitalstoffversand.com\/produkt\/vit4ever-lecitina-300-capsule\/"},"modified":"2026-03-16T15:52:49","modified_gmt":"2026-03-16T14:52:49","slug":"vit4ever-lecitina-300-capsule","status":"publish","type":"product","link":"https:\/\/vitalstoffversand.com\/it\/prodotto\/vit4ever-lecitina-300-capsule\/","title":{"rendered":"Vit4ever <br>Lecitina &#8211; 300 capsule"},"content":{"rendered":"<div id=\"tab-description\" class=\"woocommerce-Tabs-panel woocommerce-Tabs-panel--description panel entry-content wc-tab\" role=\"tabpanel\" aria-labelledby=\"tab-title-description\">\n<p>Le capsule di lecitina di soia di Vit4ever sono caratterizzate da un elevato e differenziato contenuto di fosfatidi (fosfatidilcolina, fosfatidiletanolamina, fosfatidilinositolo, acido fosfatico).<\/p>\n<p>La lecitina \u00e8 una fonte preziosa di fosfolipidi ed \u00e8 nota anche per la sua propriet\u00e0 di emulsionante, cio\u00e8 di legare i grassi con l&#8217;acqua.<\/p>\n<ul>\n<li>Senza glutine<\/li>\n<li>Senza lattosio<\/li>\n<li>Senza OGM<\/li>\n<li>Prodotto secondo rigorosi standard di qualit\u00e0 nell&#8217;UE<\/li>\n<\/ul>\n<\/div>\n","protected":false},"excerpt":{"rendered":"<p>Le capsule di lecitina di soia di Vit4ever sono caratterizzate da un elevato e differenziato contenuto di fosfatidi (fosfatidilcolina, fosfatidiletanolamina, fosfatidilinositolo, acido fosfatico). La lecitina \u00e8 una fonte preziosa di fosfolipidi ed \u00e8 nota anche per la sua propriet\u00e0 di emulsionante, cio\u00e8 di legare i grassi con l&#8217;acqua. Senza glutine Senza lattosio Senza OGM Prodotto [&hellip;]<\/p>\n","protected":false},"featured_media":56560,"template":"","meta":{"_acf_changed":false},"product_brand":[10218],"product_cat":[349,364],"product_tag":[],"class_list":{"0":"post-26349","1":"product","2":"type-product","3":"status-publish","4":"has-post-thumbnail","6":"product_brand-vit4ever-it","7":"product_cat-nutrienti","8":"product_cat-prodotti-dalla-a-alla-z","10":"first","11":"instock","12":"taxable","13":"shipping-taxable","14":"purchasable","15":"product-type-simple"},"acf":[],"_links":{"self":[{"href":"https:\/\/vitalstoffversand.com\/it\/wp-json\/wp\/v2\/product\/26349","targetHints":{"allow":["GET"]}}],"collection":[{"href":"https:\/\/vitalstoffversand.com\/it\/wp-json\/wp\/v2\/product"}],"about":[{"href":"https:\/\/vitalstoffversand.com\/it\/wp-json\/wp\/v2\/types\/product"}],"wp:featuredmedia":[{"embeddable":true,"href":"https:\/\/vitalstoffversand.com\/it\/wp-json\/wp\/v2\/media\/56560"}],"wp:attachment":[{"href":"https:\/\/vitalstoffversand.com\/it\/wp-json\/wp\/v2\/media?parent=26349"}],"wp:term":[{"taxonomy":"product_brand","embeddable":true,"href":"https:\/\/vitalstoffversand.com\/it\/wp-json\/wp\/v2\/product_brand?post=26349"},{"taxonomy":"product_cat","embeddable":true,"href":"https:\/\/vitalstoffversand.com\/it\/wp-json\/wp\/v2\/product_cat?post=26349"},{"taxonomy":"product_tag","embeddable":true,"href":"https:\/\/vitalstoffversand.com\/it\/wp-json\/wp\/v2\/product_tag?post=26349"}],"curies":[{"name":"wp","href":"https:\/\/api.w.org\/{rel}","templated":true}]}}