{"id":26300,"date":"2025-04-11T12:07:42","date_gmt":"2025-04-11T10:07:42","guid":{"rendered":"https:\/\/vitalstoffversand.com\/produkt\/vit4ever-magtein-magnesio-l-treonato-120-capsule\/"},"modified":"2026-03-16T12:23:54","modified_gmt":"2026-03-16T11:23:54","slug":"vit4ever-magtein-magnesio-l-treonato-120-capsule","status":"publish","type":"product","link":"https:\/\/vitalstoffversand.com\/it\/prodotto\/vit4ever-magtein-magnesio-l-treonato-120-capsule\/","title":{"rendered":"Vit4ever <br>Magtein\u00ae Magnesio L-treonato &#8211; 120 capsule"},"content":{"rendered":"<p>Il L-treonato di magnesio \u00e8 l&#8217;unico composto di magnesio in grado di attraversare la barriera emato-encefalica ed \u00e8 quindi particolarmente indicato per sostenere le attivit\u00e0 intellettuali.<\/p>\n<p>Magtein\u00ae \u00e8 un composto brevettato di <strong><span style=\"color: #0000ff;\"><a style=\"color: #0000ff;\" href=\"https:\/\/vitalstoffversand.com\/knowledge-base\/magnesium\/\" target=\"_blank\" rel=\"noopener\">\u2192 magnesio<\/a><\/span><\/strong> e acido L-treonico, caratterizzato da una struttura innovativa e sviluppato negli Stati Uniti.<\/p>\n<p>Questo composto ha una biodisponibilit\u00e0 particolarmente efficace dei principi attivi.<\/p>\n<ul>\n<li>Vegano<\/li>\n<li>Senza glutine<\/li>\n<li>Senza lattosio<\/li>\n<li>Senza OGM<\/li>\n<li>Prodotto secondo rigorosi standard di qualit\u00e0 nell&#8217;UE<\/li>\n<\/ul>\n","protected":false},"excerpt":{"rendered":"<p>Il L-treonato di magnesio \u00e8 l&#8217;unico composto di magnesio in grado di attraversare la barriera emato-encefalica ed \u00e8 quindi particolarmente indicato per sostenere le attivit\u00e0 intellettuali. Magtein\u00ae \u00e8 un composto brevettato di \u2192 magnesio e acido L-treonico, caratterizzato da una struttura innovativa e sviluppato negli Stati Uniti. Questo composto ha una biodisponibilit\u00e0 particolarmente efficace dei [&hellip;]<\/p>\n","protected":false},"featured_media":55088,"template":"","meta":{"_acf_changed":false},"product_brand":[10218],"product_cat":[375],"product_tag":[],"class_list":{"0":"post-26300","1":"product","2":"type-product","3":"status-publish","4":"has-post-thumbnail","6":"product_brand-vit4ever-it","7":"product_cat-accessori-e-varie","9":"first","10":"instock","11":"taxable","12":"shipping-taxable","13":"purchasable","14":"product-type-simple"},"acf":[],"_links":{"self":[{"href":"https:\/\/vitalstoffversand.com\/it\/wp-json\/wp\/v2\/product\/26300","targetHints":{"allow":["GET"]}}],"collection":[{"href":"https:\/\/vitalstoffversand.com\/it\/wp-json\/wp\/v2\/product"}],"about":[{"href":"https:\/\/vitalstoffversand.com\/it\/wp-json\/wp\/v2\/types\/product"}],"wp:featuredmedia":[{"embeddable":true,"href":"https:\/\/vitalstoffversand.com\/it\/wp-json\/wp\/v2\/media\/55088"}],"wp:attachment":[{"href":"https:\/\/vitalstoffversand.com\/it\/wp-json\/wp\/v2\/media?parent=26300"}],"wp:term":[{"taxonomy":"product_brand","embeddable":true,"href":"https:\/\/vitalstoffversand.com\/it\/wp-json\/wp\/v2\/product_brand?post=26300"},{"taxonomy":"product_cat","embeddable":true,"href":"https:\/\/vitalstoffversand.com\/it\/wp-json\/wp\/v2\/product_cat?post=26300"},{"taxonomy":"product_tag","embeddable":true,"href":"https:\/\/vitalstoffversand.com\/it\/wp-json\/wp\/v2\/product_tag?post=26300"}],"curies":[{"name":"wp","href":"https:\/\/api.w.org\/{rel}","templated":true}]}}