{"id":26293,"date":"2024-11-11T17:53:50","date_gmt":"2024-11-11T16:53:50","guid":{"rendered":"https:\/\/vitalstoffversand.com\/produkt\/vit4ever-collagene-in-polvere-1000-g\/"},"modified":"2026-03-16T12:07:22","modified_gmt":"2026-03-16T11:07:22","slug":"vit4ever-collagene-in-polvere-1000-g","status":"publish","type":"product","link":"https:\/\/vitalstoffversand.com\/it\/prodotto\/vit4ever-collagene-in-polvere-1000-g\/","title":{"rendered":"Vit4ever <br>Collagene in polvere &#8211; 1000 g"},"content":{"rendered":"<p>Idrolizzato di collagene bovino ottenuto dalla scissione enzimatica del collagene bovino di tipo I e III, che si distingue per la sua eccellente purezza, biodisponibilit\u00e0 e solubilit\u00e0.<\/p>\n<p>Il prodotto ha un sapore neutro e pu\u00f2 quindi essere mescolato a molti alimenti e bevande senza alterarne il sapore.<\/p>\n<p><strong>Nota:<\/strong> questo prodotto non \u00e8 certificato halal.<\/p>\n<ul>\n<li>Senza glutine<\/li>\n<li>Senza lattosio<\/li>\n<li>Senza OGM<\/li>\n<li>Prodotto secondo rigorosi standard di qualit\u00e0 nell&#8217;UE<\/li>\n<\/ul>\n","protected":false},"excerpt":{"rendered":"<p>Idrolizzato di collagene bovino ottenuto dalla scissione enzimatica del collagene bovino di tipo I e III, che si distingue per la sua eccellente purezza, biodisponibilit\u00e0 e solubilit\u00e0. Il prodotto ha un sapore neutro e pu\u00f2 quindi essere mescolato a molti alimenti e bevande senza alterarne il sapore. Nota: questo prodotto non \u00e8 certificato halal. Senza [&hellip;]<\/p>\n","protected":false},"featured_media":62356,"template":"","meta":{"_acf_changed":false},"product_brand":[10218],"product_cat":[349,364],"product_tag":[],"class_list":{"0":"post-26293","1":"product","2":"type-product","3":"status-publish","4":"has-post-thumbnail","6":"product_brand-vit4ever-it","7":"product_cat-nutrienti","8":"product_cat-prodotti-dalla-a-alla-z","10":"first","11":"outofstock","12":"taxable","13":"shipping-taxable","14":"purchasable","15":"product-type-simple"},"acf":[],"_links":{"self":[{"href":"https:\/\/vitalstoffversand.com\/it\/wp-json\/wp\/v2\/product\/26293","targetHints":{"allow":["GET"]}}],"collection":[{"href":"https:\/\/vitalstoffversand.com\/it\/wp-json\/wp\/v2\/product"}],"about":[{"href":"https:\/\/vitalstoffversand.com\/it\/wp-json\/wp\/v2\/types\/product"}],"wp:featuredmedia":[{"embeddable":true,"href":"https:\/\/vitalstoffversand.com\/it\/wp-json\/wp\/v2\/media\/62356"}],"wp:attachment":[{"href":"https:\/\/vitalstoffversand.com\/it\/wp-json\/wp\/v2\/media?parent=26293"}],"wp:term":[{"taxonomy":"product_brand","embeddable":true,"href":"https:\/\/vitalstoffversand.com\/it\/wp-json\/wp\/v2\/product_brand?post=26293"},{"taxonomy":"product_cat","embeddable":true,"href":"https:\/\/vitalstoffversand.com\/it\/wp-json\/wp\/v2\/product_cat?post=26293"},{"taxonomy":"product_tag","embeddable":true,"href":"https:\/\/vitalstoffversand.com\/it\/wp-json\/wp\/v2\/product_tag?post=26293"}],"curies":[{"name":"wp","href":"https:\/\/api.w.org\/{rel}","templated":true}]}}