{"id":26284,"date":"2024-11-11T15:49:50","date_gmt":"2024-11-11T14:49:50","guid":{"rendered":"https:\/\/vitalstoffversand.com\/produkt\/vit4ever-ferro-vitamina-c-365-compresse\/"},"modified":"2026-03-16T10:53:39","modified_gmt":"2026-03-16T09:53:39","slug":"vit4ever-ferro-vitamina-c-365-compresse","status":"publish","type":"product","link":"https:\/\/vitalstoffversand.com\/it\/prodotto\/vit4ever-ferro-vitamina-c-365-compresse\/","title":{"rendered":"Vit4ever <br>Ferro + Vitamina C &#8211; 365 compresse"},"content":{"rendered":"<p>Entrambi <span style=\"color: #0000ff;\"><strong><a style=\"color: #0000ff;\" href=\"https:\/\/vitalstoffversand.com\/knowledge-base\/eisen\/\" target=\"_blank\" rel=\"noopener\">\u2192 ferro<\/a><\/strong><\/span>cos\u00ec come <span style=\"color: #0000ff;\"><strong><a style=\"color: #0000ff;\" href=\"https:\/\/vitalstoffversand.com\/knowledge-base\/vitamin-c\/\" target=\"_blank\" rel=\"noopener\">\u2192 vitamina C<\/a><\/strong><\/span> svolgono una serie di importanti funzioni nel nostro organismo.<\/p>\n<p>Il ferro bisglicinato utilizzato in questo prodotto \u00e8 molto facile da digerire e ha buone propriet\u00e0 di assorbimento.<\/p>\n<p>\u00c8 ideale anche per vegetariani e vegani.<\/p>\n<ul>\n<li>Vegano<\/li>\n<li>Senza glutine<\/li>\n<li>Senza lattosio<\/li>\n<li>Senza OGM<\/li>\n<li>Prodotto secondo rigorosi standard di qualit\u00e0 nell&#8217;UE<\/li>\n<\/ul>\n","protected":false},"excerpt":{"rendered":"<p>Entrambi \u2192 ferrocos\u00ec come \u2192 vitamina C svolgono una serie di importanti funzioni nel nostro organismo. Il ferro bisglicinato utilizzato in questo prodotto \u00e8 molto facile da digerire e ha buone propriet\u00e0 di assorbimento. \u00c8 ideale anche per vegetariani e vegani. Vegano Senza glutine Senza lattosio Senza OGM Prodotto secondo rigorosi standard di qualit\u00e0 nell&#8217;UE<\/p>\n","protected":false},"featured_media":54280,"template":"","meta":{"_acf_changed":false},"product_brand":[10218],"product_cat":[341,364],"product_tag":[],"class_list":{"0":"post-26284","1":"product","2":"type-product","3":"status-publish","4":"has-post-thumbnail","6":"product_brand-vit4ever-it","7":"product_cat-minerali-e-oligoelementi","8":"product_cat-prodotti-dalla-a-alla-z","10":"first","11":"instock","12":"taxable","13":"shipping-taxable","14":"purchasable","15":"product-type-simple"},"acf":[],"_links":{"self":[{"href":"https:\/\/vitalstoffversand.com\/it\/wp-json\/wp\/v2\/product\/26284","targetHints":{"allow":["GET"]}}],"collection":[{"href":"https:\/\/vitalstoffversand.com\/it\/wp-json\/wp\/v2\/product"}],"about":[{"href":"https:\/\/vitalstoffversand.com\/it\/wp-json\/wp\/v2\/types\/product"}],"wp:featuredmedia":[{"embeddable":true,"href":"https:\/\/vitalstoffversand.com\/it\/wp-json\/wp\/v2\/media\/54280"}],"wp:attachment":[{"href":"https:\/\/vitalstoffversand.com\/it\/wp-json\/wp\/v2\/media?parent=26284"}],"wp:term":[{"taxonomy":"product_brand","embeddable":true,"href":"https:\/\/vitalstoffversand.com\/it\/wp-json\/wp\/v2\/product_brand?post=26284"},{"taxonomy":"product_cat","embeddable":true,"href":"https:\/\/vitalstoffversand.com\/it\/wp-json\/wp\/v2\/product_cat?post=26284"},{"taxonomy":"product_tag","embeddable":true,"href":"https:\/\/vitalstoffversand.com\/it\/wp-json\/wp\/v2\/product_tag?post=26284"}],"curies":[{"name":"wp","href":"https:\/\/api.w.org\/{rel}","templated":true}]}}