{"id":26261,"date":"2024-11-11T14:53:57","date_gmt":"2024-11-11T13:53:57","guid":{"rendered":"https:\/\/vitalstoffversand.com\/produkt\/vit4ever-melatonina-365-compresse\/"},"modified":"2026-03-15T18:10:56","modified_gmt":"2026-03-15T17:10:56","slug":"vit4ever-melatonina-365-compresse","status":"publish","type":"product","link":"https:\/\/vitalstoffversand.com\/it\/prodotto\/vit4ever-melatonina-365-compresse\/","title":{"rendered":"Vit4ever <br>Melatonina &#8211; 365 compresse"},"content":{"rendered":"<p>La melatonina \u00e8 l&#8217;ormone del sonno proprio dell&#8217;organismo e controlla il nostro ritmo giorno-notte, cio\u00e8 il nostro \u201corologio interno\u201d, con l&#8217;aiuto della sua \u201ccontroparte\u201d, il cortisolo.<br \/>\n\u00c8 quindi la forma pi\u00f9 naturale di promozione del sonno.<\/p>\n<p>In caso di disturbi del sonno, \u00e8 quindi meglio utilizzare l&#8217;ormone del nostro corpo piuttosto che un sonnifero chimico, che in molti casi pu\u00f2 anche causare dipendenze e intolleranze. Questo pericolo non esiste con la melatonina.<\/p>\n<p>La melatonina pu\u00f2 anche essere facilmente combinata con altre sostanze calmanti come il luppolo, la valeriana o simili, senza causare effetti indesiderati.<\/p>\n<ul>\n<li>Vegano<\/li>\n<li>Senza glutine<\/li>\n<li>Senza lattosio<\/li>\n<li>Senza OGM<\/li>\n<li>Prodotto secondo rigorosi standard di qualit\u00e0 nell&#8217;UE<\/li>\n<\/ul>\n","protected":false},"excerpt":{"rendered":"<p>La melatonina \u00e8 l&#8217;ormone del sonno proprio dell&#8217;organismo e controlla il nostro ritmo giorno-notte, cio\u00e8 il nostro \u201corologio interno\u201d, con l&#8217;aiuto della sua \u201ccontroparte\u201d, il cortisolo. \u00c8 quindi la forma pi\u00f9 naturale di promozione del sonno. In caso di disturbi del sonno, \u00e8 quindi meglio utilizzare l&#8217;ormone del nostro corpo piuttosto che un sonnifero chimico, [&hellip;]<\/p>\n","protected":false},"featured_media":53560,"template":"","meta":{"_acf_changed":false},"product_brand":[10218],"product_cat":[349,364],"product_tag":[],"class_list":{"0":"post-26261","1":"product","2":"type-product","3":"status-publish","4":"has-post-thumbnail","6":"product_brand-vit4ever-it","7":"product_cat-nutrienti","8":"product_cat-prodotti-dalla-a-alla-z","10":"first","11":"outofstock","12":"taxable","13":"shipping-taxable","14":"purchasable","15":"product-type-simple"},"acf":[],"_links":{"self":[{"href":"https:\/\/vitalstoffversand.com\/it\/wp-json\/wp\/v2\/product\/26261","targetHints":{"allow":["GET"]}}],"collection":[{"href":"https:\/\/vitalstoffversand.com\/it\/wp-json\/wp\/v2\/product"}],"about":[{"href":"https:\/\/vitalstoffversand.com\/it\/wp-json\/wp\/v2\/types\/product"}],"wp:featuredmedia":[{"embeddable":true,"href":"https:\/\/vitalstoffversand.com\/it\/wp-json\/wp\/v2\/media\/53560"}],"wp:attachment":[{"href":"https:\/\/vitalstoffversand.com\/it\/wp-json\/wp\/v2\/media?parent=26261"}],"wp:term":[{"taxonomy":"product_brand","embeddable":true,"href":"https:\/\/vitalstoffversand.com\/it\/wp-json\/wp\/v2\/product_brand?post=26261"},{"taxonomy":"product_cat","embeddable":true,"href":"https:\/\/vitalstoffversand.com\/it\/wp-json\/wp\/v2\/product_cat?post=26261"},{"taxonomy":"product_tag","embeddable":true,"href":"https:\/\/vitalstoffversand.com\/it\/wp-json\/wp\/v2\/product_tag?post=26261"}],"curies":[{"name":"wp","href":"https:\/\/api.w.org\/{rel}","templated":true}]}}