{"id":26242,"date":"2024-11-11T14:26:33","date_gmt":"2024-11-11T13:26:33","guid":{"rendered":"https:\/\/vitalstoffversand.com\/produkt\/vit4ever-miscela-di-burro-di-noci-arachidianacardimandorle-1000-g\/"},"modified":"2026-03-15T17:26:07","modified_gmt":"2026-03-15T16:26:07","slug":"vit4ever-miscela-di-burro-di-noci-arachidianacardimandorle-1000-g","status":"publish","type":"product","link":"https:\/\/vitalstoffversand.com\/it\/prodotto\/vit4ever-miscela-di-burro-di-noci-arachidianacardimandorle-1000-g\/","title":{"rendered":"Vit4ever <br>Miscela di burro di noci &#8211; arachidi+anacardi+mandorle &#8211; 1000 g"},"content":{"rendered":"<p>La miscela di burro di noci \u00e8 composta dal 60% di arachidi tostate, dal 30% di anacardi e dal 10% di mandorle.<\/p>\n<p>\u00c8 una fonte di alta qualit\u00e0 di proteine e acidi grassi insaturi e contiene molti minerali e vitamine, come potassio, magnesio, vitamina E, vitamine del gruppo B e anche fibre.<\/p>\n<p>Come crema da spalmare o per rifinire dessert e prodotti da forno.<\/p>\n<p>Nota: \u00e8 normale che l&#8217;olio affiori in superficie nei prodotti a base di burro di noci e creme. Mescolando si ripristina la cremosit\u00e0. <\/p>\n<ul>\n<li>vegano<\/li>\n<li>Senza glutine<\/li>\n<li>Senza zuccheri aggiunti, olio di palma o sale<\/li>\n<li>Ricco di acidi grassi insaturi e naturali (43,7%)<\/li>\n<\/ul>\n","protected":false},"excerpt":{"rendered":"<p>La miscela di burro di noci \u00e8 composta dal 60% di arachidi tostate, dal 30% di anacardi e dal 10% di mandorle. \u00c8 una fonte di alta qualit\u00e0 di proteine e acidi grassi insaturi e contiene molti minerali e vitamine, come potassio, magnesio, vitamina E, vitamine del gruppo B e anche fibre. Come crema da [&hellip;]<\/p>\n","protected":false},"featured_media":52984,"template":"","meta":{"_acf_changed":false},"product_brand":[10218],"product_cat":[328,364],"product_tag":[],"class_list":{"0":"post-26242","1":"product","2":"type-product","3":"status-publish","4":"has-post-thumbnail","6":"product_brand-vit4ever-it","7":"product_cat-cucina-e-spuntini","8":"product_cat-prodotti-dalla-a-alla-z","10":"first","11":"instock","12":"taxable","13":"shipping-taxable","14":"purchasable","15":"product-type-simple"},"acf":[],"_links":{"self":[{"href":"https:\/\/vitalstoffversand.com\/it\/wp-json\/wp\/v2\/product\/26242","targetHints":{"allow":["GET"]}}],"collection":[{"href":"https:\/\/vitalstoffversand.com\/it\/wp-json\/wp\/v2\/product"}],"about":[{"href":"https:\/\/vitalstoffversand.com\/it\/wp-json\/wp\/v2\/types\/product"}],"wp:featuredmedia":[{"embeddable":true,"href":"https:\/\/vitalstoffversand.com\/it\/wp-json\/wp\/v2\/media\/52984"}],"wp:attachment":[{"href":"https:\/\/vitalstoffversand.com\/it\/wp-json\/wp\/v2\/media?parent=26242"}],"wp:term":[{"taxonomy":"product_brand","embeddable":true,"href":"https:\/\/vitalstoffversand.com\/it\/wp-json\/wp\/v2\/product_brand?post=26242"},{"taxonomy":"product_cat","embeddable":true,"href":"https:\/\/vitalstoffversand.com\/it\/wp-json\/wp\/v2\/product_cat?post=26242"},{"taxonomy":"product_tag","embeddable":true,"href":"https:\/\/vitalstoffversand.com\/it\/wp-json\/wp\/v2\/product_tag?post=26242"}],"curies":[{"name":"wp","href":"https:\/\/api.w.org\/{rel}","templated":true}]}}