{"id":26233,"date":"2024-11-11T14:12:33","date_gmt":"2024-11-11T13:12:33","guid":{"rendered":"https:\/\/vitalstoffversand.com\/produkt\/vit4ever-polvere-alcalinizzante-360-g\/"},"modified":"2026-03-15T16:58:37","modified_gmt":"2026-03-15T15:58:37","slug":"vit4ever-polvere-alcalinizzante-360-g","status":"publish","type":"product","link":"https:\/\/vitalstoffversand.com\/it\/prodotto\/vit4ever-polvere-alcalinizzante-360-g\/","title":{"rendered":"Vit4ever <br>Polvere alcalinizzante &#8211; 360 g"},"content":{"rendered":"<p>Polvere alcalinizzante Advanced \u00e8 una miscela di importanti minerali e oligoelementi sotto forma di sali alcalini.<\/p>\n<p>La polvere alcalinizzante pu\u00f2 contrastare l&#8217;iperacidit\u00e0 e contribuire alla disacidificazione dell&#8217;organismo se l&#8217;equilibrio acido-base \u00e8 alterato.<\/p>\n<p><strong>A causa dell&#8217;influenza sull&#8217;equilibrio naturale degli acidi gastrici, si sconsiglia l&#8217;uso ininterrotto per pi\u00f9 di 1-2 mesi.<\/strong><\/p>\n<ul>\n<li>Vegano<\/li>\n<li>Senza glutine<\/li>\n<li>Senza lattosio<\/li>\n<li>Senza OGM<\/li>\n<li>Prodotto secondo rigorosi standard di qualit\u00e0 nell&#8217;UE<\/li>\n<\/ul>\n","protected":false},"excerpt":{"rendered":"<p>Polvere alcalinizzante Advanced \u00e8 una miscela di importanti minerali e oligoelementi sotto forma di sali alcalini. La polvere alcalinizzante pu\u00f2 contrastare l&#8217;iperacidit\u00e0 e contribuire alla disacidificazione dell&#8217;organismo se l&#8217;equilibrio acido-base \u00e8 alterato. A causa dell&#8217;influenza sull&#8217;equilibrio naturale degli acidi gastrici, si sconsiglia l&#8217;uso ininterrotto per pi\u00f9 di 1-2 mesi. Vegano Senza glutine Senza lattosio Senza [&hellip;]<\/p>\n","protected":false},"featured_media":52800,"template":"","meta":{"_acf_changed":false},"product_brand":[10218],"product_cat":[349,364],"product_tag":[],"class_list":{"0":"post-26233","1":"product","2":"type-product","3":"status-publish","4":"has-post-thumbnail","6":"product_brand-vit4ever-it","7":"product_cat-nutrienti","8":"product_cat-prodotti-dalla-a-alla-z","10":"first","11":"outofstock","12":"taxable","13":"shipping-taxable","14":"purchasable","15":"product-type-simple"},"acf":[],"_links":{"self":[{"href":"https:\/\/vitalstoffversand.com\/it\/wp-json\/wp\/v2\/product\/26233","targetHints":{"allow":["GET"]}}],"collection":[{"href":"https:\/\/vitalstoffversand.com\/it\/wp-json\/wp\/v2\/product"}],"about":[{"href":"https:\/\/vitalstoffversand.com\/it\/wp-json\/wp\/v2\/types\/product"}],"wp:featuredmedia":[{"embeddable":true,"href":"https:\/\/vitalstoffversand.com\/it\/wp-json\/wp\/v2\/media\/52800"}],"wp:attachment":[{"href":"https:\/\/vitalstoffversand.com\/it\/wp-json\/wp\/v2\/media?parent=26233"}],"wp:term":[{"taxonomy":"product_brand","embeddable":true,"href":"https:\/\/vitalstoffversand.com\/it\/wp-json\/wp\/v2\/product_brand?post=26233"},{"taxonomy":"product_cat","embeddable":true,"href":"https:\/\/vitalstoffversand.com\/it\/wp-json\/wp\/v2\/product_cat?post=26233"},{"taxonomy":"product_tag","embeddable":true,"href":"https:\/\/vitalstoffversand.com\/it\/wp-json\/wp\/v2\/product_tag?post=26233"}],"curies":[{"name":"wp","href":"https:\/\/api.w.org\/{rel}","templated":true}]}}