{"id":26221,"date":"2024-11-11T13:55:47","date_gmt":"2024-11-11T12:55:47","guid":{"rendered":"https:\/\/vitalstoffversand.com\/produkt\/vit4ever-olio-di-alghe-vegano-omega-3-varie-quantita\/"},"modified":"2026-03-15T16:36:17","modified_gmt":"2026-03-15T15:36:17","slug":"vit4ever-olio-di-alghe-vegano-omega-3-varie-quantita","status":"publish","type":"product","link":"https:\/\/vitalstoffversand.com\/it\/prodotto\/vit4ever-olio-di-alghe-vegano-omega-3-varie-quantita\/","title":{"rendered":"Vit4ever <br>Olio di alghe vegano Omega 3 &#8211; 90 capsule"},"content":{"rendered":"<p>Per i vegetariani e i vegani non \u00e8 sempre facile assumere una quantit\u00e0 sufficiente di acidi grassi omega-3, poich\u00e9 questi si trovano principalmente nel pesce (grasso).<\/p>\n<p>Capsule di olio d&#8217;alga omega 3 da Schizochytrium sp. con 30% <a href=\"https:\/\/vitalstoffversand.com\/knowledge-base\/docosahexaensaeure-und-eicosapentaensaeure-dha-epa\/\" target=\"_blank\" rel=\"noopener\"><strong><span style=\"color: #0000ff;\">\u2192 DHA (acido docosaesaenoico)<\/span><\/strong><\/a> e 15% <a href=\"https:\/\/vitalstoffversand.com\/knowledge-base\/eicosapentaensaeure-und-docosahexaensaeure-epa-dha\/\" target=\"_blank\" rel=\"noopener\"><strong><span style=\"color: #0000ff;\">\u2192 EPA (acido eicosapentaenoico)<\/span><\/strong><\/a>. <\/p>\n<p>Le alghe rappresentano una soluzione ideale, in quanto sono 100% vegetariane e vegane.<\/p>\n<ul>\n<li>Vegano<\/li>\n<li>Senza glutine<\/li>\n<li>Senza lattosio<\/li>\n<li>Senza OGM<\/li>\n<li>Prodotto secondo rigorosi standard di qualit\u00e0 nell&#8217;UE<\/li>\n<\/ul>\n","protected":false},"excerpt":{"rendered":"<p>Per i vegetariani e i vegani non \u00e8 sempre facile assumere una quantit\u00e0 sufficiente di acidi grassi omega-3, poich\u00e9 questi si trovano principalmente nel pesce (grasso). Capsule di olio d&#8217;alga omega 3 da Schizochytrium sp. con 30% \u2192 DHA (acido docosaesaenoico) e 15% \u2192 EPA (acido eicosapentaenoico). Le alghe rappresentano una soluzione ideale, in quanto [&hellip;]<\/p>\n","protected":false},"featured_media":52504,"template":"","meta":{"_acf_changed":false},"product_brand":[10218],"product_cat":[336,364],"product_tag":[],"class_list":{"0":"post-26221","1":"product","2":"type-product","3":"status-publish","4":"has-post-thumbnail","6":"product_brand-vit4ever-it","7":"product_cat-acidi-grassi","8":"product_cat-prodotti-dalla-a-alla-z","10":"first","11":"instock","12":"taxable","13":"shipping-taxable","14":"purchasable","15":"product-type-simple"},"acf":[],"_links":{"self":[{"href":"https:\/\/vitalstoffversand.com\/it\/wp-json\/wp\/v2\/product\/26221","targetHints":{"allow":["GET"]}}],"collection":[{"href":"https:\/\/vitalstoffversand.com\/it\/wp-json\/wp\/v2\/product"}],"about":[{"href":"https:\/\/vitalstoffversand.com\/it\/wp-json\/wp\/v2\/types\/product"}],"wp:featuredmedia":[{"embeddable":true,"href":"https:\/\/vitalstoffversand.com\/it\/wp-json\/wp\/v2\/media\/52504"}],"wp:attachment":[{"href":"https:\/\/vitalstoffversand.com\/it\/wp-json\/wp\/v2\/media?parent=26221"}],"wp:term":[{"taxonomy":"product_brand","embeddable":true,"href":"https:\/\/vitalstoffversand.com\/it\/wp-json\/wp\/v2\/product_brand?post=26221"},{"taxonomy":"product_cat","embeddable":true,"href":"https:\/\/vitalstoffversand.com\/it\/wp-json\/wp\/v2\/product_cat?post=26221"},{"taxonomy":"product_tag","embeddable":true,"href":"https:\/\/vitalstoffversand.com\/it\/wp-json\/wp\/v2\/product_tag?post=26221"}],"curies":[{"name":"wp","href":"https:\/\/api.w.org\/{rel}","templated":true}]}}