{"id":26220,"date":"2024-11-11T13:47:32","date_gmt":"2024-11-11T12:47:32","guid":{"rendered":"https:\/\/vitalstoffversand.com\/produkt\/vit4ever-glicina-1100-g\/"},"modified":"2026-03-15T16:30:08","modified_gmt":"2026-03-15T15:30:08","slug":"vit4ever-glicina-1100-g","status":"publish","type":"product","link":"https:\/\/vitalstoffversand.com\/it\/prodotto\/vit4ever-glicina-1100-g\/","title":{"rendered":"Vit4ever <br>Glicina in polvere &#8211; 1000 g"},"content":{"rendered":"<p>La glicina \u00e8 un aminoacido non essenziale e proteinogenico, necessario all&#8217;organismo per la formazione, tra l&#8217;altro, di glutatione, colina, porfirine, purine, creatina, collagene ed emoglobina.<\/p>\n<p>Inoltre, la glicina \u00e8 l&#8217;aminoacido pi\u00f9 abbondante nel collagene.<\/p>\n<p>La polvere \u00e8 altamente solubile in acqua, ha un sapore leggermente dolce e, con 1,5 grammi al giorno, \u00e8 sufficiente per oltre 700 porzioni.<\/p>\n<ul>\n<li>Vegano<\/li>\n<li>Senza glutine<\/li>\n<li>Senza lattosio<\/li>\n<li>Senza OGM<\/li>\n<li>Prodotto secondo rigorosi standard di qualit\u00e0 nell&#8217;UE<\/li>\n<\/ul>\n","protected":false},"excerpt":{"rendered":"<p>La glicina \u00e8 un aminoacido non essenziale e proteinogenico, necessario all&#8217;organismo per la formazione, tra l&#8217;altro, di glutatione, colina, porfirine, purine, creatina, collagene ed emoglobina. Inoltre, la glicina \u00e8 l&#8217;aminoacido pi\u00f9 abbondante nel collagene. La polvere \u00e8 altamente solubile in acqua, ha un sapore leggermente dolce e, con 1,5 grammi al giorno, \u00e8 sufficiente per [&hellip;]<\/p>\n","protected":false},"featured_media":52472,"template":"","meta":{"_acf_changed":false},"product_brand":[10218],"product_cat":[333,364],"product_tag":[],"class_list":{"0":"post-26220","1":"product","2":"type-product","3":"status-publish","4":"has-post-thumbnail","6":"product_brand-vit4ever-it","7":"product_cat-aminoacidi","8":"product_cat-prodotti-dalla-a-alla-z","10":"first","11":"instock","12":"taxable","13":"shipping-taxable","14":"purchasable","15":"product-type-simple"},"acf":[],"_links":{"self":[{"href":"https:\/\/vitalstoffversand.com\/it\/wp-json\/wp\/v2\/product\/26220","targetHints":{"allow":["GET"]}}],"collection":[{"href":"https:\/\/vitalstoffversand.com\/it\/wp-json\/wp\/v2\/product"}],"about":[{"href":"https:\/\/vitalstoffversand.com\/it\/wp-json\/wp\/v2\/types\/product"}],"wp:featuredmedia":[{"embeddable":true,"href":"https:\/\/vitalstoffversand.com\/it\/wp-json\/wp\/v2\/media\/52472"}],"wp:attachment":[{"href":"https:\/\/vitalstoffversand.com\/it\/wp-json\/wp\/v2\/media?parent=26220"}],"wp:term":[{"taxonomy":"product_brand","embeddable":true,"href":"https:\/\/vitalstoffversand.com\/it\/wp-json\/wp\/v2\/product_brand?post=26220"},{"taxonomy":"product_cat","embeddable":true,"href":"https:\/\/vitalstoffversand.com\/it\/wp-json\/wp\/v2\/product_cat?post=26220"},{"taxonomy":"product_tag","embeddable":true,"href":"https:\/\/vitalstoffversand.com\/it\/wp-json\/wp\/v2\/product_tag?post=26220"}],"curies":[{"name":"wp","href":"https:\/\/api.w.org\/{rel}","templated":true}]}}