{"id":26216,"date":"2024-11-10T16:44:01","date_gmt":"2024-11-10T15:44:01","guid":{"rendered":"https:\/\/vitalstoffversand.com\/produkt\/vit4ever-msm-metilsulfonilmetano-1100-g\/"},"modified":"2026-03-14T19:08:16","modified_gmt":"2026-03-14T18:08:16","slug":"vit4ever-msm-metilsulfonilmetano-1100-g","status":"publish","type":"product","link":"https:\/\/vitalstoffversand.com\/it\/prodotto\/vit4ever-msm-metilsulfonilmetano-1100-g\/","title":{"rendered":"Vit4ever <br>MSM (metilsulfonilmetano) &#8211; 1000 g"},"content":{"rendered":"<p>MSM \u00e8 l&#8217;abbreviazione di metilsulfonilmetano ed \u00e8 un composto organico naturale dello zolfo.<\/p>\n<p>Nel corpo umano, questa sostanza \u00e8 vitale ed \u00e8 coinvolta in numerosi processi importanti, ma fortunatamente si trova in una variet\u00e0 di alimenti.<\/p>\n<p>Purtroppo, spesso viene notevolmente ridotta da un&#8217;ulteriore lavorazione, come il riscaldamento, che pu\u00f2 portare a una carenza.<\/p>\n<ul>\n<li>Vegano<\/li>\n<li>Senza glutine<\/li>\n<li>Senza lattosio<\/li>\n<li>Senza OGM<\/li>\n<li>Prodotto secondo rigorosi standard di qualit\u00e0 nell&#8217;UE<\/li>\n<\/ul>\n","protected":false},"excerpt":{"rendered":"<p>MSM \u00e8 l&#8217;abbreviazione di metilsulfonilmetano ed \u00e8 un composto organico naturale dello zolfo. Nel corpo umano, questa sostanza \u00e8 vitale ed \u00e8 coinvolta in numerosi processi importanti, ma fortunatamente si trova in una variet\u00e0 di alimenti. Purtroppo, spesso viene notevolmente ridotta da un&#8217;ulteriore lavorazione, come il riscaldamento, che pu\u00f2 portare a una carenza. Vegano Senza [&hellip;]<\/p>\n","protected":false},"featured_media":52360,"template":"","meta":{"_acf_changed":false},"product_brand":[10218],"product_cat":[349,364],"product_tag":[],"class_list":{"0":"post-26216","1":"product","2":"type-product","3":"status-publish","4":"has-post-thumbnail","6":"product_brand-vit4ever-it","7":"product_cat-nutrienti","8":"product_cat-prodotti-dalla-a-alla-z","10":"first","11":"instock","12":"taxable","13":"shipping-taxable","14":"purchasable","15":"product-type-simple"},"acf":[],"_links":{"self":[{"href":"https:\/\/vitalstoffversand.com\/it\/wp-json\/wp\/v2\/product\/26216","targetHints":{"allow":["GET"]}}],"collection":[{"href":"https:\/\/vitalstoffversand.com\/it\/wp-json\/wp\/v2\/product"}],"about":[{"href":"https:\/\/vitalstoffversand.com\/it\/wp-json\/wp\/v2\/types\/product"}],"wp:featuredmedia":[{"embeddable":true,"href":"https:\/\/vitalstoffversand.com\/it\/wp-json\/wp\/v2\/media\/52360"}],"wp:attachment":[{"href":"https:\/\/vitalstoffversand.com\/it\/wp-json\/wp\/v2\/media?parent=26216"}],"wp:term":[{"taxonomy":"product_brand","embeddable":true,"href":"https:\/\/vitalstoffversand.com\/it\/wp-json\/wp\/v2\/product_brand?post=26216"},{"taxonomy":"product_cat","embeddable":true,"href":"https:\/\/vitalstoffversand.com\/it\/wp-json\/wp\/v2\/product_cat?post=26216"},{"taxonomy":"product_tag","embeddable":true,"href":"https:\/\/vitalstoffversand.com\/it\/wp-json\/wp\/v2\/product_tag?post=26216"}],"curies":[{"name":"wp","href":"https:\/\/api.w.org\/{rel}","templated":true}]}}