{"id":26214,"date":"2024-11-10T16:41:31","date_gmt":"2024-11-10T15:41:31","guid":{"rendered":"https:\/\/vitalstoffversand.com\/produkt\/vit4ever-aglio-nero-180-capsule\/"},"modified":"2026-03-14T19:03:39","modified_gmt":"2026-03-14T18:03:39","slug":"vit4ever-aglio-nero-180-capsule","status":"publish","type":"product","link":"https:\/\/vitalstoffversand.com\/it\/prodotto\/vit4ever-aglio-nero-180-capsule\/","title":{"rendered":"Vit4ever <br>Aglio nero &#8211; 180 capsule"},"content":{"rendered":"<p>L&#8217;aglio nero non \u00e8 altro che aglio fermentato, che ha una consistenza molto morbida, un sapore dolce e non ha pi\u00f9 il tipico odore dell&#8217;aglio.<\/p>\n<p>Tuttavia, le propriet\u00e0 salutari dell&#8217;\u201caglio normale\u201d sono presenti anche nell&#8217;aglio nero.<\/p>\n<ul>\n<li>Vegano<\/li>\n<li>Senza glutine<\/li>\n<li>Senza lattosio<\/li>\n<li>Senza OGM<\/li>\n<li>Prodotto secondo rigorosi standard di qualit\u00e0 nell&#8217;UE<\/li>\n<\/ul>\n","protected":false},"excerpt":{"rendered":"<p>L&#8217;aglio nero non \u00e8 altro che aglio fermentato, che ha una consistenza molto morbida, un sapore dolce e non ha pi\u00f9 il tipico odore dell&#8217;aglio. Tuttavia, le propriet\u00e0 salutari dell&#8217;\u201caglio normale\u201d sono presenti anche nell&#8217;aglio nero. Vegano Senza glutine Senza lattosio Senza OGM Prodotto secondo rigorosi standard di qualit\u00e0 nell&#8217;UE<\/p>\n","protected":false},"featured_media":52279,"template":"","meta":{"_acf_changed":false},"product_brand":[10218],"product_cat":[349,364],"product_tag":[],"class_list":{"0":"post-26214","1":"product","2":"type-product","3":"status-publish","4":"has-post-thumbnail","6":"product_brand-vit4ever-it","7":"product_cat-nutrienti","8":"product_cat-prodotti-dalla-a-alla-z","10":"first","11":"outofstock","12":"taxable","13":"shipping-taxable","14":"purchasable","15":"product-type-simple"},"acf":[],"_links":{"self":[{"href":"https:\/\/vitalstoffversand.com\/it\/wp-json\/wp\/v2\/product\/26214","targetHints":{"allow":["GET"]}}],"collection":[{"href":"https:\/\/vitalstoffversand.com\/it\/wp-json\/wp\/v2\/product"}],"about":[{"href":"https:\/\/vitalstoffversand.com\/it\/wp-json\/wp\/v2\/types\/product"}],"wp:featuredmedia":[{"embeddable":true,"href":"https:\/\/vitalstoffversand.com\/it\/wp-json\/wp\/v2\/media\/52279"}],"wp:attachment":[{"href":"https:\/\/vitalstoffversand.com\/it\/wp-json\/wp\/v2\/media?parent=26214"}],"wp:term":[{"taxonomy":"product_brand","embeddable":true,"href":"https:\/\/vitalstoffversand.com\/it\/wp-json\/wp\/v2\/product_brand?post=26214"},{"taxonomy":"product_cat","embeddable":true,"href":"https:\/\/vitalstoffversand.com\/it\/wp-json\/wp\/v2\/product_cat?post=26214"},{"taxonomy":"product_tag","embeddable":true,"href":"https:\/\/vitalstoffversand.com\/it\/wp-json\/wp\/v2\/product_tag?post=26214"}],"curies":[{"name":"wp","href":"https:\/\/api.w.org\/{rel}","templated":true}]}}